{"id":14,"date":"2023-06-06T10:50:23","date_gmt":"2023-06-06T07:50:23","guid":{"rendered":"https:\/\/regizene.ro\/2023\/?page_id=14"},"modified":"2023-07-08T17:02:49","modified_gmt":"2023-07-08T14:02:49","slug":"tortenet","status":"publish","type":"page","link":"https:\/\/regizene.ro\/2023\/tortenet\/","title":{"rendered":"T\u00f6rt\u00e9net"},"content":{"rendered":"[vc_row type=&#8221;full_width_background&#8221; full_screen_row_position=&#8221;middle&#8221; column_margin=&#8221;default&#8221; column_direction=&#8221;default&#8221; column_direction_tablet=&#8221;default&#8221; column_direction_phone=&#8221;default&#8221; bg_image=&#8221;108&#8243; bg_position=&#8221;left top&#8221; background_image_loading=&#8221;default&#8221; bg_repeat=&#8221;no-repeat&#8221; scene_position=&#8221;center&#8221; bottom_padding=&#8221;5%&#8221; text_color=&#8221;dark&#8221; text_align=&#8221;left&#8221; row_border_radius=&#8221;none&#8221; row_border_radius_applies=&#8221;bg&#8221; overflow=&#8221;visible&#8221; overlay_strength=&#8221;0.3&#8243; gradient_direction=&#8221;left_to_right&#8221; shape_divider_position=&#8221;bottom&#8221; bg_image_animation=&#8221;none&#8221; gradient_type=&#8221;default&#8221; shape_type=&#8221;&#8221;][vc_column top_padding_desktop=&#8221;60px&#8221; bottom_padding_desktop=&#8221;60px&#8221; left_padding_desktop=&#8221;100px&#8221; right_padding_desktop=&#8221;100px&#8221; top_padding_tablet=&#8221;20&#8243; bottom_padding_tablet=&#8221;20&#8243; left_padding_tablet=&#8221;15&#8243; right_padding_tablet=&#8221;15&#8243; top_padding_phone=&#8221;20&#8243; bottom_padding_phone=&#8221;20&#8243; left_padding_phone=&#8221;15&#8243; right_padding_phone=&#8221;15&#8243; top_margin=&#8221;-200px&#8221; column_element_direction_desktop=&#8221;default&#8221; column_element_spacing=&#8221;default&#8221; desktop_text_alignment=&#8221;default&#8221; tablet_text_alignment=&#8221;default&#8221; phone_text_alignment=&#8221;default&#8221; background_color=&#8221;#ffffff&#8221; background_color_opacity=&#8221;1&#8243; background_hover_color_opacity=&#8221;1&#8243; column_backdrop_filter=&#8221;none&#8221; column_shadow=&#8221;custom&#8221; column_border_radius=&#8221;none&#8221; column_link_target=&#8221;_self&#8221; column_position=&#8221;default&#8221; gradient_direction=&#8221;left_to_right&#8221; overlay_strength=&#8221;0.3&#8243; width=&#8221;2\/3&#8243; tablet_width_inherit=&#8221;default&#8221; animation_type=&#8221;default&#8221; bg_image_animation=&#8221;none&#8221; border_type=&#8221;simple&#8221; column_border_width=&#8221;none&#8221; column_border_style=&#8221;solid&#8221; column_padding_type=&#8221;advanced&#8221; custom_box_shadow=&#8221;horizontal:0,vertical:0,blur:10,spread:0,opacity:0.15&#8243; gradient_type=&#8221;default&#8221;][vc_column_text]\n<h4>Az els\u0151 R\u00e9gizene Fesztiv\u00e1lt 1980-ban szervezt\u00e9k meg Cs\u00edkszered\u00e1ban, \u00edgy Rom\u00e1nia legnagyobb m\u00faltra visszatekint\u0151 fesztiv\u00e1lja.<\/h4>\n<p>Cs\u00edkszereda nem v\u00e9letlen\u00fcl karolta fel \u00e9vtizedekkel ezel\u0151tt a r\u00e9gizen\u00e9t, hiszen a XVII. sz\u00e1zadban olyan kult\u00farateremt\u0151, meghat\u00e1roz\u00f3 szem\u00e9lyis\u00e9g \u00e9lt \u00e9s tev\u00e9kenykedett a v\u00e1roshoz tartoz\u00f3 cs\u00edksomly\u00f3i szerzetesrendben, mint Joannes K\u00e1joni (1629\/30\u20131687).<\/p>\n<p>A r\u00e9gizen\u00e9t a mindenkori szervez\u0151k let\u0171nt korok \u2013 a k\u00f6z\u00e9pkor, a renesz\u00e1nsz \u00e9s a barokk kor \u2013 zenei alkot\u00e1saik\u00e9nt \u00e9rtelmezik, melyeket korabeli hangszereken vagy azok korh\u0171 m\u00e1solatain, korabeli el\u0151ad\u00f3i st\u00edlusban adnak el\u0151.<\/p>\n<p>A fesztiv\u00e1lt a diktat\u00fara idej\u00e9n, 1986\u201389 k\u00f6z\u00f6tt betiltott\u00e1k, a rendszerv\u00e1lt\u00e1s ut\u00e1n indulhatott \u00fajra a helyi \u00e9s megyei \u00f6nkorm\u00e1nyzat k\u00f6z\u00f6s szervez\u00e9s\u00e9vel.<\/p>\n<p>2005-t\u0151l az esem\u00e9ny f\u0151szervez\u0151je a Hargita Megyei Kultur\u00e1lis K\u00f6zpont, fenntart\u00f3 int\u00e9zm\u00e9nye pedig Hargita Megye Tan\u00e1csa \u00e9s Cs\u00edkszereda Polg\u00e1rmesteri Hivatala.<\/p>\n<p>Az elm\u00falt \u00e9vekben a fesztiv\u00e1lra sz\u00e1mos eur\u00f3pai orsz\u00e1gb\u00f3l \u00e9rkeztek el\u0151ad\u00f3k, k\u00f6z\u00f6tt\u00fck a r\u00e9gizenei szakma legkiemelked\u0151bb eur\u00f3pai mesterei.<\/p>\n<p>A fesztiv\u00e1l tov\u00e1bbk\u00e9pz\u00e9si lehet\u0151s\u00e9get is biztos\u00edt a zen\u00e9szek sz\u00e1m\u00e1ra: programj\u00e1ban 2008-t\u00f3l helyet kap a R\u00e9gizenei Ny\u00e1ri Egyetem hangszeres mesterkurzusokkal \u00e9s el\u0151ad\u00e1sokkal.<\/p>\n<p>2008-t\u00f3l a R\u00e9gizene Fesztiv\u00e1l tagja az Eur\u00f3pai R\u00e9gizene Fesztiv\u00e1lok H\u00e1l\u00f3zat\u00e1nak (REMA).<\/p>\n<p>A fesztiv\u00e1l saj\u00e1t produkci\u00f3ja a Barokk Fesztiv\u00e1lzenekar, amely az elm\u00falt \u00e9vekben a szakma \u00e9s a k\u00f6z\u00f6ns\u00e9g sz\u00e1m\u00e1ra is n\u00edv\u00f3s el\u0151ad\u00e1sokkal jelentkezik.<\/p>\n<p>A Cs\u00edkszeredai R\u00e9gizene Fesztiv\u00e1l a legjobb eur\u00f3pai fesztiv\u00e1lok EFFE-min\u0151s\u00edt\u00e9s\u00e9t is megszerezte. 2020-t\u00f3l tagja az Erd\u00e9lyi Fesztiv\u00e1lsz\u00f6vets\u00e9gnek.[\/vc_column_text][\/vc_column][vc_column column_padding=&#8221;no-extra-padding&#8221; column_padding_tablet=&#8221;inherit&#8221; column_padding_phone=&#8221;inherit&#8221; column_padding_position=&#8221;all&#8221; column_element_direction_desktop=&#8221;default&#8221; column_element_spacing=&#8221;default&#8221; desktop_text_alignment=&#8221;default&#8221; tablet_text_alignment=&#8221;default&#8221; phone_text_alignment=&#8221;default&#8221; background_color_opacity=&#8221;1&#8243; background_hover_color_opacity=&#8221;1&#8243; column_backdrop_filter=&#8221;none&#8221; column_shadow=&#8221;none&#8221; column_border_radius=&#8221;none&#8221; column_link_target=&#8221;_self&#8221; column_position=&#8221;default&#8221; gradient_direction=&#8221;left_to_right&#8221; overlay_strength=&#8221;0.3&#8243; width=&#8221;1\/3&#8243; tablet_width_inherit=&#8221;default&#8221; animation_type=&#8221;default&#8221; bg_image_animation=&#8221;none&#8221; border_type=&#8221;simple&#8221; column_border_width=&#8221;none&#8221; column_border_style=&#8221;solid&#8221;][\/vc_column][\/vc_row]\n","protected":false},"excerpt":{"rendered":"<p>[vc_row type=&#8221;full_width_background&#8221; full_screen_row_position=&#8221;middle&#8221; column_margin=&#8221;default&#8221; column_direction=&#8221;default&#8221; column_direction_tablet=&#8221;default&#8221; column_direction_phone=&#8221;default&#8221; bg_image=&#8221;108&#8243; bg_position=&#8221;left top&#8221; background_image_loading=&#8221;default&#8221; bg_repeat=&#8221;no-repeat&#8221; scene_position=&#8221;center&#8221; bottom_padding=&#8221;5%&#8221; text_color=&#8221;dark&#8221; text_align=&#8221;left&#8221; row_border_radius=&#8221;none&#8221; row_border_radius_applies=&#8221;bg&#8221; overflow=&#8221;visible&#8221; overlay_strength=&#8221;0.3&#8243; gradient_direction=&#8221;left_to_right&#8221; shape_divider_position=&#8221;bottom&#8221; bg_image_animation=&#8221;none&#8221; gradient_type=&#8221;default&#8221; shape_type=&#8221;&#8221;][vc_column top_padding_desktop=&#8221;60px&#8221; bottom_padding_desktop=&#8221;60px&#8221; left_padding_desktop=&#8221;100px&#8221; right_padding_desktop=&#8221;100px&#8221; top_padding_tablet=&#8221;20&#8243;&#8230;<\/p>\n","protected":false},"author":1,"featured_media":0,"parent":0,"menu_order":0,"comment_status":"closed","ping_status":"closed","template":"","meta":{"footnotes":""},"class_list":["post-14","page","type-page","status-publish"],"yoast_head":"<!-- This site is optimized with the Yoast SEO plugin v22.3 - https:\/\/yoast.com\/wordpress\/plugins\/seo\/ -->\n<title>T\u00f6rt\u00e9net - Regizene<\/title>\n<meta name=\"robots\" content=\"index, follow, max-snippet:-1, max-image-preview:large, max-video-preview:-1\" \/>\n<link rel=\"canonical\" href=\"https:\/\/regizene.ro\/2023\/tortenet\/\" \/>\n<meta property=\"og:locale\" content=\"hu_HU\" \/>\n<meta property=\"og:type\" content=\"article\" \/>\n<meta property=\"og:title\" content=\"T\u00f6rt\u00e9net - Regizene\" \/>\n<meta property=\"og:description\" content=\"[vc_row type=&#8221;full_width_background&#8221; full_screen_row_position=&#8221;middle&#8221; column_margin=&#8221;default&#8221; column_direction=&#8221;default&#8221; column_direction_tablet=&#8221;default&#8221; column_direction_phone=&#8221;default&#8221; bg_image=&#8221;108&#8243; bg_position=&#8221;left top&#8221; background_image_loading=&#8221;default&#8221; bg_repeat=&#8221;no-repeat&#8221; scene_position=&#8221;center&#8221; bottom_padding=&#8221;5%&#8221; text_color=&#8221;dark&#8221; text_align=&#8221;left&#8221; row_border_radius=&#8221;none&#8221; row_border_radius_applies=&#8221;bg&#8221; overflow=&#8221;visible&#8221; overlay_strength=&#8221;0.3&#8243; gradient_direction=&#8221;left_to_right&#8221; shape_divider_position=&#8221;bottom&#8221; bg_image_animation=&#8221;none&#8221; gradient_type=&#8221;default&#8221; shape_type=&#8221;&#8221;][vc_column top_padding_desktop=&#8221;60px&#8221; bottom_padding_desktop=&#8221;60px&#8221; left_padding_desktop=&#8221;100px&#8221; right_padding_desktop=&#8221;100px&#8221; top_padding_tablet=&#8221;20&#8243;...\" \/>\n<meta property=\"og:url\" content=\"https:\/\/regizene.ro\/2023\/tortenet\/\" \/>\n<meta property=\"og:site_name\" content=\"Regizene\" \/>\n<meta property=\"article:modified_time\" content=\"2023-07-08T14:02:49+00:00\" \/>\n<meta name=\"twitter:card\" content=\"summary_large_image\" \/>\n<meta name=\"twitter:label1\" content=\"Becs\u00fclt olvas\u00e1si id\u0151\" \/>\n\t<meta name=\"twitter:data1\" content=\"2 perc\" \/>\n<script type=\"application\/ld+json\" class=\"yoast-schema-graph\">{\"@context\":\"https:\/\/schema.org\",\"@graph\":[{\"@type\":\"WebPage\",\"@id\":\"https:\/\/regizene.ro\/2023\/tortenet\/\",\"url\":\"https:\/\/regizene.ro\/2023\/tortenet\/\",\"name\":\"T\u00f6rt\u00e9net - Regizene\",\"isPartOf\":{\"@id\":\"https:\/\/regizene.ro\/2023\/#website\"},\"datePublished\":\"2023-06-06T07:50:23+00:00\",\"dateModified\":\"2023-07-08T14:02:49+00:00\",\"inLanguage\":\"hu\",\"potentialAction\":[{\"@type\":\"ReadAction\",\"target\":[\"https:\/\/regizene.ro\/2023\/tortenet\/\"]}]},{\"@type\":\"WebSite\",\"@id\":\"https:\/\/regizene.ro\/2023\/#website\",\"url\":\"https:\/\/regizene.ro\/2023\/\",\"name\":\"Regizene\",\"description\":\"\",\"potentialAction\":[{\"@type\":\"SearchAction\",\"target\":{\"@type\":\"EntryPoint\",\"urlTemplate\":\"https:\/\/regizene.ro\/2023\/?s={search_term_string}\"},\"query-input\":\"required name=search_term_string\"}],\"inLanguage\":\"hu\"}]}<\/script>\n<!-- \/ Yoast SEO plugin. -->","yoast_head_json":{"title":"T\u00f6rt\u00e9net - Regizene","robots":{"index":"index","follow":"follow","max-snippet":"max-snippet:-1","max-image-preview":"max-image-preview:large","max-video-preview":"max-video-preview:-1"},"canonical":"https:\/\/regizene.ro\/2023\/tortenet\/","og_locale":"hu_HU","og_type":"article","og_title":"T\u00f6rt\u00e9net - Regizene","og_description":"[vc_row type=&#8221;full_width_background&#8221; full_screen_row_position=&#8221;middle&#8221; column_margin=&#8221;default&#8221; column_direction=&#8221;default&#8221; column_direction_tablet=&#8221;default&#8221; column_direction_phone=&#8221;default&#8221; bg_image=&#8221;108&#8243; bg_position=&#8221;left top&#8221; background_image_loading=&#8221;default&#8221; bg_repeat=&#8221;no-repeat&#8221; scene_position=&#8221;center&#8221; bottom_padding=&#8221;5%&#8221; text_color=&#8221;dark&#8221; text_align=&#8221;left&#8221; row_border_radius=&#8221;none&#8221; row_border_radius_applies=&#8221;bg&#8221; overflow=&#8221;visible&#8221; overlay_strength=&#8221;0.3&#8243; gradient_direction=&#8221;left_to_right&#8221; shape_divider_position=&#8221;bottom&#8221; bg_image_animation=&#8221;none&#8221; gradient_type=&#8221;default&#8221; shape_type=&#8221;&#8221;][vc_column top_padding_desktop=&#8221;60px&#8221; bottom_padding_desktop=&#8221;60px&#8221; left_padding_desktop=&#8221;100px&#8221; right_padding_desktop=&#8221;100px&#8221; top_padding_tablet=&#8221;20&#8243;...","og_url":"https:\/\/regizene.ro\/2023\/tortenet\/","og_site_name":"Regizene","article_modified_time":"2023-07-08T14:02:49+00:00","twitter_card":"summary_large_image","twitter_misc":{"Becs\u00fclt olvas\u00e1si id\u0151":"2 perc"},"schema":{"@context":"https:\/\/schema.org","@graph":[{"@type":"WebPage","@id":"https:\/\/regizene.ro\/2023\/tortenet\/","url":"https:\/\/regizene.ro\/2023\/tortenet\/","name":"T\u00f6rt\u00e9net - Regizene","isPartOf":{"@id":"https:\/\/regizene.ro\/2023\/#website"},"datePublished":"2023-06-06T07:50:23+00:00","dateModified":"2023-07-08T14:02:49+00:00","inLanguage":"hu","potentialAction":[{"@type":"ReadAction","target":["https:\/\/regizene.ro\/2023\/tortenet\/"]}]},{"@type":"WebSite","@id":"https:\/\/regizene.ro\/2023\/#website","url":"https:\/\/regizene.ro\/2023\/","name":"Regizene","description":"","potentialAction":[{"@type":"SearchAction","target":{"@type":"EntryPoint","urlTemplate":"https:\/\/regizene.ro\/2023\/?s={search_term_string}"},"query-input":"required name=search_term_string"}],"inLanguage":"hu"}]}},"_links":{"self":[{"href":"https:\/\/regizene.ro\/2023\/wp-json\/wp\/v2\/pages\/14","targetHints":{"allow":["GET"]}}],"collection":[{"href":"https:\/\/regizene.ro\/2023\/wp-json\/wp\/v2\/pages"}],"about":[{"href":"https:\/\/regizene.ro\/2023\/wp-json\/wp\/v2\/types\/page"}],"author":[{"embeddable":true,"href":"https:\/\/regizene.ro\/2023\/wp-json\/wp\/v2\/users\/1"}],"replies":[{"embeddable":true,"href":"https:\/\/regizene.ro\/2023\/wp-json\/wp\/v2\/comments?post=14"}],"version-history":[{"count":12,"href":"https:\/\/regizene.ro\/2023\/wp-json\/wp\/v2\/pages\/14\/revisions"}],"predecessor-version":[{"id":843,"href":"https:\/\/regizene.ro\/2023\/wp-json\/wp\/v2\/pages\/14\/revisions\/843"}],"wp:attachment":[{"href":"https:\/\/regizene.ro\/2023\/wp-json\/wp\/v2\/media?parent=14"}],"curies":[{"name":"wp","href":"https:\/\/api.w.org\/{rel}","templated":true}]}}