{"id":20,"date":"2023-06-06T10:56:49","date_gmt":"2023-06-06T07:56:49","guid":{"rendered":"https:\/\/regizene.ro\/2023\/?page_id=20"},"modified":"2023-08-21T12:27:41","modified_gmt":"2023-08-21T09:27:41","slug":"partnerek","status":"publish","type":"page","link":"https:\/\/regizene.ro\/2023\/partnerek\/","title":{"rendered":"Partnerek"},"content":{"rendered":"[vc_row type=&#8221;full_width_background&#8221; full_screen_row_position=&#8221;middle&#8221; column_margin=&#8221;default&#8221; column_direction=&#8221;default&#8221; column_direction_tablet=&#8221;default&#8221; column_direction_phone=&#8221;default&#8221; bg_color=&#8221;#fafafa&#8221; scene_position=&#8221;center&#8221; bottom_padding=&#8221;5%&#8221; text_color=&#8221;dark&#8221; text_align=&#8221;left&#8221; row_border_radius=&#8221;none&#8221; row_border_radius_applies=&#8221;bg&#8221; overflow=&#8221;visible&#8221; overlay_strength=&#8221;0.3&#8243; gradient_direction=&#8221;left_to_right&#8221; shape_divider_position=&#8221;bottom&#8221; bg_image_animation=&#8221;none&#8221; gradient_type=&#8221;default&#8221; shape_type=&#8221;&#8221;][vc_column top_padding_desktop=&#8221;60px&#8221; bottom_padding_desktop=&#8221;60px&#8221; left_padding_desktop=&#8221;100px&#8221; right_padding_desktop=&#8221;100px&#8221; top_padding_tablet=&#8221;20&#8243; bottom_padding_tablet=&#8221;20&#8243; left_padding_tablet=&#8221;15&#8243; right_padding_tablet=&#8221;15&#8243; top_padding_phone=&#8221;20&#8243; bottom_padding_phone=&#8221;20&#8243; left_padding_phone=&#8221;15&#8243; right_padding_phone=&#8221;15&#8243; top_margin=&#8221;-200px&#8221; column_element_direction_desktop=&#8221;default&#8221; column_element_spacing=&#8221;default&#8221; desktop_text_alignment=&#8221;default&#8221; tablet_text_alignment=&#8221;default&#8221; phone_text_alignment=&#8221;default&#8221; background_color=&#8221;#ffffff&#8221; background_color_opacity=&#8221;1&#8243; background_hover_color_opacity=&#8221;1&#8243; column_backdrop_filter=&#8221;none&#8221; column_shadow=&#8221;custom&#8221; column_border_radius=&#8221;none&#8221; column_link_target=&#8221;_self&#8221; column_position=&#8221;default&#8221; gradient_direction=&#8221;left_to_right&#8221; overlay_strength=&#8221;0.3&#8243; width=&#8221;2\/3&#8243; tablet_width_inherit=&#8221;default&#8221; animation_type=&#8221;default&#8221; bg_image_animation=&#8221;none&#8221; border_type=&#8221;simple&#8221; column_border_width=&#8221;none&#8221; column_border_style=&#8221;solid&#8221; column_padding_type=&#8221;advanced&#8221; custom_box_shadow=&#8221;horizontal:0,vertical:0,blur:10,spread:0,opacity:0.15&#8243; gradient_type=&#8221;default&#8221;][vc_column_text]<strong>Szervez\u0151k<\/strong><\/p>\n<p><img decoding=\"async\" class=\"alignnone wp-image-116 size-full\" src=\"https:\/\/regizene.ro\/2023\/wp-content\/uploads\/2023\/06\/logok.svg\" alt=\"\" \/><\/p>\n<p><strong>T\u00e1rsszervez\u0151<\/strong><\/p>\n<p><a href=\"https:\/\/szereda.ro\/\" target=\"_blank\" rel=\"noopener\"><img decoding=\"async\" class=\"alignleft wp-image-118 size-full\" src=\"https:\/\/regizene.ro\/2023\/wp-content\/uploads\/2023\/06\/Csikszereda_BW_logo-01-1.svg\" alt=\"\" \/><\/a><\/p>\n<p>&nbsp;<\/p>\n<p>&nbsp;<\/p>\n<p>T\u00c1MOGAT\u00d3K<br \/>\n<a href=\"https:\/\/csikszereda.mfa.gov.hu\/\" target=\"_blank\" rel=\"noopener\">Magyarorsz\u00e1g Cs\u00edkszeredai F\u0151konzul\u00e1tusa<\/a><br \/>\n<a href=\"https:\/\/www.heinekenclub.ro\/age-gate?uri=%2Fmusic%2Fvoteaza\" target=\"_blank\" rel=\"noopener\">Heineken Romania S.A.<\/a><br \/>\n<a href=\"https:\/\/molujeuropaalapitvany.hu\/\" target=\"_blank\" rel=\"noopener\">MOL-\u00daj Eur\u00f3pa Alap\u00edtv\u00e1ny &#8211;<\/a> <em>A rendezv\u00e9ny a MOL-\u00daj Eur\u00f3pa Alap\u00edtv\u00e1ny \u2013 Hat\u00e1rtalan ny\u00e1r 2023 programsorozat r\u00e9sze.<\/em><\/p>\n<p>TAGS\u00c1G<br \/>\n<a href=\"https:\/\/www.rema-eemn.net\/\" target=\"_blank\" rel=\"noopener\">REMA \u2013 European Early Music Network<\/a><\/p>\n<p>PARTNEREK<br \/>\n<a href=\"https:\/\/www.csikimuzeum.ro\/hu\" target=\"_blank\" rel=\"noopener\">Cs\u00edki Sz\u00e9kely M\u00fazeum<\/a><br \/>\n<a href=\"http:\/\/www.petofiiskola.ro\/\" target=\"_blank\" rel=\"noopener\">Pet\u0151fi S\u00e1ndor \u00c1ltal\u00e1nos Iskola<\/a><br \/>\n<a href=\"https:\/\/segitomaria.ro\/\" target=\"_blank\" rel=\"noopener\">Seg\u00edt\u0151 M\u00e1ria R\u00f3mai Katolikus Gimn\u00e1zium Koll\u00e9giuma<\/a><br \/>\n<a href=\"http:\/\/licartnagyistvan.ro\/\" target=\"_blank\" rel=\"noopener\">Nagy Istv\u00e1n M\u0171v\u00e9szeti K\u00f6z\u00e9piskola<\/a><br \/>\n<a href=\"https:\/\/szentagoston.ro\/\" target=\"_blank\" rel=\"noopener\">Szent \u00c1goston Pl\u00e9b\u00e1nia, Cs\u00edkszereda<\/a><br \/>\n<a href=\"https:\/\/csikszeredaszentkereszt.ro\/\" target=\"_blank\" rel=\"noopener\">Szent Kereszt F\u0151pl\u00e9b\u00e1nia, Cs\u00edkszereda<\/a><br \/>\n<a href=\"https:\/\/www.facebook.com\/aZengoTer\/\" target=\"_blank\" rel=\"noopener\">Zeng\u0151 T\u00e9r Kultur\u00e1liz K\u00f6zpont<\/a><br \/>\n<a href=\"https:\/\/www.facebook.com\/Csikimozi.reloaded\" target=\"_blank\" rel=\"noopener\">Cinema Cs\u00edki Mozi<\/a><br \/>\n<a href=\"https:\/\/szepviz.eu\/\" target=\"_blank\" rel=\"noopener\">Sz\u00e9pv\u00edzi Polg\u00e1rmesteri Hivatal<\/a><br \/>\n<a href=\"https:\/\/www.facebook.com\/KSzJPlebania\/\" target=\"_blank\" rel=\"noopener\">Keresztel\u0151 Szent J\u00e1nos-templom, Delne<\/a><br \/>\n<a href=\"https:\/\/www.facebook.com\/profile.php?id=100064573816737\" target=\"_blank\" rel=\"noopener\">Reform\u00e1tus-templom, Cs\u00edkszereda<\/a><br \/>\n<a href=\"https:\/\/www.facebook.com\/csiksomlyoiplebania\/\" target=\"_blank\" rel=\"noopener\">A Cs\u00edksomly\u00f3i Szent P\u00e9ter \u00e9s P\u00e1l Pl\u00e9b\u00e1niatemplom, Csobotfalva<\/a><br \/>\n<a href=\"http:\/\/veche.judetulharghita.ro\/hargita-megye\/hargita-megyei-szocialis-es-gyermekvedelmi-vezerigazgatosag.html\" target=\"_blank\" rel=\"noopener\">Hargita Megyei Szoci\u00e1lis \u00e9s Gyermekv\u00e9delmi Vez\u00e9rigazgat\u00f3s\u00e1g<\/a><br \/>\n<a href=\"https:\/\/amade.ro\/hu\/panzio\/\" target=\"_blank\" rel=\"noopener\">Amad\u00e9 Panzi\u00f3 &amp; \u00c9tterem, Mad\u00e9falva<\/a><br \/>\n<a href=\"https:\/\/anp.gov.ro\/penitenciarul-miercurea-ciuc\/\" target=\"_blank\" rel=\"noopener\">Cs\u00edkszeredai B\u00f6rt\u00f6n<\/a><br \/>\nFull Culture<br \/>\n<a href=\"https:\/\/www.csikijatekszin.ro\/\" target=\"_blank\" rel=\"noopener\">Cs\u00edki J\u00e1t\u00e9ksz\u00edn<\/a><br \/>\n<a href=\"https:\/\/www.facebook.com\/rubiq.socialclub\" target=\"_blank\" rel=\"noopener\">Rubiq | Social Club<\/a><br \/>\n<a href=\"https:\/\/harmopan.ro\/\" target=\"_blank\" rel=\"noopener\">Harmopan<\/a><br \/>\n<a href=\"https:\/\/www.georgius.ro\/\" target=\"_blank\" rel=\"noopener\">Georgius Egyes\u00fclet<\/a><br \/>\n<a href=\"https:\/\/csikorchestra.ro\/en\/home_en\/\" target=\"_blank\" rel=\"noopener\">Cs\u00edki Kamarazenekar<\/a><br \/>\n<a href=\"https:\/\/www.facebook.com\/gardenproiectsrl\" target=\"_blank\" rel=\"noopener\">Garden Proiect<\/a><br \/>\n<a href=\"https:\/\/earlymusic.ro\/\" target=\"_blank\" rel=\"noopener\">Bukaresti R\u00e9gizene Fesztiv\u00e1l<\/a><\/p>\n<p>M\u00c9DIAPARTNEREK<\/p>\n<p><a href=\"https:\/\/informatiahr.ro\/\" target=\"_blank\" rel=\"noopener\">Informatia Harghitei<\/a><br \/>\n<a href=\"https:\/\/hargitanepe.ro\/\" target=\"_blank\" rel=\"noopener\">Hargita N\u00e9pe<\/a><br \/>\n<a href=\"https:\/\/www.e-nepujsag.ro\/\" target=\"_blank\" rel=\"noopener\">N\u00e9p\u00fajs\u00e1g<\/a><br \/>\n<a href=\"https:\/\/www.3szek.ro\/load\/3szek\" target=\"_blank\" rel=\"noopener\">H\u00e1romsz\u00e9k<\/a><br \/>\nOrigo<br \/>\n<a href=\"https:\/\/muvelodes.net\/\" target=\"_blank\" rel=\"noopener\">M\u0171vel\u0151d\u00e9s<\/a><br \/>\n<a href=\"https:\/\/hetihirmondo.ro\/\" target=\"_blank\" rel=\"noopener\">Heti H\u00edrmond\u00f3<\/a><\/p>\n<p><a href=\"https:\/\/erdelyfm.ro\/\" target=\"_blank\" rel=\"noopener\">Erd\u00e9ly FM<\/a><br \/>\n<a href=\"https:\/\/agnusradio.ro\/\" target=\"_blank\" rel=\"noopener\">Agnus R\u00e1di\u00f3<\/a><br \/>\n<a href=\"https:\/\/www.voxfm.ro\/\" target=\"_blank\" rel=\"noopener\">Vox FM<\/a><br \/>\n<a href=\"https:\/\/www.marosvasarhelyiradio.ro\/\" target=\"_blank\" rel=\"noopener\">Marosv\u00e1s\u00e1rhelyi R\u00e1di\u00f3<\/a><br \/>\n<a href=\"https:\/\/regioradio.info\/\" target=\"_blank\" rel=\"noopener\">R\u00e9gi\u00f3 R\u00e1di\u00f3<\/a><br \/>\n<a href=\"https:\/\/www.facebook.com\/radioprofi\/\" target=\"_blank\" rel=\"noopener\">Profi R\u00e1di\u00f3<\/a><br \/>\n<a href=\"https:\/\/koronaradio.com\" target=\"_blank\" rel=\"noopener\">Korona R\u00e1di\u00f3<\/a><br \/>\n<a href=\"https:\/\/www.facebook.com\/profile.php?id=100080634682781\" target=\"_blank\" rel=\"noopener\">Hangf\u00fcgg\u0151Kert<\/a><br \/>\n<a href=\"https:\/\/www.bukarestiradio.ro\/\" target=\"_blank\" rel=\"noopener\">Bukaresti R\u00e1di\u00f3<\/a><br \/>\n<a href=\"https:\/\/slagerradio.ro\/\" target=\"_blank\" rel=\"noopener\">Sl\u00e1ger R\u00e1di\u00f3<\/a><br \/>\n<a href=\"https:\/\/szepvizfm.ro\/\" target=\"_blank\" rel=\"noopener\">Sz\u00e9pv\u00edz FM<\/a><br \/>\n<a href=\"https:\/\/www.romania-muzical.ro\/\" target=\"_blank\" rel=\"noopener\">Radio Romania Muzical<\/a><br \/>\n<a href=\"https:\/\/www.radiotrinitas.ro\/\" target=\"_blank\" rel=\"noopener\">Radio Trinitas<\/a><\/p>\n<p><a href=\"https:\/\/maszol.ro\/\" target=\"_blank\" rel=\"noopener\">Maszol.ro<\/a><br \/>\n<a href=\"http:\/\/kisujsag.ro\/\" target=\"_blank\" rel=\"noopener\">Gyergy\u00f3i Kis\u00fajs\u00e1g<\/a><br \/>\n<a href=\"https:\/\/www.facebook.com\/onlinecsikitv\" target=\"_blank\" rel=\"noopener\">Online Cs\u00edki TV<\/a><br \/>\n<a href=\"https:\/\/szeben.ro\/\" target=\"_blank\" rel=\"noopener\">H\u00cdD Szeben<\/a><br \/>\n<a href=\"https:\/\/ziarharghita.ro\/\" target=\"_blank\" rel=\"noopener\">Ziar Harghita<\/a><br \/>\n<a href=\"https:\/\/stiriletransilvaniei.ro\/\" target=\"_blank\" rel=\"noopener\">\u0218tirile Transilvaniei<\/a><br \/>\n<a href=\"https:\/\/revistacultura.ro\/\" target=\"_blank\" rel=\"noopener\">Revista Cultura<\/a><\/p>\n<p><a href=\"https:\/\/www.facebook.com\/erdelytv\/\" target=\"_blank\" rel=\"noopener\">Erd\u00e9ly TV<\/a><br \/>\n<a href=\"http:\/\/www.szekelytv.ro\/\" target=\"_blank\" rel=\"noopener\">Sz\u00e9kely TV<\/a><br \/>\n<a href=\"https:\/\/www.youtube.com\/user\/Brassaimagyaradas?app=desktop\" target=\"_blank\" rel=\"noopener\">Brassa\u00ef Magyar Ad\u00e1s<\/a><br \/>\n<a href=\"http:\/\/www.facebook.com\/a.magyar.adas\" target=\"_blank\" rel=\"noopener\">TVR Magyarad\u00e1s<\/a><br \/>\n<a href=\"https:\/\/gyergyotv.ro\/ro\" target=\"_blank\" rel=\"noopener\">Sz\u00e9kelyf\u00f6ld TV<\/a><br \/>\n<a href=\"https:\/\/www.facebook.com\/HargitaStudio\/?locale=hu_HU\" target=\"_blank\" rel=\"noopener\">Hargita St\u00fadi\u00f3<\/a><\/p>\n<p><a href=\"http:\/\/www.parlando.hu\/NEWPROBE\/PARLANDO.html\" target=\"_blank\" rel=\"noopener\">Parlando<\/a><br \/>\n<a href=\"https:\/\/romkat.ro\/\" target=\"_blank\" rel=\"noopener\">Romkat.ro<\/a><br \/>\n<a href=\"https:\/\/www.verbumkiado.ro\/\" target=\"_blank\" rel=\"noopener\">Kereszt\u00e9ny Sz\u00f3<\/a><br \/>\n<a href=\"https:\/\/www.verbumkiado.ro\/\" target=\"_blank\" rel=\"noopener\">Vas\u00e1rnap<\/a><br \/>\n<a href=\"https:\/\/www.verbumkiado.ro\/\" target=\"_blank\" rel=\"noopener\">Verbum<\/a><br \/>\n<a href=\"https:\/\/festivapp.eu\/\" target=\"_blank\" rel=\"noopener\">Festivapp<\/a>[\/vc_column_text][\/vc_column][vc_column column_padding=&#8221;no-extra-padding&#8221; column_padding_tablet=&#8221;inherit&#8221; column_padding_phone=&#8221;inherit&#8221; column_padding_position=&#8221;all&#8221; column_element_direction_desktop=&#8221;default&#8221; column_element_spacing=&#8221;default&#8221; desktop_text_alignment=&#8221;default&#8221; tablet_text_alignment=&#8221;default&#8221; phone_text_alignment=&#8221;default&#8221; background_color_opacity=&#8221;1&#8243; background_hover_color_opacity=&#8221;1&#8243; column_backdrop_filter=&#8221;none&#8221; column_shadow=&#8221;none&#8221; column_border_radius=&#8221;none&#8221; column_link_target=&#8221;_self&#8221; column_position=&#8221;default&#8221; gradient_direction=&#8221;left_to_right&#8221; overlay_strength=&#8221;0.3&#8243; width=&#8221;1\/3&#8243; tablet_width_inherit=&#8221;default&#8221; animation_type=&#8221;default&#8221; bg_image_animation=&#8221;none&#8221; border_type=&#8221;simple&#8221; column_border_width=&#8221;none&#8221; column_border_style=&#8221;solid&#8221;][\/vc_column][\/vc_row]\n","protected":false},"excerpt":{"rendered":"<p>[vc_row type=&#8221;full_width_background&#8221; full_screen_row_position=&#8221;middle&#8221; column_margin=&#8221;default&#8221; column_direction=&#8221;default&#8221; column_direction_tablet=&#8221;default&#8221; column_direction_phone=&#8221;default&#8221; bg_color=&#8221;#fafafa&#8221; scene_position=&#8221;center&#8221; bottom_padding=&#8221;5%&#8221; text_color=&#8221;dark&#8221; text_align=&#8221;left&#8221; row_border_radius=&#8221;none&#8221; row_border_radius_applies=&#8221;bg&#8221; overflow=&#8221;visible&#8221; overlay_strength=&#8221;0.3&#8243; gradient_direction=&#8221;left_to_right&#8221; shape_divider_position=&#8221;bottom&#8221; bg_image_animation=&#8221;none&#8221; gradient_type=&#8221;default&#8221; shape_type=&#8221;&#8221;][vc_column top_padding_desktop=&#8221;60px&#8221; bottom_padding_desktop=&#8221;60px&#8221; left_padding_desktop=&#8221;100px&#8221; right_padding_desktop=&#8221;100px&#8221; top_padding_tablet=&#8221;20&#8243; bottom_padding_tablet=&#8221;20&#8243; left_padding_tablet=&#8221;15&#8243; right_padding_tablet=&#8221;15&#8243; top_padding_phone=&#8221;20&#8243;&#8230;<\/p>\n","protected":false},"author":1,"featured_media":0,"parent":0,"menu_order":0,"comment_status":"closed","ping_status":"closed","template":"","meta":{"footnotes":""},"class_list":["post-20","page","type-page","status-publish"],"yoast_head":"<!-- This site is optimized with the Yoast SEO plugin v22.3 - https:\/\/yoast.com\/wordpress\/plugins\/seo\/ -->\n<title>Partnerek - Regizene<\/title>\n<meta name=\"robots\" content=\"index, follow, max-snippet:-1, max-image-preview:large, max-video-preview:-1\" \/>\n<link rel=\"canonical\" href=\"https:\/\/regizene.ro\/2023\/partnerek\/\" \/>\n<meta property=\"og:locale\" content=\"hu_HU\" \/>\n<meta property=\"og:type\" content=\"article\" \/>\n<meta property=\"og:title\" content=\"Partnerek - Regizene\" \/>\n<meta property=\"og:description\" content=\"[vc_row type=&#8221;full_width_background&#8221; full_screen_row_position=&#8221;middle&#8221; column_margin=&#8221;default&#8221; column_direction=&#8221;default&#8221; column_direction_tablet=&#8221;default&#8221; column_direction_phone=&#8221;default&#8221; bg_color=&#8221;#fafafa&#8221; scene_position=&#8221;center&#8221; bottom_padding=&#8221;5%&#8221; text_color=&#8221;dark&#8221; text_align=&#8221;left&#8221; row_border_radius=&#8221;none&#8221; row_border_radius_applies=&#8221;bg&#8221; overflow=&#8221;visible&#8221; overlay_strength=&#8221;0.3&#8243; gradient_direction=&#8221;left_to_right&#8221; shape_divider_position=&#8221;bottom&#8221; bg_image_animation=&#8221;none&#8221; gradient_type=&#8221;default&#8221; shape_type=&#8221;&#8221;][vc_column top_padding_desktop=&#8221;60px&#8221; bottom_padding_desktop=&#8221;60px&#8221; left_padding_desktop=&#8221;100px&#8221; right_padding_desktop=&#8221;100px&#8221; top_padding_tablet=&#8221;20&#8243; bottom_padding_tablet=&#8221;20&#8243; left_padding_tablet=&#8221;15&#8243; right_padding_tablet=&#8221;15&#8243; top_padding_phone=&#8221;20&#8243;...\" \/>\n<meta property=\"og:url\" content=\"https:\/\/regizene.ro\/2023\/partnerek\/\" \/>\n<meta property=\"og:site_name\" content=\"Regizene\" \/>\n<meta property=\"article:modified_time\" content=\"2023-08-21T09:27:41+00:00\" \/>\n<meta property=\"og:image\" content=\"https:\/\/regizene.ro\/2023\/wp-content\/uploads\/2023\/06\/logok.svg\" \/>\n<meta name=\"twitter:card\" content=\"summary_large_image\" \/>\n<meta name=\"twitter:label1\" content=\"Becs\u00fclt olvas\u00e1si id\u0151\" \/>\n\t<meta name=\"twitter:data1\" content=\"2 perc\" \/>\n<script type=\"application\/ld+json\" class=\"yoast-schema-graph\">{\"@context\":\"https:\/\/schema.org\",\"@graph\":[{\"@type\":\"WebPage\",\"@id\":\"https:\/\/regizene.ro\/2023\/partnerek\/\",\"url\":\"https:\/\/regizene.ro\/2023\/partnerek\/\",\"name\":\"Partnerek - Regizene\",\"isPartOf\":{\"@id\":\"https:\/\/regizene.ro\/2023\/#website\"},\"primaryImageOfPage\":{\"@id\":\"https:\/\/regizene.ro\/2023\/partnerek\/#primaryimage\"},\"image\":{\"@id\":\"https:\/\/regizene.ro\/2023\/partnerek\/#primaryimage\"},\"thumbnailUrl\":\"https:\/\/regizene.ro\/2023\/wp-content\/uploads\/2023\/06\/logok.svg\",\"datePublished\":\"2023-06-06T07:56:49+00:00\",\"dateModified\":\"2023-08-21T09:27:41+00:00\",\"inLanguage\":\"hu\",\"potentialAction\":[{\"@type\":\"ReadAction\",\"target\":[\"https:\/\/regizene.ro\/2023\/partnerek\/\"]}]},{\"@type\":\"ImageObject\",\"inLanguage\":\"hu\",\"@id\":\"https:\/\/regizene.ro\/2023\/partnerek\/#primaryimage\",\"url\":\"https:\/\/regizene.ro\/2023\/wp-content\/uploads\/2023\/06\/logok.svg\",\"contentUrl\":\"https:\/\/regizene.ro\/2023\/wp-content\/uploads\/2023\/06\/logok.svg\"},{\"@type\":\"WebSite\",\"@id\":\"https:\/\/regizene.ro\/2023\/#website\",\"url\":\"https:\/\/regizene.ro\/2023\/\",\"name\":\"Regizene\",\"description\":\"\",\"potentialAction\":[{\"@type\":\"SearchAction\",\"target\":{\"@type\":\"EntryPoint\",\"urlTemplate\":\"https:\/\/regizene.ro\/2023\/?s={search_term_string}\"},\"query-input\":\"required name=search_term_string\"}],\"inLanguage\":\"hu\"}]}<\/script>\n<!-- \/ Yoast SEO plugin. -->","yoast_head_json":{"title":"Partnerek - Regizene","robots":{"index":"index","follow":"follow","max-snippet":"max-snippet:-1","max-image-preview":"max-image-preview:large","max-video-preview":"max-video-preview:-1"},"canonical":"https:\/\/regizene.ro\/2023\/partnerek\/","og_locale":"hu_HU","og_type":"article","og_title":"Partnerek - Regizene","og_description":"[vc_row type=&#8221;full_width_background&#8221; full_screen_row_position=&#8221;middle&#8221; column_margin=&#8221;default&#8221; column_direction=&#8221;default&#8221; column_direction_tablet=&#8221;default&#8221; column_direction_phone=&#8221;default&#8221; bg_color=&#8221;#fafafa&#8221; scene_position=&#8221;center&#8221; bottom_padding=&#8221;5%&#8221; text_color=&#8221;dark&#8221; text_align=&#8221;left&#8221; row_border_radius=&#8221;none&#8221; row_border_radius_applies=&#8221;bg&#8221; overflow=&#8221;visible&#8221; overlay_strength=&#8221;0.3&#8243; gradient_direction=&#8221;left_to_right&#8221; shape_divider_position=&#8221;bottom&#8221; bg_image_animation=&#8221;none&#8221; gradient_type=&#8221;default&#8221; shape_type=&#8221;&#8221;][vc_column top_padding_desktop=&#8221;60px&#8221; bottom_padding_desktop=&#8221;60px&#8221; left_padding_desktop=&#8221;100px&#8221; right_padding_desktop=&#8221;100px&#8221; top_padding_tablet=&#8221;20&#8243; bottom_padding_tablet=&#8221;20&#8243; left_padding_tablet=&#8221;15&#8243; right_padding_tablet=&#8221;15&#8243; top_padding_phone=&#8221;20&#8243;...","og_url":"https:\/\/regizene.ro\/2023\/partnerek\/","og_site_name":"Regizene","article_modified_time":"2023-08-21T09:27:41+00:00","og_image":[{"url":"https:\/\/regizene.ro\/2023\/wp-content\/uploads\/2023\/06\/logok.svg"}],"twitter_card":"summary_large_image","twitter_misc":{"Becs\u00fclt olvas\u00e1si id\u0151":"2 perc"},"schema":{"@context":"https:\/\/schema.org","@graph":[{"@type":"WebPage","@id":"https:\/\/regizene.ro\/2023\/partnerek\/","url":"https:\/\/regizene.ro\/2023\/partnerek\/","name":"Partnerek - Regizene","isPartOf":{"@id":"https:\/\/regizene.ro\/2023\/#website"},"primaryImageOfPage":{"@id":"https:\/\/regizene.ro\/2023\/partnerek\/#primaryimage"},"image":{"@id":"https:\/\/regizene.ro\/2023\/partnerek\/#primaryimage"},"thumbnailUrl":"https:\/\/regizene.ro\/2023\/wp-content\/uploads\/2023\/06\/logok.svg","datePublished":"2023-06-06T07:56:49+00:00","dateModified":"2023-08-21T09:27:41+00:00","inLanguage":"hu","potentialAction":[{"@type":"ReadAction","target":["https:\/\/regizene.ro\/2023\/partnerek\/"]}]},{"@type":"ImageObject","inLanguage":"hu","@id":"https:\/\/regizene.ro\/2023\/partnerek\/#primaryimage","url":"https:\/\/regizene.ro\/2023\/wp-content\/uploads\/2023\/06\/logok.svg","contentUrl":"https:\/\/regizene.ro\/2023\/wp-content\/uploads\/2023\/06\/logok.svg"},{"@type":"WebSite","@id":"https:\/\/regizene.ro\/2023\/#website","url":"https:\/\/regizene.ro\/2023\/","name":"Regizene","description":"","potentialAction":[{"@type":"SearchAction","target":{"@type":"EntryPoint","urlTemplate":"https:\/\/regizene.ro\/2023\/?s={search_term_string}"},"query-input":"required name=search_term_string"}],"inLanguage":"hu"}]}},"_links":{"self":[{"href":"https:\/\/regizene.ro\/2023\/wp-json\/wp\/v2\/pages\/20","targetHints":{"allow":["GET"]}}],"collection":[{"href":"https:\/\/regizene.ro\/2023\/wp-json\/wp\/v2\/pages"}],"about":[{"href":"https:\/\/regizene.ro\/2023\/wp-json\/wp\/v2\/types\/page"}],"author":[{"embeddable":true,"href":"https:\/\/regizene.ro\/2023\/wp-json\/wp\/v2\/users\/1"}],"replies":[{"embeddable":true,"href":"https:\/\/regizene.ro\/2023\/wp-json\/wp\/v2\/comments?post=20"}],"version-history":[{"count":25,"href":"https:\/\/regizene.ro\/2023\/wp-json\/wp\/v2\/pages\/20\/revisions"}],"predecessor-version":[{"id":900,"href":"https:\/\/regizene.ro\/2023\/wp-json\/wp\/v2\/pages\/20\/revisions\/900"}],"wp:attachment":[{"href":"https:\/\/regizene.ro\/2023\/wp-json\/wp\/v2\/media?parent=20"}],"curies":[{"name":"wp","href":"https:\/\/api.w.org\/{rel}","templated":true}]}}