{"id":259,"date":"2023-06-30T07:49:06","date_gmt":"2023-06-30T04:49:06","guid":{"rendered":"https:\/\/regizene.ro\/2023\/?page_id=259"},"modified":"2023-07-08T17:05:20","modified_gmt":"2023-07-08T14:05:20","slug":"istoria","status":"publish","type":"page","link":"https:\/\/regizene.ro\/2023\/language\/ro\/istoria\/","title":{"rendered":"Istoria"},"content":{"rendered":"[vc_row type=&#8221;full_width_background&#8221; full_screen_row_position=&#8221;middle&#8221; column_margin=&#8221;default&#8221; column_direction=&#8221;default&#8221; column_direction_tablet=&#8221;default&#8221; column_direction_phone=&#8221;default&#8221; bg_image=&#8221;108&#8243; bg_position=&#8221;left top&#8221; background_image_loading=&#8221;default&#8221; bg_repeat=&#8221;no-repeat&#8221; scene_position=&#8221;center&#8221; bottom_padding=&#8221;5%&#8221; text_color=&#8221;dark&#8221; text_align=&#8221;left&#8221; row_border_radius=&#8221;none&#8221; row_border_radius_applies=&#8221;bg&#8221; overflow=&#8221;visible&#8221; overlay_strength=&#8221;0.3&#8243; gradient_direction=&#8221;left_to_right&#8221; shape_divider_position=&#8221;bottom&#8221; bg_image_animation=&#8221;none&#8221; gradient_type=&#8221;default&#8221; shape_type=&#8221;&#8221;][vc_column top_padding_desktop=&#8221;60px&#8221; bottom_padding_desktop=&#8221;60px&#8221; left_padding_desktop=&#8221;100px&#8221; right_padding_desktop=&#8221;100px&#8221; top_padding_tablet=&#8221;20&#8243; bottom_padding_tablet=&#8221;20&#8243; left_padding_tablet=&#8221;15&#8243; right_padding_tablet=&#8221;15&#8243; top_padding_phone=&#8221;20&#8243; bottom_padding_phone=&#8221;20&#8243; left_padding_phone=&#8221;15&#8243; right_padding_phone=&#8221;15&#8243; top_margin=&#8221;-200px&#8221; column_element_direction_desktop=&#8221;default&#8221; column_element_spacing=&#8221;default&#8221; desktop_text_alignment=&#8221;default&#8221; tablet_text_alignment=&#8221;default&#8221; phone_text_alignment=&#8221;default&#8221; background_color=&#8221;#ffffff&#8221; background_color_opacity=&#8221;1&#8243; background_hover_color_opacity=&#8221;1&#8243; column_backdrop_filter=&#8221;none&#8221; column_shadow=&#8221;custom&#8221; column_border_radius=&#8221;none&#8221; column_link_target=&#8221;_self&#8221; column_position=&#8221;default&#8221; gradient_direction=&#8221;left_to_right&#8221; overlay_strength=&#8221;0.3&#8243; width=&#8221;2\/3&#8243; tablet_width_inherit=&#8221;default&#8221; animation_type=&#8221;default&#8221; bg_image_animation=&#8221;none&#8221; border_type=&#8221;simple&#8221; column_border_width=&#8221;none&#8221; column_border_style=&#8221;solid&#8221; column_padding_type=&#8221;advanced&#8221; custom_box_shadow=&#8221;horizontal:0,vertical:0,blur:10,spread:0,opacity:0.15&#8243; gradient_type=&#8221;default&#8221;][vc_column_text]Primul <strong>Festival de Muzic\u0103 Veche Miercurea Ciuc<\/strong> a fost organizat la Miercurea Ciuc \u00een 1980, \u00een prezent fiind festivalul cu cea mai lung\u0103 istorie din Rom\u00e2nia.<\/p>\n<p>Miercurea Ciuc a devenit locul promov\u0103rii muzicii vechi din motive speciale: este cunoscut faptul c\u0103 \u00een secolul al XVII-lea Joannes Caioni (1629-1687), savant \u0219i creator de cultur\u0103, a tr\u0103it \u0219i a lucrat la m\u0103n\u0103stirea din \u0218umuleu Ciuc, care acum face parte din ora\u0219ul nostru.<\/p>\n<p>Muzica veche a fost definit\u0103 de organizatorii festivalului ca fiind totalitatea crea\u021biilor muzicale din epocile trecute \u2013 Evul Mediu, Rena\u0219terea \u0219i Barocul \u2013, interpretate pe instrumente originale sau pe replici fidele ale unor astfel de instrumente, a\u0219a cum erau interpretate la epoca respectiv\u0103.<\/p>\n<p>Festivalul a fost interzis \u00een timpul dictaturii (\u00eentre 1986 \u0219i 1989) \u0219i a putut fi reluat abia dup\u0103 schimbarea regimului. Timp de peste un deceniu, a fost organizat \u00een comun de c\u0103tre consiliul local \u0219i cel jude\u021bean.<\/p>\n<p>Din 2005, organizatorul festivalului este <a href=\"http:\/\/www.ccenter.ro\"><strong>Centrul Cultural Jude\u021bean Harghita<\/strong><\/a> \u0219i <a href=\"http:\/\/www.szereda.ro\"><strong>Prim\u0103ria Miercurea Ciuc<\/strong><\/a>. \u00cen ultimii ani, la festival au c\u00e2ntat interpre\u021bi din multe \u021b\u0103ri europene, inclusiv cei mai de seam\u0103 mae\u0219tri ai muzicii vechi.<\/p>\n<p>Festivalul ofer\u0103 muzicienilor, de asemenea, posibilitatea de a participa la diferite cursuri profesionale: din 2008, <a href=\"https:\/\/www.facebook.com\/RegizeneiNyariEgyetem.UnivdeVaradeMuzicaVeche\/\"><strong>Universitatea de Var\u0103 de Muzic\u0103 Veche<\/strong><\/a> ofer\u0103 anual cursuri de instrumente \u0219i prezent\u0103ri. \u00cen 2008, Festivalul de Muzic\u0103 Veche din Miercurea Ciuc a devenit membru al <a href=\"https:\/\/www.rema-eemn.net\/?fbclid=IwAR03ob-1roovJxjof2N-_kY6NGpHyXOiT4XgxOEJYuwjg9YDLr64z4TRGyY\"><strong>Re\u021belei Europene de Muzic\u0103 Veche (REMA).<\/strong><\/a><\/p>\n<p>Orchestra Baroc\u0103, produc\u021bie proprie a festivalului, a prezentat \u00een ultimii ani concerte mult apreciate at\u00e2t de profesioni\u0219ti, c\u00e2t \u0219i de public.<\/p>\n<p>Festivalul de Muzic\u0103 Veche Miercurea Ciuc a primit <a href=\"https:\/\/www.festivalfinder.eu\/effe-label?fbclid=IwAR3vk0sntygyK_KG0Me9bhAF9hor9zhBU9iWjg7752l3dWutGlEdyaGMZOg\"><strong>Eticheta EFFE<\/strong><\/a>, marca de calitate a festivalurilor artistice excep\u021bionale din Europa, \u0219i, \u00eencep\u00e2nd din 2020, este membru al Asociatei Maghiare pentru Festivaluri din Transilvania.[\/vc_column_text][\/vc_column][vc_column column_padding=&#8221;no-extra-padding&#8221; column_padding_tablet=&#8221;inherit&#8221; column_padding_phone=&#8221;inherit&#8221; column_padding_position=&#8221;all&#8221; column_element_direction_desktop=&#8221;default&#8221; column_element_spacing=&#8221;default&#8221; desktop_text_alignment=&#8221;default&#8221; tablet_text_alignment=&#8221;default&#8221; phone_text_alignment=&#8221;default&#8221; background_color_opacity=&#8221;1&#8243; background_hover_color_opacity=&#8221;1&#8243; column_backdrop_filter=&#8221;none&#8221; column_shadow=&#8221;none&#8221; column_border_radius=&#8221;none&#8221; column_link_target=&#8221;_self&#8221; column_position=&#8221;default&#8221; gradient_direction=&#8221;left_to_right&#8221; overlay_strength=&#8221;0.3&#8243; width=&#8221;1\/3&#8243; tablet_width_inherit=&#8221;default&#8221; animation_type=&#8221;default&#8221; bg_image_animation=&#8221;none&#8221; border_type=&#8221;simple&#8221; column_border_width=&#8221;none&#8221; column_border_style=&#8221;solid&#8221;][\/vc_column][\/vc_row]\n","protected":false},"excerpt":{"rendered":"<p>[vc_row type=&#8221;full_width_background&#8221; full_screen_row_position=&#8221;middle&#8221; column_margin=&#8221;default&#8221; column_direction=&#8221;default&#8221; column_direction_tablet=&#8221;default&#8221; column_direction_phone=&#8221;default&#8221; bg_image=&#8221;108&#8243; bg_position=&#8221;left top&#8221; background_image_loading=&#8221;default&#8221; bg_repeat=&#8221;no-repeat&#8221; scene_position=&#8221;center&#8221; bottom_padding=&#8221;5%&#8221; text_color=&#8221;dark&#8221; text_align=&#8221;left&#8221; row_border_radius=&#8221;none&#8221; row_border_radius_applies=&#8221;bg&#8221; overflow=&#8221;visible&#8221; overlay_strength=&#8221;0.3&#8243; gradient_direction=&#8221;left_to_right&#8221; shape_divider_position=&#8221;bottom&#8221; bg_image_animation=&#8221;none&#8221; gradient_type=&#8221;default&#8221; shape_type=&#8221;&#8221;][vc_column top_padding_desktop=&#8221;60px&#8221; bottom_padding_desktop=&#8221;60px&#8221; left_padding_desktop=&#8221;100px&#8221; right_padding_desktop=&#8221;100px&#8221; top_padding_tablet=&#8221;20&#8243;&#8230;<\/p>\n","protected":false},"author":1,"featured_media":0,"parent":0,"menu_order":0,"comment_status":"closed","ping_status":"closed","template":"","meta":{"footnotes":""},"class_list":["post-259","page","type-page","status-publish"],"yoast_head":"<!-- This site is optimized with the Yoast SEO plugin v22.3 - https:\/\/yoast.com\/wordpress\/plugins\/seo\/ -->\n<title>Istoria - Regizene<\/title>\n<meta name=\"robots\" content=\"index, follow, max-snippet:-1, max-image-preview:large, max-video-preview:-1\" \/>\n<link rel=\"canonical\" href=\"https:\/\/regizene.ro\/2023\/language\/ro\/istoria\/\" \/>\n<meta property=\"og:locale\" content=\"hu_HU\" \/>\n<meta property=\"og:type\" content=\"article\" \/>\n<meta property=\"og:title\" content=\"Istoria - Regizene\" \/>\n<meta property=\"og:description\" content=\"[vc_row type=&#8221;full_width_background&#8221; full_screen_row_position=&#8221;middle&#8221; column_margin=&#8221;default&#8221; column_direction=&#8221;default&#8221; column_direction_tablet=&#8221;default&#8221; column_direction_phone=&#8221;default&#8221; bg_image=&#8221;108&#8243; bg_position=&#8221;left top&#8221; background_image_loading=&#8221;default&#8221; bg_repeat=&#8221;no-repeat&#8221; scene_position=&#8221;center&#8221; bottom_padding=&#8221;5%&#8221; text_color=&#8221;dark&#8221; text_align=&#8221;left&#8221; row_border_radius=&#8221;none&#8221; row_border_radius_applies=&#8221;bg&#8221; overflow=&#8221;visible&#8221; overlay_strength=&#8221;0.3&#8243; gradient_direction=&#8221;left_to_right&#8221; shape_divider_position=&#8221;bottom&#8221; bg_image_animation=&#8221;none&#8221; gradient_type=&#8221;default&#8221; shape_type=&#8221;&#8221;][vc_column top_padding_desktop=&#8221;60px&#8221; bottom_padding_desktop=&#8221;60px&#8221; left_padding_desktop=&#8221;100px&#8221; right_padding_desktop=&#8221;100px&#8221; top_padding_tablet=&#8221;20&#8243;...\" \/>\n<meta property=\"og:url\" content=\"https:\/\/regizene.ro\/2023\/language\/ro\/istoria\/\" \/>\n<meta property=\"og:site_name\" content=\"Regizene\" \/>\n<meta property=\"article:modified_time\" content=\"2023-07-08T14:05:20+00:00\" \/>\n<meta name=\"twitter:card\" content=\"summary_large_image\" \/>\n<meta name=\"twitter:label1\" content=\"Becs\u00fclt olvas\u00e1si id\u0151\" \/>\n\t<meta name=\"twitter:data1\" content=\"3 perc\" \/>\n<script type=\"application\/ld+json\" class=\"yoast-schema-graph\">{\"@context\":\"https:\/\/schema.org\",\"@graph\":[{\"@type\":\"WebPage\",\"@id\":\"https:\/\/regizene.ro\/2023\/language\/ro\/istoria\/\",\"url\":\"https:\/\/regizene.ro\/2023\/language\/ro\/istoria\/\",\"name\":\"Istoria - Regizene\",\"isPartOf\":{\"@id\":\"https:\/\/regizene.ro\/2023\/#website\"},\"datePublished\":\"2023-06-30T04:49:06+00:00\",\"dateModified\":\"2023-07-08T14:05:20+00:00\",\"inLanguage\":\"hu\",\"potentialAction\":[{\"@type\":\"ReadAction\",\"target\":[\"https:\/\/regizene.ro\/2023\/language\/ro\/istoria\/\"]}]},{\"@type\":\"WebSite\",\"@id\":\"https:\/\/regizene.ro\/2023\/#website\",\"url\":\"https:\/\/regizene.ro\/2023\/\",\"name\":\"Regizene\",\"description\":\"\",\"potentialAction\":[{\"@type\":\"SearchAction\",\"target\":{\"@type\":\"EntryPoint\",\"urlTemplate\":\"https:\/\/regizene.ro\/2023\/?s={search_term_string}\"},\"query-input\":\"required name=search_term_string\"}],\"inLanguage\":\"hu\"}]}<\/script>\n<!-- \/ Yoast SEO plugin. -->","yoast_head_json":{"title":"Istoria - Regizene","robots":{"index":"index","follow":"follow","max-snippet":"max-snippet:-1","max-image-preview":"max-image-preview:large","max-video-preview":"max-video-preview:-1"},"canonical":"https:\/\/regizene.ro\/2023\/language\/ro\/istoria\/","og_locale":"hu_HU","og_type":"article","og_title":"Istoria - Regizene","og_description":"[vc_row type=&#8221;full_width_background&#8221; full_screen_row_position=&#8221;middle&#8221; column_margin=&#8221;default&#8221; column_direction=&#8221;default&#8221; column_direction_tablet=&#8221;default&#8221; column_direction_phone=&#8221;default&#8221; bg_image=&#8221;108&#8243; bg_position=&#8221;left top&#8221; background_image_loading=&#8221;default&#8221; bg_repeat=&#8221;no-repeat&#8221; scene_position=&#8221;center&#8221; bottom_padding=&#8221;5%&#8221; text_color=&#8221;dark&#8221; text_align=&#8221;left&#8221; row_border_radius=&#8221;none&#8221; row_border_radius_applies=&#8221;bg&#8221; overflow=&#8221;visible&#8221; overlay_strength=&#8221;0.3&#8243; gradient_direction=&#8221;left_to_right&#8221; shape_divider_position=&#8221;bottom&#8221; bg_image_animation=&#8221;none&#8221; gradient_type=&#8221;default&#8221; shape_type=&#8221;&#8221;][vc_column top_padding_desktop=&#8221;60px&#8221; bottom_padding_desktop=&#8221;60px&#8221; left_padding_desktop=&#8221;100px&#8221; right_padding_desktop=&#8221;100px&#8221; top_padding_tablet=&#8221;20&#8243;...","og_url":"https:\/\/regizene.ro\/2023\/language\/ro\/istoria\/","og_site_name":"Regizene","article_modified_time":"2023-07-08T14:05:20+00:00","twitter_card":"summary_large_image","twitter_misc":{"Becs\u00fclt olvas\u00e1si id\u0151":"3 perc"},"schema":{"@context":"https:\/\/schema.org","@graph":[{"@type":"WebPage","@id":"https:\/\/regizene.ro\/2023\/language\/ro\/istoria\/","url":"https:\/\/regizene.ro\/2023\/language\/ro\/istoria\/","name":"Istoria - Regizene","isPartOf":{"@id":"https:\/\/regizene.ro\/2023\/#website"},"datePublished":"2023-06-30T04:49:06+00:00","dateModified":"2023-07-08T14:05:20+00:00","inLanguage":"hu","potentialAction":[{"@type":"ReadAction","target":["https:\/\/regizene.ro\/2023\/language\/ro\/istoria\/"]}]},{"@type":"WebSite","@id":"https:\/\/regizene.ro\/2023\/#website","url":"https:\/\/regizene.ro\/2023\/","name":"Regizene","description":"","potentialAction":[{"@type":"SearchAction","target":{"@type":"EntryPoint","urlTemplate":"https:\/\/regizene.ro\/2023\/?s={search_term_string}"},"query-input":"required name=search_term_string"}],"inLanguage":"hu"}]}},"_links":{"self":[{"href":"https:\/\/regizene.ro\/2023\/wp-json\/wp\/v2\/pages\/259","targetHints":{"allow":["GET"]}}],"collection":[{"href":"https:\/\/regizene.ro\/2023\/wp-json\/wp\/v2\/pages"}],"about":[{"href":"https:\/\/regizene.ro\/2023\/wp-json\/wp\/v2\/types\/page"}],"author":[{"embeddable":true,"href":"https:\/\/regizene.ro\/2023\/wp-json\/wp\/v2\/users\/1"}],"replies":[{"embeddable":true,"href":"https:\/\/regizene.ro\/2023\/wp-json\/wp\/v2\/comments?post=259"}],"version-history":[{"count":4,"href":"https:\/\/regizene.ro\/2023\/wp-json\/wp\/v2\/pages\/259\/revisions"}],"predecessor-version":[{"id":841,"href":"https:\/\/regizene.ro\/2023\/wp-json\/wp\/v2\/pages\/259\/revisions\/841"}],"wp:attachment":[{"href":"https:\/\/regizene.ro\/2023\/wp-json\/wp\/v2\/media?parent=259"}],"curies":[{"name":"wp","href":"https:\/\/api.w.org\/{rel}","templated":true}]}}