{"id":644,"date":"2023-07-05T12:04:42","date_gmt":"2023-07-05T09:04:42","guid":{"rendered":"https:\/\/regizene.ro\/2023\/?page_id=644"},"modified":"2023-07-06T14:20:12","modified_gmt":"2023-07-06T11:20:12","slug":"jegyek","status":"publish","type":"page","link":"https:\/\/regizene.ro\/2023\/jegyek\/","title":{"rendered":"Jegyek"},"content":{"rendered":"[vc_row type=&#8221;full_width_background&#8221; full_screen_row_position=&#8221;middle&#8221; column_margin=&#8221;default&#8221; column_direction=&#8221;default&#8221; column_direction_tablet=&#8221;default&#8221; column_direction_phone=&#8221;default&#8221; bg_color=&#8221;#fafafa&#8221; scene_position=&#8221;center&#8221; top_padding=&#8221;5%&#8221; bottom_padding=&#8221;5%&#8221; text_color=&#8221;dark&#8221; text_align=&#8221;left&#8221; row_border_radius=&#8221;none&#8221; row_border_radius_applies=&#8221;bg&#8221; overflow=&#8221;visible&#8221; overlay_strength=&#8221;0.3&#8243; gradient_direction=&#8221;left_to_right&#8221; shape_divider_position=&#8221;bottom&#8221; bg_image_animation=&#8221;none&#8221; gradient_type=&#8221;default&#8221; shape_type=&#8221;&#8221;][vc_column top_padding_desktop=&#8221;60px&#8221; bottom_padding_desktop=&#8221;60px&#8221; left_padding_desktop=&#8221;100px&#8221; right_padding_desktop=&#8221;100px&#8221; top_margin=&#8221;-200px&#8221; column_element_direction_desktop=&#8221;default&#8221; column_element_spacing=&#8221;default&#8221; desktop_text_alignment=&#8221;default&#8221; tablet_text_alignment=&#8221;default&#8221; phone_text_alignment=&#8221;default&#8221; background_color=&#8221;#ffffff&#8221; background_color_opacity=&#8221;1&#8243; background_hover_color_opacity=&#8221;1&#8243; column_backdrop_filter=&#8221;none&#8221; column_shadow=&#8221;custom&#8221; column_border_radius=&#8221;none&#8221; column_link_target=&#8221;_self&#8221; column_position=&#8221;default&#8221; gradient_direction=&#8221;left_to_right&#8221; overlay_strength=&#8221;0.3&#8243; width=&#8221;8\/12&#8243; tablet_width_inherit=&#8221;default&#8221; animation_type=&#8221;default&#8221; bg_image_animation=&#8221;none&#8221; border_type=&#8221;simple&#8221; column_border_width=&#8221;none&#8221; column_border_style=&#8221;solid&#8221; column_padding_type=&#8221;advanced&#8221; custom_box_shadow=&#8221;horizontal:0,vertical:0,blur:10,spread:0,opacity:0.15&#8243; gradient_type=&#8221;default&#8221;][vc_column_text css=&#8221;.vc_custom_1688642408435{margin-bottom: 50px !important;}&#8221;]<strong>A fesztiv\u00e1l azon koncertjeire, amelyek nincsenek itt felsorolva, a bel\u00e9p\u00e9s ingyenes.<\/strong><\/p>\n<table class=\"responsive\" width=\"581\">\n<thead>\n<tr>\n<td width=\"84\"><strong>D\u00e1tum<\/strong><\/td>\n<td width=\"70\"><strong>Id\u0151pont<\/strong><\/td>\n<td width=\"261\"><strong>Koncert<\/strong><\/td>\n<td width=\"96\"><strong>Helysz\u00edn<\/strong><\/td>\n<td width=\"70\"><strong>Bel\u00e9p\u0151<a href=\"#_ftn1\" name=\"_ftnref1\"><sup>[1]<\/sup><\/a> <\/strong><\/td>\n<\/tr>\n<tr>\n<td width=\"84\">J\u00falius 8., szombat<\/td>\n<td width=\"70\">18.00<\/p>\n<p>18.30<\/td>\n<td width=\"261\"><strong>A fesztiv\u00e1l \u00fcnnep\u00e9lyes megnyit\u00f3ja<\/strong><\/p>\n<p><strong>PRISMA \/ DE<\/strong><\/td>\n<td width=\"96\">Mik\u00f3-v\u00e1r*<\/td>\n<td width=\"70\">25\/15 lej<\/td>\n<\/tr>\n<tr>\n<td width=\"84\">J\u00falius\u00a0 9., vas\u00e1rnap<\/td>\n<td width=\"70\">18.00<\/p>\n<p>19.00<\/td>\n<td width=\"261\"><strong>K\u00c1JONI CONSORT \/ RO<\/strong><\/p>\n<p><strong>CARMINA RENASCENTIA \/ RO<\/strong><\/td>\n<td width=\"96\">Mik\u00f3-v\u00e1r*<\/td>\n<td width=\"70\">25\/15 lej<\/td>\n<\/tr>\n<tr>\n<td width=\"84\">J\u00falius 10.,<\/p>\n<p>h\u00e9tf\u0151<\/td>\n<td width=\"70\">19.00<\/td>\n<td width=\"261\"><strong>CONCERTO SPIRALIS \/ RO, HU<\/strong><\/td>\n<td width=\"96\">Reform\u00e1tus-templom<\/td>\n<td width=\"70\">25\/15 lej<\/td>\n<\/tr>\n<tr>\n<td width=\"84\">J\u00falius 13., cs\u00fct\u00f6rt\u00f6k<\/td>\n<td width=\"70\">21.00<\/td>\n<td width=\"261\"><strong>K\u00d3NYA ISTV\u00c1N \/ HU<\/strong><\/td>\n<td width=\"96\">Mik\u00f3-v\u00e1r, \u00e9szaknyugati b\u00e1styaterem<\/td>\n<td width=\"70\">25\/15 lej<\/td>\n<\/tr>\n<tr>\n<td width=\"84\">J\u00falius 14., p\u00e9ntek<\/td>\n<td width=\"70\">19.30<\/td>\n<td width=\"261\"><strong>BAROQUE FESTIVAL ORCHESTRA \/ RO, HU, DE<\/strong><\/td>\n<td width=\"96\">Szent \u00c1goston-templom<\/td>\n<td width=\"70\">25\/15 lej<\/td>\n<\/tr>\n<tr>\n<td width=\"84\">J\u00falius 15., szombat<\/td>\n<td width=\"70\">11.00<\/p>\n<p>&nbsp;<\/p>\n<p>18.00<\/p>\n<p>19.30<\/td>\n<td width=\"261\"><strong>Renesz\u00e1nsz gyermeknap<\/strong><\/p>\n<p><strong>\u00a0<\/strong><\/p>\n<p><strong>MUSICA HISTORICA \/ HU<\/strong><\/p>\n<p><strong>TREI PARALE \/ RO<\/strong><\/td>\n<td width=\"96\">Mik\u00f3-v\u00e1r<\/p>\n<p>&nbsp;<\/p>\n<p>Mik\u00f3-v\u00e1r*<\/td>\n<td width=\"70\">10 lej<\/p>\n<p>&nbsp;<\/p>\n<p>25\/15 lej<\/td>\n<\/tr>\n<tr>\n<td width=\"84\">J\u00falius 16., vas\u00e1rnap<\/td>\n<td width=\"70\">21.00<\/td>\n<td width=\"261\"><strong>DADOR PROJEKT \/ HU<\/strong><\/td>\n<td width=\"96\">Cinema Cs\u00edki Mozi<\/td>\n<td width=\"70\">25\/15 lej<\/td>\n<\/tr>\n<\/thead>\n<\/table>\n<p>&nbsp;<\/p>\n<p>FESZTIV\u00c1LB\u00c9RLET: a fesztiv\u00e1l minden koncertj\u00e9re \u00e9rv\u00e9nyes, teljes \u00e9rt\u00e9k\u0171 b\u00e9rlet \u00e1ra <strong>130 lej\/f\u0151<\/strong>, di\u00e1koknak \u00e9s nyugd\u00edjasoknak <strong>80 lej\/f\u0151<\/strong>.<\/p>\n<p>&nbsp;<\/p>\n<p>Jegyek \u00e9s b\u00e9rletek el\u0151v\u00e9telben a Hargita Megyei Kultur\u00e1lis K\u00f6zpontban v\u00e1lthat\u00f3k \u00e9s a fesztiv\u00e1l alatt a\u00a0koncertek helysz\u00edn\u00e9n, az el\u0151ad\u00e1sok el\u0151tt egy \u00f3r\u00e1val.<\/p>\n<p>&nbsp;<\/p>\n<p>*Kedvez\u0151tlen id\u0151j\u00e1r\u00e1s eset\u00e9n a koncertek helysz\u00edne a Cs\u00edki J\u00e1t\u00e9ksz\u00edn, Nagyterem.<\/p>\n<p><a href=\"#_ftnref1\" name=\"_ftn1\"><sup>[1]<\/sup><\/a> A teljes \u00e1r\u00fa jegy mellett, kedvezm\u00e9nyes \u00e1r\u00fa jegyet biztos\u00edtunk di\u00e1koknak \u00e9s nyugd\u00edjasoknak.[\/vc_column_text][\/vc_column][vc_column column_padding=&#8221;no-extra-padding&#8221; column_padding_tablet=&#8221;inherit&#8221; column_padding_phone=&#8221;inherit&#8221; column_padding_position=&#8221;all&#8221; column_element_direction_desktop=&#8221;default&#8221; column_element_spacing=&#8221;default&#8221; desktop_text_alignment=&#8221;default&#8221; tablet_text_alignment=&#8221;default&#8221; phone_text_alignment=&#8221;default&#8221; background_color_opacity=&#8221;1&#8243; background_hover_color_opacity=&#8221;1&#8243; column_backdrop_filter=&#8221;none&#8221; column_shadow=&#8221;none&#8221; column_border_radius=&#8221;none&#8221; column_link_target=&#8221;_self&#8221; column_position=&#8221;default&#8221; el_class=&#8221;contact-image&#8221; gradient_direction=&#8221;left_to_right&#8221; overlay_strength=&#8221;0.3&#8243; width=&#8221;4\/12&#8243; tablet_width_inherit=&#8221;default&#8221; animation_type=&#8221;default&#8221; bg_image_animation=&#8221;none&#8221; border_type=&#8221;simple&#8221; column_border_width=&#8221;none&#8221; column_border_style=&#8221;solid&#8221; column_padding_type=&#8221;default&#8221; gradient_type=&#8221;default&#8221;][image_with_animation image_url=&#8221;75&#8243; image_size=&#8221;full&#8221; animation_type=&#8221;entrance&#8221; animation=&#8221;None&#8221; animation_movement_type=&#8221;transform_y&#8221; hover_animation=&#8221;none&#8221; alignment=&#8221;&#8221; border_radius=&#8221;none&#8221; box_shadow=&#8221;none&#8221; image_loading=&#8221;default&#8221; max_width=&#8221;100%&#8221; max_width_mobile=&#8221;default&#8221; el_class=&#8221;hide-mobile&#8221; margin_top=&#8221;150px&#8221;][\/vc_column][\/vc_row]\n","protected":false},"excerpt":{"rendered":"<p>[vc_row type=&#8221;full_width_background&#8221; full_screen_row_position=&#8221;middle&#8221; column_margin=&#8221;default&#8221; column_direction=&#8221;default&#8221; column_direction_tablet=&#8221;default&#8221; column_direction_phone=&#8221;default&#8221; bg_color=&#8221;#fafafa&#8221; scene_position=&#8221;center&#8221; top_padding=&#8221;5%&#8221; bottom_padding=&#8221;5%&#8221; text_color=&#8221;dark&#8221; text_align=&#8221;left&#8221; row_border_radius=&#8221;none&#8221; row_border_radius_applies=&#8221;bg&#8221; overflow=&#8221;visible&#8221; overlay_strength=&#8221;0.3&#8243; gradient_direction=&#8221;left_to_right&#8221; shape_divider_position=&#8221;bottom&#8221; bg_image_animation=&#8221;none&#8221; gradient_type=&#8221;default&#8221; shape_type=&#8221;&#8221;][vc_column top_padding_desktop=&#8221;60px&#8221; bottom_padding_desktop=&#8221;60px&#8221; left_padding_desktop=&#8221;100px&#8221; right_padding_desktop=&#8221;100px&#8221; top_margin=&#8221;-200px&#8221; column_element_direction_desktop=&#8221;default&#8221; column_element_spacing=&#8221;default&#8221; desktop_text_alignment=&#8221;default&#8221;&#8230;<\/p>\n","protected":false},"author":1,"featured_media":0,"parent":0,"menu_order":0,"comment_status":"closed","ping_status":"closed","template":"","meta":{"footnotes":""},"class_list":["post-644","page","type-page","status-publish"],"yoast_head":"<!-- This site is optimized with the Yoast SEO plugin v22.3 - https:\/\/yoast.com\/wordpress\/plugins\/seo\/ -->\n<title>Jegyek - Regizene<\/title>\n<meta name=\"robots\" content=\"index, follow, max-snippet:-1, max-image-preview:large, max-video-preview:-1\" \/>\n<link rel=\"canonical\" href=\"https:\/\/regizene.ro\/2023\/jegyek\/\" \/>\n<meta property=\"og:locale\" content=\"hu_HU\" \/>\n<meta property=\"og:type\" content=\"article\" \/>\n<meta property=\"og:title\" content=\"Jegyek - Regizene\" \/>\n<meta property=\"og:description\" content=\"[vc_row type=&#8221;full_width_background&#8221; full_screen_row_position=&#8221;middle&#8221; column_margin=&#8221;default&#8221; column_direction=&#8221;default&#8221; column_direction_tablet=&#8221;default&#8221; column_direction_phone=&#8221;default&#8221; bg_color=&#8221;#fafafa&#8221; scene_position=&#8221;center&#8221; top_padding=&#8221;5%&#8221; bottom_padding=&#8221;5%&#8221; text_color=&#8221;dark&#8221; text_align=&#8221;left&#8221; row_border_radius=&#8221;none&#8221; row_border_radius_applies=&#8221;bg&#8221; overflow=&#8221;visible&#8221; overlay_strength=&#8221;0.3&#8243; gradient_direction=&#8221;left_to_right&#8221; shape_divider_position=&#8221;bottom&#8221; bg_image_animation=&#8221;none&#8221; gradient_type=&#8221;default&#8221; shape_type=&#8221;&#8221;][vc_column top_padding_desktop=&#8221;60px&#8221; bottom_padding_desktop=&#8221;60px&#8221; left_padding_desktop=&#8221;100px&#8221; right_padding_desktop=&#8221;100px&#8221; top_margin=&#8221;-200px&#8221; column_element_direction_desktop=&#8221;default&#8221; column_element_spacing=&#8221;default&#8221; desktop_text_alignment=&#8221;default&#8221;...\" \/>\n<meta property=\"og:url\" content=\"https:\/\/regizene.ro\/2023\/jegyek\/\" \/>\n<meta property=\"og:site_name\" content=\"Regizene\" \/>\n<meta property=\"article:modified_time\" content=\"2023-07-06T11:20:12+00:00\" \/>\n<meta name=\"twitter:card\" content=\"summary_large_image\" \/>\n<meta name=\"twitter:label1\" content=\"Becs\u00fclt olvas\u00e1si id\u0151\" \/>\n\t<meta name=\"twitter:data1\" content=\"2 perc\" \/>\n<script type=\"application\/ld+json\" class=\"yoast-schema-graph\">{\"@context\":\"https:\/\/schema.org\",\"@graph\":[{\"@type\":\"WebPage\",\"@id\":\"https:\/\/regizene.ro\/2023\/jegyek\/\",\"url\":\"https:\/\/regizene.ro\/2023\/jegyek\/\",\"name\":\"Jegyek - Regizene\",\"isPartOf\":{\"@id\":\"https:\/\/regizene.ro\/2023\/#website\"},\"datePublished\":\"2023-07-05T09:04:42+00:00\",\"dateModified\":\"2023-07-06T11:20:12+00:00\",\"inLanguage\":\"hu\",\"potentialAction\":[{\"@type\":\"ReadAction\",\"target\":[\"https:\/\/regizene.ro\/2023\/jegyek\/\"]}]},{\"@type\":\"WebSite\",\"@id\":\"https:\/\/regizene.ro\/2023\/#website\",\"url\":\"https:\/\/regizene.ro\/2023\/\",\"name\":\"Regizene\",\"description\":\"\",\"potentialAction\":[{\"@type\":\"SearchAction\",\"target\":{\"@type\":\"EntryPoint\",\"urlTemplate\":\"https:\/\/regizene.ro\/2023\/?s={search_term_string}\"},\"query-input\":\"required name=search_term_string\"}],\"inLanguage\":\"hu\"}]}<\/script>\n<!-- \/ Yoast SEO plugin. -->","yoast_head_json":{"title":"Jegyek - Regizene","robots":{"index":"index","follow":"follow","max-snippet":"max-snippet:-1","max-image-preview":"max-image-preview:large","max-video-preview":"max-video-preview:-1"},"canonical":"https:\/\/regizene.ro\/2023\/jegyek\/","og_locale":"hu_HU","og_type":"article","og_title":"Jegyek - Regizene","og_description":"[vc_row type=&#8221;full_width_background&#8221; full_screen_row_position=&#8221;middle&#8221; column_margin=&#8221;default&#8221; column_direction=&#8221;default&#8221; column_direction_tablet=&#8221;default&#8221; column_direction_phone=&#8221;default&#8221; bg_color=&#8221;#fafafa&#8221; scene_position=&#8221;center&#8221; top_padding=&#8221;5%&#8221; bottom_padding=&#8221;5%&#8221; text_color=&#8221;dark&#8221; text_align=&#8221;left&#8221; row_border_radius=&#8221;none&#8221; row_border_radius_applies=&#8221;bg&#8221; overflow=&#8221;visible&#8221; overlay_strength=&#8221;0.3&#8243; gradient_direction=&#8221;left_to_right&#8221; shape_divider_position=&#8221;bottom&#8221; bg_image_animation=&#8221;none&#8221; gradient_type=&#8221;default&#8221; shape_type=&#8221;&#8221;][vc_column top_padding_desktop=&#8221;60px&#8221; bottom_padding_desktop=&#8221;60px&#8221; left_padding_desktop=&#8221;100px&#8221; right_padding_desktop=&#8221;100px&#8221; top_margin=&#8221;-200px&#8221; column_element_direction_desktop=&#8221;default&#8221; column_element_spacing=&#8221;default&#8221; desktop_text_alignment=&#8221;default&#8221;...","og_url":"https:\/\/regizene.ro\/2023\/jegyek\/","og_site_name":"Regizene","article_modified_time":"2023-07-06T11:20:12+00:00","twitter_card":"summary_large_image","twitter_misc":{"Becs\u00fclt olvas\u00e1si id\u0151":"2 perc"},"schema":{"@context":"https:\/\/schema.org","@graph":[{"@type":"WebPage","@id":"https:\/\/regizene.ro\/2023\/jegyek\/","url":"https:\/\/regizene.ro\/2023\/jegyek\/","name":"Jegyek - Regizene","isPartOf":{"@id":"https:\/\/regizene.ro\/2023\/#website"},"datePublished":"2023-07-05T09:04:42+00:00","dateModified":"2023-07-06T11:20:12+00:00","inLanguage":"hu","potentialAction":[{"@type":"ReadAction","target":["https:\/\/regizene.ro\/2023\/jegyek\/"]}]},{"@type":"WebSite","@id":"https:\/\/regizene.ro\/2023\/#website","url":"https:\/\/regizene.ro\/2023\/","name":"Regizene","description":"","potentialAction":[{"@type":"SearchAction","target":{"@type":"EntryPoint","urlTemplate":"https:\/\/regizene.ro\/2023\/?s={search_term_string}"},"query-input":"required name=search_term_string"}],"inLanguage":"hu"}]}},"_links":{"self":[{"href":"https:\/\/regizene.ro\/2023\/wp-json\/wp\/v2\/pages\/644","targetHints":{"allow":["GET"]}}],"collection":[{"href":"https:\/\/regizene.ro\/2023\/wp-json\/wp\/v2\/pages"}],"about":[{"href":"https:\/\/regizene.ro\/2023\/wp-json\/wp\/v2\/types\/page"}],"author":[{"embeddable":true,"href":"https:\/\/regizene.ro\/2023\/wp-json\/wp\/v2\/users\/1"}],"replies":[{"embeddable":true,"href":"https:\/\/regizene.ro\/2023\/wp-json\/wp\/v2\/comments?post=644"}],"version-history":[{"count":7,"href":"https:\/\/regizene.ro\/2023\/wp-json\/wp\/v2\/pages\/644\/revisions"}],"predecessor-version":[{"id":741,"href":"https:\/\/regizene.ro\/2023\/wp-json\/wp\/v2\/pages\/644\/revisions\/741"}],"wp:attachment":[{"href":"https:\/\/regizene.ro\/2023\/wp-json\/wp\/v2\/media?parent=644"}],"curies":[{"name":"wp","href":"https:\/\/api.w.org\/{rel}","templated":true}]}}