{"id":644,"date":"2023-07-05T12:04:42","date_gmt":"2023-07-05T09:04:42","guid":{"rendered":"https:\/\/regizene.ro\/2024\/?page_id=644"},"modified":"2024-07-11T21:24:18","modified_gmt":"2024-07-11T18:24:18","slug":"jegyek","status":"publish","type":"page","link":"https:\/\/regizene.ro\/2024\/jegyek\/","title":{"rendered":"Jegyek"},"content":{"rendered":"[vc_row type=&#8221;full_width_background&#8221; full_screen_row_position=&#8221;middle&#8221; column_margin=&#8221;default&#8221; column_direction=&#8221;default&#8221; column_direction_tablet=&#8221;default&#8221; column_direction_phone=&#8221;default&#8221; bg_color=&#8221;#fafafa&#8221; scene_position=&#8221;center&#8221; top_padding=&#8221;5%&#8221; bottom_padding=&#8221;5%&#8221; text_color=&#8221;dark&#8221; text_align=&#8221;left&#8221; row_border_radius=&#8221;none&#8221; row_border_radius_applies=&#8221;bg&#8221; overflow=&#8221;visible&#8221; overlay_strength=&#8221;0.3&#8243; gradient_direction=&#8221;left_to_right&#8221; shape_divider_position=&#8221;bottom&#8221; bg_image_animation=&#8221;none&#8221; gradient_type=&#8221;default&#8221; shape_type=&#8221;&#8221;][vc_column top_padding_desktop=&#8221;60px&#8221; bottom_padding_desktop=&#8221;60px&#8221; left_padding_desktop=&#8221;100px&#8221; right_padding_desktop=&#8221;100px&#8221; top_margin=&#8221;-200px&#8221; column_element_direction_desktop=&#8221;default&#8221; column_element_spacing=&#8221;default&#8221; desktop_text_alignment=&#8221;default&#8221; tablet_text_alignment=&#8221;default&#8221; phone_text_alignment=&#8221;default&#8221; background_color=&#8221;#ffffff&#8221; background_color_opacity=&#8221;1&#8243; background_hover_color_opacity=&#8221;1&#8243; column_backdrop_filter=&#8221;none&#8221; column_shadow=&#8221;custom&#8221; column_border_radius=&#8221;none&#8221; column_link_target=&#8221;_self&#8221; column_position=&#8221;default&#8221; gradient_direction=&#8221;left_to_right&#8221; overlay_strength=&#8221;0.3&#8243; width=&#8221;8\/12&#8243; tablet_width_inherit=&#8221;default&#8221; animation_type=&#8221;default&#8221; bg_image_animation=&#8221;none&#8221; border_type=&#8221;simple&#8221; column_border_width=&#8221;none&#8221; column_border_style=&#8221;solid&#8221; column_padding_type=&#8221;advanced&#8221; custom_box_shadow=&#8221;horizontal:0,vertical:0,blur:10,spread:0,opacity:0.15&#8243; gradient_type=&#8221;default&#8221;][vc_column_text css=&#8221;.vc_custom_1718888170303{margin-bottom: 50px !important;}&#8221;]\n<table width=\"803\">\n<thead>\n<tr>\n<td width=\"113\"><strong>D\u00e1tum<\/strong><\/td>\n<td width=\"90\"><strong>Id\u0151pont<\/strong><\/td>\n<td width=\"285\"><strong>Koncert, esem\u00e9ny<\/strong><\/td>\n<td width=\"173\"><strong>Helysz\u00edn<\/strong><\/td>\n<td width=\"143\"><strong>Bel\u00e9p\u0151<a href=\"#_ftn1\" name=\"_ftnref1\"><sup>[1]<\/sup><\/a><\/strong><\/td>\n<\/tr>\n<tr>\n<td width=\"113\">J\u00falius 13.,<\/p>\n<p>szombat<\/td>\n<td width=\"90\">18.00<\/td>\n<td width=\"285\"><strong>A fesztiv\u00e1l \u00fcnnep\u00e9lyes megnyit\u00f3ja <\/strong><\/td>\n<td rowspan=\"3\" width=\"173\">Mik\u00f3-v\u00e1r*<\/td>\n<td rowspan=\"3\" width=\"143\">30\/20 lej<\/td>\n<\/tr>\n<tr>\n<td rowspan=\"2\" width=\"113\"><\/td>\n<td width=\"90\">18.30<\/td>\n<td width=\"285\"><strong>MUSICA HISTORICA \/ HU<\/strong><\/td>\n<\/tr>\n<tr>\n<td width=\"90\">19.30<\/td>\n<td width=\"285\"><strong>SEBESTY\u00c9N M\u00c1RTA &amp; ANDREJSZKI JUDIT \u00e9s megh\u00edvottaik \/ HU, RO<\/strong><\/td>\n<\/tr>\n<tr>\n<td width=\"113\">J\u00falius 14.,<\/p>\n<p>vas\u00e1rnap<\/td>\n<td width=\"90\">11.30<\/td>\n<td width=\"285\"><strong>ARS PRO TOTO \/ RO<\/strong><\/td>\n<td width=\"173\">Unit\u00e1rius Templom<\/td>\n<td width=\"143\">Ingyenes<\/td>\n<\/tr>\n<tr>\n<td width=\"113\"><\/td>\n<td width=\"90\">19.00<\/td>\n<td width=\"285\"><strong>INTO THE WINDS \/ FR<\/strong><\/td>\n<td width=\"173\">Mik\u00f3-v\u00e1r*<\/td>\n<td width=\"143\">30\/20 lej<\/td>\n<\/tr>\n<tr>\n<td width=\"113\">J\u00falius 15.,<\/p>\n<p>h\u00e9tf\u0151<\/td>\n<td width=\"90\">19.00<\/td>\n<td width=\"285\"><strong>CONCERTO SPIRALIS \/ RO, HU<\/strong><\/td>\n<td width=\"173\">Reform\u00e1tus templom<\/td>\n<td width=\"143\">20\/15 lej<\/td>\n<\/tr>\n<tr>\n<td width=\"113\"><\/td>\n<td width=\"90\">21.00<\/td>\n<td width=\"285\"><strong>NICHOLAS PARLE \/ EN<\/strong><\/td>\n<td width=\"173\">Zeng\u0151 T\u00e9r<\/td>\n<td width=\"143\">20\/15 lej<\/td>\n<\/tr>\n<tr>\n<td width=\"113\">J\u00falius 16.,<\/p>\n<p>kedd<\/td>\n<td width=\"90\">19.00<\/td>\n<td width=\"285\"><strong>MAD\u00c9FALVI SCHOLA &amp; LUX AURUMQUE \/ RO<\/strong><\/td>\n<td width=\"173\">Cs\u00edksomly\u00f3i kegytemplom<\/td>\n<td width=\"143\">Ingyenes<\/td>\n<\/tr>\n<tr>\n<td width=\"113\">J\u00falius 17.,<\/p>\n<p>Szerda<\/td>\n<td width=\"90\">21.00<\/td>\n<td width=\"285\"><strong>T\u00d3TH-VAJNA ZSOMBOR \/ HU <\/strong><\/td>\n<td width=\"173\">Millenniumi Templom<\/td>\n<td width=\"143\">20\/15 lej<\/td>\n<\/tr>\n<tr>\n<td width=\"113\">J\u00falius 18.,<\/p>\n<p>cs\u00fct\u00f6rt\u00f6k<\/td>\n<td width=\"90\">19.00<\/td>\n<td width=\"285\"><strong>SEMPRE \/ RO<\/strong><\/p>\n<p><strong>\u00a0<\/strong><\/td>\n<td width=\"173\">Cinema Cs\u00edki Mozi<\/td>\n<td width=\"143\">20\/15 lej<\/td>\n<\/tr>\n<tr>\n<td width=\"113\"><\/td>\n<td width=\"90\">21.00<\/td>\n<td width=\"285\"><strong>F\u00dcL\u00d6P M\u00c1RIA &amp; VIT\u00c1RIUS PIROSKA \/ CH, HU<\/strong><\/td>\n<td width=\"173\">Mik\u00f3-v\u00e1r, \u00e9szaknyugati b\u00e1styaterem<\/td>\n<td width=\"143\">20\/15 lej<\/td>\n<\/tr>\n<tr>\n<td width=\"113\">J\u00falius 19.,<\/p>\n<p>p\u00e9ntek<\/td>\n<td width=\"90\">19.30<\/td>\n<td width=\"285\"><strong>BAROQUE FESTIVAL ORCHESTRA \/ RO, HU, DE<\/strong><\/td>\n<td width=\"173\">Szent \u00c1goston-templom<\/td>\n<td width=\"143\">30\/20 lej<\/td>\n<\/tr>\n<tr>\n<td width=\"113\">J\u00falius 20.,<\/p>\n<p>szombat<\/td>\n<td width=\"90\">11.00<\/p>\n<p>&nbsp;<\/td>\n<td width=\"285\"><strong>Renesz\u00e1nsz gyermeknap<\/strong><\/p>\n<p><strong>\u00a0<\/strong><\/td>\n<td width=\"173\">Mik\u00f3-v\u00e1r<\/td>\n<td width=\"143\">15 lej<\/p>\n<p>&nbsp;<\/td>\n<\/tr>\n<tr>\n<td rowspan=\"4\" width=\"113\"><\/td>\n<td width=\"90\">16.00<\/td>\n<td width=\"285\"><strong>FLAUTO DOLCE \u00c9S HEGYI G\u00c1BOR \/ RO, DE<\/strong><\/td>\n<td width=\"173\">Siculicidium \u2013 Szent Anna-k\u00e1polna \ud83d\ude8c<\/td>\n<td width=\"143\">Ingyenes<\/td>\n<\/tr>\n<tr>\n<td width=\"90\">18.30<\/td>\n<td width=\"285\"><strong>CARMINA RENASCENTIA \/ RO<\/strong><\/td>\n<td rowspan=\"3\" width=\"173\">Mik\u00f3-v\u00e1r*<\/td>\n<td rowspan=\"3\" width=\"143\">30\/20 lej<\/td>\n<\/tr>\n<tr>\n<td width=\"90\">19.30<\/td>\n<td width=\"285\"><strong>CODEX \/ RO<\/strong><\/td>\n<\/tr>\n<tr>\n<td width=\"90\">20.30<\/td>\n<td width=\"285\"><strong>Renesz\u00e1nsz t\u00e1nch\u00e1z<\/strong><\/td>\n<\/tr>\n<tr>\n<td width=\"113\">J\u00falius 21.,<\/p>\n<p>vas\u00e1rnap<\/td>\n<td width=\"90\">16.00<\/td>\n<td width=\"285\"><strong>R\u00e9gizene-piknik a Codex \u00e9s Musica Historica egy\u00fcttesekkel<\/strong><\/td>\n<td width=\"173\">Henter-k\u00faria \ud83d\ude8c<\/td>\n<td width=\"143\">Ingyenes<\/td>\n<\/tr>\n<\/thead>\n<\/table>\n<p>FESZTIV\u00c1LB\u00c9RLET a fesztiv\u00e1l minden koncertj\u00e9re \u00e9rv\u00e9nyes, teljes \u00e9rt\u00e9k\u0171 b\u00e9rlet \u00e1ra <strong>150 lej\/f\u0151<\/strong>, di\u00e1koknak, egyetemist\u00e1knak \u00e9s nyugd\u00edjasoknak <strong>100 lej\/f\u0151<\/strong>.<\/p>\n<p>Jegyek \u00e9s b\u00e9rletek el\u0151v\u00e9telben a Hargita Megyei Kultur\u00e1lis K\u00f6zpontban v\u00e1lthat\u00f3k \u00e9s a fesztiv\u00e1l alatt a koncertek helysz\u00edn\u00e9n, az el\u0151ad\u00e1sok el\u0151tt egy \u00f3r\u00e1val.<\/p>\n<p>14 \u00e9v alatt a bel\u00e9p\u00e9s d\u00edjtalan.<\/p>\n<p>\ud83d\ude8c A helysz\u00ednre aut\u00f3busz indul az Er\u0151ss Zsolt Ar\u00e9na parkol\u00f3j\u00e1b\u00f3l f\u00e9l \u00f3r\u00e1val az esem\u00e9ny el\u0151tt.<\/p>\n<p>*Kedvez\u0151tlen id\u0151j\u00e1r\u00e1s eset\u00e9n a koncertek helysz\u00edne a Cs\u00edki J\u00e1t\u00e9ksz\u00edn, Nagyterem.<\/p>\n<p><a href=\"#_ftnref1\" name=\"_ftn1\"><sup>[1]<\/sup><\/a> A teljes \u00e1r\u00fa jegy mellett, kedvezm\u00e9nyes \u00e1r\u00fa jegyet biztos\u00edtunk di\u00e1koknak \u00e9s nyugd\u00edjasoknak.[\/vc_column_text][\/vc_column][vc_column column_padding=&#8221;no-extra-padding&#8221; column_padding_tablet=&#8221;inherit&#8221; column_padding_phone=&#8221;inherit&#8221; column_padding_position=&#8221;all&#8221; column_element_direction_desktop=&#8221;default&#8221; column_element_spacing=&#8221;default&#8221; desktop_text_alignment=&#8221;default&#8221; tablet_text_alignment=&#8221;default&#8221; phone_text_alignment=&#8221;default&#8221; background_color_opacity=&#8221;1&#8243; background_hover_color_opacity=&#8221;1&#8243; column_backdrop_filter=&#8221;none&#8221; column_shadow=&#8221;none&#8221; column_border_radius=&#8221;none&#8221; column_link_target=&#8221;_self&#8221; column_position=&#8221;default&#8221; el_class=&#8221;contact-image&#8221; gradient_direction=&#8221;left_to_right&#8221; overlay_strength=&#8221;0.3&#8243; width=&#8221;4\/12&#8243; tablet_width_inherit=&#8221;default&#8221; animation_type=&#8221;default&#8221; bg_image_animation=&#8221;none&#8221; border_type=&#8221;simple&#8221; column_border_width=&#8221;none&#8221; column_border_style=&#8221;solid&#8221; column_padding_type=&#8221;default&#8221; gradient_type=&#8221;default&#8221;][image_with_animation image_url=&#8221;75&#8243; image_size=&#8221;full&#8221; animation_type=&#8221;entrance&#8221; animation=&#8221;None&#8221; animation_movement_type=&#8221;transform_y&#8221; hover_animation=&#8221;none&#8221; alignment=&#8221;&#8221; border_radius=&#8221;none&#8221; box_shadow=&#8221;none&#8221; image_loading=&#8221;default&#8221; max_width=&#8221;100%&#8221; max_width_mobile=&#8221;default&#8221; el_class=&#8221;hide-mobile&#8221; margin_top=&#8221;150px&#8221;][\/vc_column][\/vc_row]\n","protected":false},"excerpt":{"rendered":"<p>[vc_row type=&#8221;full_width_background&#8221; full_screen_row_position=&#8221;middle&#8221; column_margin=&#8221;default&#8221; column_direction=&#8221;default&#8221; column_direction_tablet=&#8221;default&#8221; column_direction_phone=&#8221;default&#8221; bg_color=&#8221;#fafafa&#8221; scene_position=&#8221;center&#8221; top_padding=&#8221;5%&#8221; bottom_padding=&#8221;5%&#8221; text_color=&#8221;dark&#8221; text_align=&#8221;left&#8221; row_border_radius=&#8221;none&#8221; row_border_radius_applies=&#8221;bg&#8221; overflow=&#8221;visible&#8221; overlay_strength=&#8221;0.3&#8243; gradient_direction=&#8221;left_to_right&#8221; shape_divider_position=&#8221;bottom&#8221; bg_image_animation=&#8221;none&#8221; gradient_type=&#8221;default&#8221; shape_type=&#8221;&#8221;][vc_column top_padding_desktop=&#8221;60px&#8221; bottom_padding_desktop=&#8221;60px&#8221; left_padding_desktop=&#8221;100px&#8221; right_padding_desktop=&#8221;100px&#8221; top_margin=&#8221;-200px&#8221; column_element_direction_desktop=&#8221;default&#8221; column_element_spacing=&#8221;default&#8221; desktop_text_alignment=&#8221;default&#8221;&#8230;<\/p>\n","protected":false},"author":1,"featured_media":0,"parent":0,"menu_order":0,"comment_status":"closed","ping_status":"closed","template":"","meta":{"footnotes":""},"class_list":["post-644","page","type-page","status-publish"],"yoast_head":"<!-- This site is optimized with the Yoast SEO plugin v24.9 - https:\/\/yoast.com\/wordpress\/plugins\/seo\/ -->\n<title>Jegyek - Regizene<\/title>\n<meta name=\"robots\" content=\"index, follow, max-snippet:-1, max-image-preview:large, max-video-preview:-1\" \/>\n<link rel=\"canonical\" href=\"https:\/\/regizene.ro\/2024\/jegyek\/\" \/>\n<meta property=\"og:locale\" content=\"hu_HU\" \/>\n<meta property=\"og:type\" content=\"article\" \/>\n<meta property=\"og:title\" content=\"Jegyek\" \/>\n<meta property=\"og:description\" content=\"Jegyek \u00e9s b\u00e9rletek el\u0151v\u00e9telben a Hargita Megyei Kultur\u00e1lis K\u00f6zpontban v\u00e1lthat\u00f3k \u00e9s a fesztiv\u00e1l alatt a koncertek helysz\u00edn\u00e9n, az el\u0151ad\u00e1sok el\u0151tt egy \u00f3r\u00e1val.\" \/>\n<meta property=\"og:url\" content=\"https:\/\/regizene.ro\/2024\/jegyek\/\" \/>\n<meta property=\"og:site_name\" content=\"Regizene\" \/>\n<meta property=\"article:modified_time\" content=\"2024-07-11T18:24:18+00:00\" \/>\n<meta property=\"og:image\" content=\"https:\/\/regizene.ro\/2024\/wp-content\/uploads\/2024\/04\/Regizene_2024_Landing_BG-01.jpg\" \/>\n\t<meta property=\"og:image:width\" content=\"1920\" \/>\n\t<meta property=\"og:image:height\" content=\"1080\" \/>\n\t<meta property=\"og:image:type\" content=\"image\/jpeg\" \/>\n<meta name=\"twitter:card\" content=\"summary_large_image\" \/>\n<meta name=\"twitter:label1\" content=\"Becs\u00fclt olvas\u00e1si id\u0151\" \/>\n\t<meta name=\"twitter:data1\" content=\"3 perc\" \/>\n<script type=\"application\/ld+json\" class=\"yoast-schema-graph\">{\"@context\":\"https:\/\/schema.org\",\"@graph\":[{\"@type\":\"WebPage\",\"@id\":\"https:\/\/regizene.ro\/2024\/jegyek\/\",\"url\":\"https:\/\/regizene.ro\/2024\/jegyek\/\",\"name\":\"Jegyek - Regizene\",\"isPartOf\":{\"@id\":\"https:\/\/regizene.ro\/2024\/#website\"},\"datePublished\":\"2023-07-05T09:04:42+00:00\",\"dateModified\":\"2024-07-11T18:24:18+00:00\",\"breadcrumb\":{\"@id\":\"https:\/\/regizene.ro\/2024\/jegyek\/#breadcrumb\"},\"inLanguage\":\"hu\",\"potentialAction\":[{\"@type\":\"ReadAction\",\"target\":[\"https:\/\/regizene.ro\/2024\/jegyek\/\"]}]},{\"@type\":\"BreadcrumbList\",\"@id\":\"https:\/\/regizene.ro\/2024\/jegyek\/#breadcrumb\",\"itemListElement\":[{\"@type\":\"ListItem\",\"position\":1,\"name\":\"Kezd\u0151lap\",\"item\":\"https:\/\/regizene.ro\/2024\/\"},{\"@type\":\"ListItem\",\"position\":2,\"name\":\"Jegyek\"}]},{\"@type\":\"WebSite\",\"@id\":\"https:\/\/regizene.ro\/2024\/#website\",\"url\":\"https:\/\/regizene.ro\/2024\/\",\"name\":\"Regizene\",\"description\":\"\",\"potentialAction\":[{\"@type\":\"SearchAction\",\"target\":{\"@type\":\"EntryPoint\",\"urlTemplate\":\"https:\/\/regizene.ro\/2024\/?s={search_term_string}\"},\"query-input\":{\"@type\":\"PropertyValueSpecification\",\"valueRequired\":true,\"valueName\":\"search_term_string\"}}],\"inLanguage\":\"hu\"}]}<\/script>\n<!-- \/ Yoast SEO plugin. -->","yoast_head_json":{"title":"Jegyek - Regizene","robots":{"index":"index","follow":"follow","max-snippet":"max-snippet:-1","max-image-preview":"max-image-preview:large","max-video-preview":"max-video-preview:-1"},"canonical":"https:\/\/regizene.ro\/2024\/jegyek\/","og_locale":"hu_HU","og_type":"article","og_title":"Jegyek","og_description":"Jegyek \u00e9s b\u00e9rletek el\u0151v\u00e9telben a Hargita Megyei Kultur\u00e1lis K\u00f6zpontban v\u00e1lthat\u00f3k \u00e9s a fesztiv\u00e1l alatt a koncertek helysz\u00edn\u00e9n, az el\u0151ad\u00e1sok el\u0151tt egy \u00f3r\u00e1val.","og_url":"https:\/\/regizene.ro\/2024\/jegyek\/","og_site_name":"Regizene","article_modified_time":"2024-07-11T18:24:18+00:00","og_image":[{"width":1920,"height":1080,"url":"https:\/\/regizene.ro\/2024\/wp-content\/uploads\/2024\/04\/Regizene_2024_Landing_BG-01.jpg","type":"image\/jpeg"}],"twitter_card":"summary_large_image","twitter_misc":{"Becs\u00fclt olvas\u00e1si id\u0151":"3 perc"},"schema":{"@context":"https:\/\/schema.org","@graph":[{"@type":"WebPage","@id":"https:\/\/regizene.ro\/2024\/jegyek\/","url":"https:\/\/regizene.ro\/2024\/jegyek\/","name":"Jegyek - Regizene","isPartOf":{"@id":"https:\/\/regizene.ro\/2024\/#website"},"datePublished":"2023-07-05T09:04:42+00:00","dateModified":"2024-07-11T18:24:18+00:00","breadcrumb":{"@id":"https:\/\/regizene.ro\/2024\/jegyek\/#breadcrumb"},"inLanguage":"hu","potentialAction":[{"@type":"ReadAction","target":["https:\/\/regizene.ro\/2024\/jegyek\/"]}]},{"@type":"BreadcrumbList","@id":"https:\/\/regizene.ro\/2024\/jegyek\/#breadcrumb","itemListElement":[{"@type":"ListItem","position":1,"name":"Kezd\u0151lap","item":"https:\/\/regizene.ro\/2024\/"},{"@type":"ListItem","position":2,"name":"Jegyek"}]},{"@type":"WebSite","@id":"https:\/\/regizene.ro\/2024\/#website","url":"https:\/\/regizene.ro\/2024\/","name":"Regizene","description":"","potentialAction":[{"@type":"SearchAction","target":{"@type":"EntryPoint","urlTemplate":"https:\/\/regizene.ro\/2024\/?s={search_term_string}"},"query-input":{"@type":"PropertyValueSpecification","valueRequired":true,"valueName":"search_term_string"}}],"inLanguage":"hu"}]}},"_links":{"self":[{"href":"https:\/\/regizene.ro\/2024\/wp-json\/wp\/v2\/pages\/644","targetHints":{"allow":["GET"]}}],"collection":[{"href":"https:\/\/regizene.ro\/2024\/wp-json\/wp\/v2\/pages"}],"about":[{"href":"https:\/\/regizene.ro\/2024\/wp-json\/wp\/v2\/types\/page"}],"author":[{"embeddable":true,"href":"https:\/\/regizene.ro\/2024\/wp-json\/wp\/v2\/users\/1"}],"replies":[{"embeddable":true,"href":"https:\/\/regizene.ro\/2024\/wp-json\/wp\/v2\/comments?post=644"}],"version-history":[{"count":22,"href":"https:\/\/regizene.ro\/2024\/wp-json\/wp\/v2\/pages\/644\/revisions"}],"predecessor-version":[{"id":1449,"href":"https:\/\/regizene.ro\/2024\/wp-json\/wp\/v2\/pages\/644\/revisions\/1449"}],"wp:attachment":[{"href":"https:\/\/regizene.ro\/2024\/wp-json\/wp\/v2\/media?parent=644"}],"curies":[{"name":"wp","href":"https:\/\/api.w.org\/{rel}","templated":true}]}}