{"id":650,"date":"2023-07-05T12:13:06","date_gmt":"2023-07-05T09:13:06","guid":{"rendered":"https:\/\/regizene.ro\/2024\/?page_id=650"},"modified":"2024-06-20T15:56:59","modified_gmt":"2024-06-20T12:56:59","slug":"bilete","status":"publish","type":"page","link":"https:\/\/regizene.ro\/2024\/language\/ro\/bilete\/","title":{"rendered":"Bilete"},"content":{"rendered":"[vc_row type=&#8221;full_width_background&#8221; full_screen_row_position=&#8221;middle&#8221; column_margin=&#8221;default&#8221; column_direction=&#8221;default&#8221; column_direction_tablet=&#8221;default&#8221; column_direction_phone=&#8221;default&#8221; bg_color=&#8221;#fafafa&#8221; scene_position=&#8221;center&#8221; top_padding=&#8221;5%&#8221; bottom_padding=&#8221;5%&#8221; text_color=&#8221;dark&#8221; text_align=&#8221;left&#8221; row_border_radius=&#8221;none&#8221; row_border_radius_applies=&#8221;bg&#8221; overflow=&#8221;visible&#8221; overlay_strength=&#8221;0.3&#8243; gradient_direction=&#8221;left_to_right&#8221; shape_divider_position=&#8221;bottom&#8221; bg_image_animation=&#8221;none&#8221; gradient_type=&#8221;default&#8221; shape_type=&#8221;&#8221;][vc_column top_padding_desktop=&#8221;60px&#8221; bottom_padding_desktop=&#8221;60px&#8221; left_padding_desktop=&#8221;100px&#8221; right_padding_desktop=&#8221;100px&#8221; top_margin=&#8221;-200px&#8221; column_element_direction_desktop=&#8221;default&#8221; column_element_spacing=&#8221;default&#8221; desktop_text_alignment=&#8221;default&#8221; tablet_text_alignment=&#8221;default&#8221; phone_text_alignment=&#8221;default&#8221; background_color=&#8221;#ffffff&#8221; background_color_opacity=&#8221;1&#8243; background_hover_color_opacity=&#8221;1&#8243; column_backdrop_filter=&#8221;none&#8221; column_shadow=&#8221;custom&#8221; column_border_radius=&#8221;none&#8221; column_link_target=&#8221;_self&#8221; column_position=&#8221;default&#8221; gradient_direction=&#8221;left_to_right&#8221; overlay_strength=&#8221;0.3&#8243; width=&#8221;8\/12&#8243; tablet_width_inherit=&#8221;default&#8221; animation_type=&#8221;default&#8221; bg_image_animation=&#8221;none&#8221; border_type=&#8221;simple&#8221; column_border_width=&#8221;none&#8221; column_border_style=&#8221;solid&#8221; column_padding_type=&#8221;advanced&#8221; custom_box_shadow=&#8221;horizontal:0,vertical:0,blur:10,spread:0,opacity:0.15&#8243; gradient_type=&#8221;default&#8221;][vc_column_text css=&#8221;.vc_custom_1718888200934{margin-bottom: 50px !important;}&#8221;]<strong>\u00a0<\/strong><\/p>\n<table width=\"803\">\n<thead>\n<tr>\n<td width=\"113\"><strong>Data<\/strong><\/td>\n<td width=\"90\"><strong>Ora<\/strong><\/td>\n<td width=\"295\"><strong>Concert, eveniment<\/strong><\/td>\n<td width=\"185\"><strong>Loca\u021bie<\/strong><\/td>\n<td width=\"120\"><strong>Bilet<a href=\"#_ftn1\" name=\"_ftnref1\"><sup>[1]<\/sup><\/a><\/strong><\/td>\n<\/tr>\n<tr>\n<td width=\"113\">S\u00e2mb\u0103t\u0103, 13 iulie<\/td>\n<td width=\"90\">18.00<\/td>\n<td width=\"295\"><strong>Deschiderea oficial\u0103 a Festivalului<\/strong><\/td>\n<td rowspan=\"3\" width=\"185\">Cetatea Mik\u00f3*<\/td>\n<td rowspan=\"3\" width=\"120\">30\/20 lei<\/td>\n<\/tr>\n<tr>\n<td rowspan=\"2\" width=\"113\"><\/td>\n<td width=\"90\">18.30<\/td>\n<td width=\"295\"><strong>MUSICA HISTORICA \/ HU<\/strong><\/td>\n<\/tr>\n<tr>\n<td width=\"90\">19.30<\/td>\n<td width=\"295\"><strong>SEBESTY\u00c9N M\u00c1RTA &amp; ANDREJSZKI JUDIT \u0219i invita\u021bii s\u0103i \/ HU, RO<\/strong><\/td>\n<\/tr>\n<tr>\n<td width=\"113\">Duminic\u0103, 14 iulie<\/td>\n<td width=\"90\">11.30<\/td>\n<td width=\"295\"><strong>ARS PRO TOTO \/ RO<\/strong><\/td>\n<td width=\"185\">Biserica unitarian\u0103<\/td>\n<td width=\"120\">Intrare liber<\/td>\n<\/tr>\n<tr>\n<td width=\"113\"><\/td>\n<td width=\"90\">19.00<\/td>\n<td width=\"295\"><strong>INTO THE WINDS \/ FR<\/strong><\/td>\n<td width=\"185\">Cetatea Mik\u00f3*<\/td>\n<td width=\"120\">30\/20 lei<\/td>\n<\/tr>\n<tr>\n<td width=\"113\">Luni, 15 iulie<\/td>\n<td width=\"90\">19.00<\/td>\n<td width=\"295\"><strong>CONCERTO SPIRALIS \/ RO, HU<\/strong><\/td>\n<td width=\"185\">Biserica reformat\u0103<\/td>\n<td width=\"120\">20\/15 lei<\/td>\n<\/tr>\n<tr>\n<td width=\"113\"><\/td>\n<td width=\"90\">21.00<\/td>\n<td width=\"295\"><strong>NICHOLAS PARLE \/ EN<\/strong><\/td>\n<td width=\"185\">Centrul Cultural Zeng\u0151 T\u00e9r<\/td>\n<td width=\"120\">20\/15 lei<\/td>\n<\/tr>\n<tr>\n<td width=\"113\">Mar\u021bi, 16 iulie<\/td>\n<td width=\"90\">19.00<\/td>\n<td width=\"295\"><strong>MAD\u00c9FALVI SCHOLA &amp; LUX AURUMQUE \/ RO<\/strong><\/td>\n<td width=\"185\">Sanctuarul Franciscan de la \u0218umuleu Ciuc<\/td>\n<td width=\"120\">Intrare liber\u0103<\/td>\n<\/tr>\n<tr>\n<td width=\"113\">Miercuri, 17 iulie<\/td>\n<td width=\"90\">21.00<\/td>\n<td width=\"295\"><strong>T\u00d3TH-VAJNA ZSOMBOR \/ HU<\/strong><\/td>\n<td width=\"185\">Biserica Milenar\u0103<\/td>\n<td width=\"120\">20\/15 lei<\/td>\n<\/tr>\n<tr>\n<td width=\"113\">Joi, 18 iulie<\/td>\n<td width=\"90\">19.00<\/td>\n<td width=\"295\"><strong>SEMPRE \/ RO<\/strong><\/td>\n<td width=\"185\">Cinema Cs\u00edki Mozi<\/td>\n<td width=\"120\">20\/15 lei<\/td>\n<\/tr>\n<tr>\n<td width=\"113\"><\/td>\n<td width=\"90\">21.00<\/td>\n<td width=\"295\"><strong>F\u00dcL\u00d6P M\u00c1RIA &amp; VIT\u00c1RIUS PIROSKA \/ CH, HU<\/strong><\/td>\n<td width=\"185\">Cetatea Mik\u00f3, sala din bastionul de nord-vest<\/td>\n<td width=\"120\">20\/15 lei<\/td>\n<\/tr>\n<tr>\n<td width=\"113\">Vineri, 19 iulie<\/td>\n<td width=\"90\">19.30<\/td>\n<td width=\"295\"><strong>BAROQUE FESTIVAL ORCHESTRA \/ RO, HU, DE<\/strong><\/td>\n<td width=\"185\">Biserica Sf. Augustin<\/td>\n<td width=\"120\">30\/20 lei<\/td>\n<\/tr>\n<tr>\n<td width=\"113\">S\u00e2mb\u0103t\u0103, 20 iulie<\/td>\n<td width=\"90\">11.00<\/td>\n<td width=\"295\"><strong>Zi renascentist\u0103 dedicat\u0103 copiilor<\/strong><\/p>\n<p><strong>\u00a0<\/strong><\/td>\n<td width=\"185\">Cetatea Mik\u00f3<\/p>\n<p>&nbsp;<\/td>\n<td width=\"120\">15 lei<\/td>\n<\/tr>\n<tr>\n<td width=\"113\"><\/td>\n<td width=\"90\">16.00<\/td>\n<td width=\"295\"><strong>FLAUTO DOLCE \u00c9S HEGYI G\u00c1BOR \/ RO, DE<\/strong><\/td>\n<td width=\"185\">Siculicidium \u2013 Capela Sf. Ana \ud83d\ude8c<\/td>\n<td width=\"120\">Intrare liber\u0103<\/td>\n<\/tr>\n<tr>\n<td width=\"113\"><\/td>\n<td width=\"90\">18.30<\/td>\n<td width=\"295\"><strong>CARMINA RENASCENTIA \/ RO<\/strong><\/td>\n<td rowspan=\"3\" width=\"185\">Cetatea Mik\u00f3*<\/td>\n<td rowspan=\"3\" width=\"120\">30\/20 lei<\/td>\n<\/tr>\n<tr>\n<td width=\"113\"><\/td>\n<td width=\"90\">19.30<\/td>\n<td width=\"295\"><strong>CODEX \/ RO<\/strong><\/td>\n<\/tr>\n<tr>\n<td width=\"113\"><\/td>\n<td width=\"90\">20.30<\/td>\n<td width=\"295\"><strong>Casa dansului renascentist<\/strong><\/td>\n<\/tr>\n<tr>\n<td width=\"113\">Duminic\u0103, 21 iulie<\/td>\n<td width=\"90\">16.00<\/td>\n<td width=\"295\"><strong>Picnic de muzic\u0103 veche cu forma\u021biile Codex \u0219i Musica Historica<\/strong><\/td>\n<td width=\"185\">Conacul Henter \ud83d\ude8c<\/td>\n<td width=\"120\">Intrare liber\u0103<\/td>\n<\/tr>\n<\/thead>\n<\/table>\n<p>ABONAMENT DE FESTIVAL: Pre\u021bul abonamentului \u00eentreg, valabil pentru toate concertele festivalului, este de <strong>150 lei\/persoan\u0103<\/strong>, pentru studen\u021bi \u0219i pensionari <strong>100 lei\/persoan\u0103<\/strong>.<\/p>\n<p>Biletele \u0219i abonamentele se pot achizi\u021biona, \u00een prealabil \u0219i \u00een timpul festivalului, la Centrul Cultural Jude\u021bean Harghita, respectiv, la locul de concert, cu o or\u0103 \u00eenainte de \u00eenceperea spectacolelor.<\/p>\n<p>Intrarea liber\u0103 pentru copii sub 14 ani.<\/p>\n<p>* \u00cen caz de vreme nefavorabil\u0103, Sala Mare a Teatrului Municipal \u201eCs\u00edki J\u00e1t\u00e9ksz\u00edn\u201d.<\/p>\n<p>\ud83d\ude8c Cu o jum\u0103tate de or\u0103 \u00eenainte de concert, se asigur\u0103 transport pentru publicul interesat, cu plecare din parcarea de l\u00e2ng\u0103 Sala Sporturilor \u201eEr\u0151ss Zsolt\u201d.<\/p>\n<p><a href=\"#_ftnref1\" name=\"_ftn1\"><sup>[1]<\/sup><\/a> Pe l\u00e2ng\u0103 biletele cu pre\u021b \u00eentreg, oferim \u0219i bilete cu reducere pentru studen\u021bi \u0219i pensionari.[\/vc_column_text][\/vc_column][vc_column column_padding=&#8221;no-extra-padding&#8221; column_padding_tablet=&#8221;inherit&#8221; column_padding_phone=&#8221;inherit&#8221; column_padding_position=&#8221;all&#8221; column_element_direction_desktop=&#8221;default&#8221; column_element_spacing=&#8221;default&#8221; desktop_text_alignment=&#8221;default&#8221; tablet_text_alignment=&#8221;default&#8221; phone_text_alignment=&#8221;default&#8221; background_color_opacity=&#8221;1&#8243; background_hover_color_opacity=&#8221;1&#8243; column_backdrop_filter=&#8221;none&#8221; column_shadow=&#8221;none&#8221; column_border_radius=&#8221;none&#8221; column_link_target=&#8221;_self&#8221; column_position=&#8221;default&#8221; el_class=&#8221;contact-image&#8221; gradient_direction=&#8221;left_to_right&#8221; overlay_strength=&#8221;0.3&#8243; width=&#8221;4\/12&#8243; tablet_width_inherit=&#8221;default&#8221; animation_type=&#8221;default&#8221; bg_image_animation=&#8221;none&#8221; border_type=&#8221;simple&#8221; column_border_width=&#8221;none&#8221; column_border_style=&#8221;solid&#8221; column_padding_type=&#8221;default&#8221; gradient_type=&#8221;default&#8221;][image_with_animation image_url=&#8221;75&#8243; image_size=&#8221;full&#8221; animation_type=&#8221;entrance&#8221; animation=&#8221;None&#8221; animation_movement_type=&#8221;transform_y&#8221; hover_animation=&#8221;none&#8221; alignment=&#8221;&#8221; border_radius=&#8221;none&#8221; box_shadow=&#8221;none&#8221; image_loading=&#8221;default&#8221; max_width=&#8221;100%&#8221; max_width_mobile=&#8221;default&#8221; el_class=&#8221;hide-mobile&#8221; margin_top=&#8221;100px&#8221;][\/vc_column][vc_column column_padding=&#8221;no-extra-padding&#8221; column_padding_tablet=&#8221;inherit&#8221; column_padding_phone=&#8221;inherit&#8221; column_padding_position=&#8221;all&#8221; column_element_direction_desktop=&#8221;default&#8221; column_element_spacing=&#8221;default&#8221; desktop_text_alignment=&#8221;default&#8221; tablet_text_alignment=&#8221;default&#8221; phone_text_alignment=&#8221;default&#8221; background_color_opacity=&#8221;1&#8243; background_hover_color_opacity=&#8221;1&#8243; column_backdrop_filter=&#8221;none&#8221; column_shadow=&#8221;none&#8221; column_border_radius=&#8221;none&#8221; column_link_target=&#8221;_self&#8221; column_position=&#8221;default&#8221; gradient_direction=&#8221;left_to_right&#8221; overlay_strength=&#8221;0.3&#8243; width=&#8221;1\/1&#8243; tablet_width_inherit=&#8221;default&#8221; animation_type=&#8221;default&#8221; bg_image_animation=&#8221;none&#8221; border_type=&#8221;simple&#8221; column_border_width=&#8221;none&#8221; column_border_style=&#8221;solid&#8221;][\/vc_column][vc_column column_padding=&#8221;no-extra-padding&#8221; column_padding_tablet=&#8221;inherit&#8221; column_padding_phone=&#8221;inherit&#8221; column_padding_position=&#8221;all&#8221; column_element_direction_desktop=&#8221;default&#8221; column_element_spacing=&#8221;default&#8221; desktop_text_alignment=&#8221;default&#8221; tablet_text_alignment=&#8221;default&#8221; phone_text_alignment=&#8221;default&#8221; background_color_opacity=&#8221;1&#8243; background_hover_color_opacity=&#8221;1&#8243; column_backdrop_filter=&#8221;none&#8221; column_shadow=&#8221;none&#8221; column_border_radius=&#8221;none&#8221; column_link_target=&#8221;_self&#8221; column_position=&#8221;default&#8221; gradient_direction=&#8221;left_to_right&#8221; overlay_strength=&#8221;0.3&#8243; width=&#8221;1\/1&#8243; tablet_width_inherit=&#8221;default&#8221; animation_type=&#8221;default&#8221; bg_image_animation=&#8221;none&#8221; border_type=&#8221;simple&#8221; column_border_width=&#8221;none&#8221; column_border_style=&#8221;solid&#8221;][\/vc_column][\/vc_row]\n","protected":false},"excerpt":{"rendered":"<p>[vc_row type=&#8221;full_width_background&#8221; full_screen_row_position=&#8221;middle&#8221; column_margin=&#8221;default&#8221; column_direction=&#8221;default&#8221; column_direction_tablet=&#8221;default&#8221; column_direction_phone=&#8221;default&#8221; bg_color=&#8221;#fafafa&#8221; scene_position=&#8221;center&#8221; top_padding=&#8221;5%&#8221; bottom_padding=&#8221;5%&#8221; text_color=&#8221;dark&#8221; text_align=&#8221;left&#8221; row_border_radius=&#8221;none&#8221; row_border_radius_applies=&#8221;bg&#8221; overflow=&#8221;visible&#8221; overlay_strength=&#8221;0.3&#8243; gradient_direction=&#8221;left_to_right&#8221; shape_divider_position=&#8221;bottom&#8221; bg_image_animation=&#8221;none&#8221; gradient_type=&#8221;default&#8221; shape_type=&#8221;&#8221;][vc_column top_padding_desktop=&#8221;60px&#8221; bottom_padding_desktop=&#8221;60px&#8221; left_padding_desktop=&#8221;100px&#8221; right_padding_desktop=&#8221;100px&#8221; top_margin=&#8221;-200px&#8221; column_element_direction_desktop=&#8221;default&#8221; column_element_spacing=&#8221;default&#8221; desktop_text_alignment=&#8221;default&#8221;&#8230;<\/p>\n","protected":false},"author":1,"featured_media":0,"parent":0,"menu_order":0,"comment_status":"closed","ping_status":"closed","template":"","meta":{"footnotes":""},"class_list":["post-650","page","type-page","status-publish"],"yoast_head":"<!-- This site is optimized with the Yoast SEO plugin v24.9 - https:\/\/yoast.com\/wordpress\/plugins\/seo\/ -->\n<title>Bilete - Regizene<\/title>\n<meta name=\"robots\" content=\"index, follow, max-snippet:-1, max-image-preview:large, max-video-preview:-1\" \/>\n<link rel=\"canonical\" href=\"https:\/\/regizene.ro\/2024\/language\/ro\/bilete\/\" \/>\n<meta property=\"og:locale\" content=\"hu_HU\" \/>\n<meta property=\"og:type\" content=\"article\" \/>\n<meta property=\"og:title\" content=\"Bilete - Regizene\" \/>\n<meta property=\"og:description\" content=\"[vc_row type=&#8221;full_width_background&#8221; full_screen_row_position=&#8221;middle&#8221; column_margin=&#8221;default&#8221; column_direction=&#8221;default&#8221; column_direction_tablet=&#8221;default&#8221; column_direction_phone=&#8221;default&#8221; bg_color=&#8221;#fafafa&#8221; scene_position=&#8221;center&#8221; top_padding=&#8221;5%&#8221; bottom_padding=&#8221;5%&#8221; text_color=&#8221;dark&#8221; text_align=&#8221;left&#8221; row_border_radius=&#8221;none&#8221; row_border_radius_applies=&#8221;bg&#8221; overflow=&#8221;visible&#8221; overlay_strength=&#8221;0.3&#8243; gradient_direction=&#8221;left_to_right&#8221; shape_divider_position=&#8221;bottom&#8221; bg_image_animation=&#8221;none&#8221; gradient_type=&#8221;default&#8221; shape_type=&#8221;&#8221;][vc_column top_padding_desktop=&#8221;60px&#8221; bottom_padding_desktop=&#8221;60px&#8221; left_padding_desktop=&#8221;100px&#8221; right_padding_desktop=&#8221;100px&#8221; top_margin=&#8221;-200px&#8221; column_element_direction_desktop=&#8221;default&#8221; column_element_spacing=&#8221;default&#8221; desktop_text_alignment=&#8221;default&#8221;...\" \/>\n<meta property=\"og:url\" content=\"https:\/\/regizene.ro\/2024\/language\/ro\/bilete\/\" \/>\n<meta property=\"og:site_name\" content=\"Regizene\" \/>\n<meta property=\"article:modified_time\" content=\"2024-06-20T12:56:59+00:00\" \/>\n<meta name=\"twitter:card\" content=\"summary_large_image\" \/>\n<meta name=\"twitter:label1\" content=\"Becs\u00fclt olvas\u00e1si id\u0151\" \/>\n\t<meta name=\"twitter:data1\" content=\"3 perc\" \/>\n<script type=\"application\/ld+json\" class=\"yoast-schema-graph\">{\"@context\":\"https:\/\/schema.org\",\"@graph\":[{\"@type\":\"WebPage\",\"@id\":\"https:\/\/regizene.ro\/2024\/language\/ro\/bilete\/\",\"url\":\"https:\/\/regizene.ro\/2024\/language\/ro\/bilete\/\",\"name\":\"Bilete - Regizene\",\"isPartOf\":{\"@id\":\"https:\/\/regizene.ro\/2024\/#website\"},\"datePublished\":\"2023-07-05T09:13:06+00:00\",\"dateModified\":\"2024-06-20T12:56:59+00:00\",\"breadcrumb\":{\"@id\":\"https:\/\/regizene.ro\/2024\/language\/ro\/bilete\/#breadcrumb\"},\"inLanguage\":\"hu\",\"potentialAction\":[{\"@type\":\"ReadAction\",\"target\":[\"https:\/\/regizene.ro\/2024\/language\/ro\/bilete\/\"]}]},{\"@type\":\"BreadcrumbList\",\"@id\":\"https:\/\/regizene.ro\/2024\/language\/ro\/bilete\/#breadcrumb\",\"itemListElement\":[{\"@type\":\"ListItem\",\"position\":1,\"name\":\"Kezd\u0151lap\",\"item\":\"https:\/\/regizene.ro\/2024\/\"},{\"@type\":\"ListItem\",\"position\":2,\"name\":\"Bilete\"}]},{\"@type\":\"WebSite\",\"@id\":\"https:\/\/regizene.ro\/2024\/#website\",\"url\":\"https:\/\/regizene.ro\/2024\/\",\"name\":\"Regizene\",\"description\":\"\",\"potentialAction\":[{\"@type\":\"SearchAction\",\"target\":{\"@type\":\"EntryPoint\",\"urlTemplate\":\"https:\/\/regizene.ro\/2024\/?s={search_term_string}\"},\"query-input\":{\"@type\":\"PropertyValueSpecification\",\"valueRequired\":true,\"valueName\":\"search_term_string\"}}],\"inLanguage\":\"hu\"}]}<\/script>\n<!-- \/ Yoast SEO plugin. -->","yoast_head_json":{"title":"Bilete - Regizene","robots":{"index":"index","follow":"follow","max-snippet":"max-snippet:-1","max-image-preview":"max-image-preview:large","max-video-preview":"max-video-preview:-1"},"canonical":"https:\/\/regizene.ro\/2024\/language\/ro\/bilete\/","og_locale":"hu_HU","og_type":"article","og_title":"Bilete - Regizene","og_description":"[vc_row type=&#8221;full_width_background&#8221; full_screen_row_position=&#8221;middle&#8221; column_margin=&#8221;default&#8221; column_direction=&#8221;default&#8221; column_direction_tablet=&#8221;default&#8221; column_direction_phone=&#8221;default&#8221; bg_color=&#8221;#fafafa&#8221; scene_position=&#8221;center&#8221; top_padding=&#8221;5%&#8221; bottom_padding=&#8221;5%&#8221; text_color=&#8221;dark&#8221; text_align=&#8221;left&#8221; row_border_radius=&#8221;none&#8221; row_border_radius_applies=&#8221;bg&#8221; overflow=&#8221;visible&#8221; overlay_strength=&#8221;0.3&#8243; gradient_direction=&#8221;left_to_right&#8221; shape_divider_position=&#8221;bottom&#8221; bg_image_animation=&#8221;none&#8221; gradient_type=&#8221;default&#8221; shape_type=&#8221;&#8221;][vc_column top_padding_desktop=&#8221;60px&#8221; bottom_padding_desktop=&#8221;60px&#8221; left_padding_desktop=&#8221;100px&#8221; right_padding_desktop=&#8221;100px&#8221; top_margin=&#8221;-200px&#8221; column_element_direction_desktop=&#8221;default&#8221; column_element_spacing=&#8221;default&#8221; desktop_text_alignment=&#8221;default&#8221;...","og_url":"https:\/\/regizene.ro\/2024\/language\/ro\/bilete\/","og_site_name":"Regizene","article_modified_time":"2024-06-20T12:56:59+00:00","twitter_card":"summary_large_image","twitter_misc":{"Becs\u00fclt olvas\u00e1si id\u0151":"3 perc"},"schema":{"@context":"https:\/\/schema.org","@graph":[{"@type":"WebPage","@id":"https:\/\/regizene.ro\/2024\/language\/ro\/bilete\/","url":"https:\/\/regizene.ro\/2024\/language\/ro\/bilete\/","name":"Bilete - Regizene","isPartOf":{"@id":"https:\/\/regizene.ro\/2024\/#website"},"datePublished":"2023-07-05T09:13:06+00:00","dateModified":"2024-06-20T12:56:59+00:00","breadcrumb":{"@id":"https:\/\/regizene.ro\/2024\/language\/ro\/bilete\/#breadcrumb"},"inLanguage":"hu","potentialAction":[{"@type":"ReadAction","target":["https:\/\/regizene.ro\/2024\/language\/ro\/bilete\/"]}]},{"@type":"BreadcrumbList","@id":"https:\/\/regizene.ro\/2024\/language\/ro\/bilete\/#breadcrumb","itemListElement":[{"@type":"ListItem","position":1,"name":"Kezd\u0151lap","item":"https:\/\/regizene.ro\/2024\/"},{"@type":"ListItem","position":2,"name":"Bilete"}]},{"@type":"WebSite","@id":"https:\/\/regizene.ro\/2024\/#website","url":"https:\/\/regizene.ro\/2024\/","name":"Regizene","description":"","potentialAction":[{"@type":"SearchAction","target":{"@type":"EntryPoint","urlTemplate":"https:\/\/regizene.ro\/2024\/?s={search_term_string}"},"query-input":{"@type":"PropertyValueSpecification","valueRequired":true,"valueName":"search_term_string"}}],"inLanguage":"hu"}]}},"_links":{"self":[{"href":"https:\/\/regizene.ro\/2024\/wp-json\/wp\/v2\/pages\/650","targetHints":{"allow":["GET"]}}],"collection":[{"href":"https:\/\/regizene.ro\/2024\/wp-json\/wp\/v2\/pages"}],"about":[{"href":"https:\/\/regizene.ro\/2024\/wp-json\/wp\/v2\/types\/page"}],"author":[{"embeddable":true,"href":"https:\/\/regizene.ro\/2024\/wp-json\/wp\/v2\/users\/1"}],"replies":[{"embeddable":true,"href":"https:\/\/regizene.ro\/2024\/wp-json\/wp\/v2\/comments?post=650"}],"version-history":[{"count":13,"href":"https:\/\/regizene.ro\/2024\/wp-json\/wp\/v2\/pages\/650\/revisions"}],"predecessor-version":[{"id":1450,"href":"https:\/\/regizene.ro\/2024\/wp-json\/wp\/v2\/pages\/650\/revisions\/1450"}],"wp:attachment":[{"href":"https:\/\/regizene.ro\/2024\/wp-json\/wp\/v2\/media?parent=650"}],"curies":[{"name":"wp","href":"https:\/\/api.w.org\/{rel}","templated":true}]}}