{"id":655,"date":"2023-07-05T12:18:38","date_gmt":"2023-07-05T09:18:38","guid":{"rendered":"https:\/\/regizene.ro\/2024\/?page_id=655"},"modified":"2024-06-20T16:03:08","modified_gmt":"2024-06-20T13:03:08","slug":"tickets","status":"publish","type":"page","link":"https:\/\/regizene.ro\/2024\/language\/en\/tickets\/","title":{"rendered":"Tickets"},"content":{"rendered":"[vc_row type=&#8221;full_width_background&#8221; full_screen_row_position=&#8221;middle&#8221; column_margin=&#8221;default&#8221; column_direction=&#8221;default&#8221; column_direction_tablet=&#8221;default&#8221; column_direction_phone=&#8221;default&#8221; bg_color=&#8221;#fafafa&#8221; scene_position=&#8221;center&#8221; top_padding=&#8221;5%&#8221; bottom_padding=&#8221;5%&#8221; text_color=&#8221;dark&#8221; text_align=&#8221;left&#8221; row_border_radius=&#8221;none&#8221; row_border_radius_applies=&#8221;bg&#8221; overflow=&#8221;visible&#8221; overlay_strength=&#8221;0.3&#8243; gradient_direction=&#8221;left_to_right&#8221; shape_divider_position=&#8221;bottom&#8221; bg_image_animation=&#8221;none&#8221; gradient_type=&#8221;default&#8221; shape_type=&#8221;&#8221;][vc_column top_padding_desktop=&#8221;60px&#8221; bottom_padding_desktop=&#8221;60px&#8221; left_padding_desktop=&#8221;100px&#8221; right_padding_desktop=&#8221;100px&#8221; top_margin=&#8221;-200px&#8221; column_element_direction_desktop=&#8221;default&#8221; column_element_spacing=&#8221;default&#8221; desktop_text_alignment=&#8221;default&#8221; tablet_text_alignment=&#8221;default&#8221; phone_text_alignment=&#8221;default&#8221; background_color=&#8221;#ffffff&#8221; background_color_opacity=&#8221;1&#8243; background_hover_color_opacity=&#8221;1&#8243; column_backdrop_filter=&#8221;none&#8221; column_shadow=&#8221;custom&#8221; column_border_radius=&#8221;none&#8221; column_link_target=&#8221;_self&#8221; column_position=&#8221;default&#8221; gradient_direction=&#8221;left_to_right&#8221; overlay_strength=&#8221;0.3&#8243; width=&#8221;8\/12&#8243; tablet_width_inherit=&#8221;default&#8221; animation_type=&#8221;default&#8221; bg_image_animation=&#8221;none&#8221; border_type=&#8221;simple&#8221; column_border_width=&#8221;none&#8221; column_border_style=&#8221;solid&#8221; column_padding_type=&#8221;advanced&#8221; custom_box_shadow=&#8221;horizontal:0,vertical:0,blur:10,spread:0,opacity:0.15&#8243; gradient_type=&#8221;default&#8221;][vc_column_text css=&#8221;.vc_custom_1718888585810{margin-bottom: 50px !important;}&#8221;]\n<table width=\"803\">\n<thead>\n<tr>\n<td width=\"113\"><strong>Date<\/strong><\/td>\n<td width=\"90\"><strong>Hour<\/strong><\/td>\n<td width=\"285\"><strong>Concert \/ Event<\/strong><\/td>\n<td width=\"173\"><strong>Place<\/strong><\/td>\n<td width=\"143\"><strong>Ticket<a href=\"#_ftn1\" name=\"_ftnref1\"><sup>[1]<\/sup><\/a><\/strong><\/td>\n<\/tr>\n<tr>\n<td width=\"113\">Saturday, 13 July<\/td>\n<td width=\"90\">18.00<\/td>\n<td width=\"285\"><strong>Opening Ceremony of the Festival<\/strong><\/td>\n<td rowspan=\"3\" width=\"173\">Mik\u00f3 Castle*<\/td>\n<td rowspan=\"3\" width=\"143\">30\/20 lei<\/td>\n<\/tr>\n<tr>\n<td width=\"113\"><\/td>\n<td width=\"90\">18.30<\/td>\n<td width=\"285\"><strong>MUSICA HISTORICA \/ HU<\/strong><\/td>\n<\/tr>\n<tr>\n<td width=\"113\"><\/td>\n<td width=\"90\">19.30<\/td>\n<td width=\"285\"><strong>SEBESTY\u00c9N M\u00c1RTA &amp; ANDREJSZKI JUDIT and their guests \/ HU, RO<\/strong><\/td>\n<\/tr>\n<tr>\n<td width=\"113\">Sunday, 14 July<\/td>\n<td width=\"90\">11.30<\/p>\n<p>&nbsp;<\/p>\n<p>19.00<\/td>\n<td width=\"285\"><strong>ARS PRO TOTO \/ RO<\/strong><\/p>\n<p><strong>\u00a0<\/strong><\/p>\n<p><strong>INTO THE WINDS \/ FR<\/strong><\/td>\n<td width=\"173\">Unitarian Church<\/p>\n<p>&nbsp;<\/p>\n<p>Mik\u00f3 Castle*<\/td>\n<td width=\"143\">Admission free<\/p>\n<p>&nbsp;<\/p>\n<p>30\/20 lei<\/td>\n<\/tr>\n<tr>\n<td width=\"113\">Monday, 15 July<\/td>\n<td width=\"90\">19.00<\/p>\n<p>&nbsp;<\/p>\n<p>21.00<\/td>\n<td width=\"285\"><strong>CONCERTO SPIRALIS \/ RO, HU<\/strong><\/p>\n<p><strong>\u00a0<\/strong><\/p>\n<p><strong>NICHOLAS PARLE \/ EN<\/strong><\/td>\n<td width=\"173\">Reformed Church<\/p>\n<p>&nbsp;<\/p>\n<p>Zeng\u0151 T\u00e9r Cultural Center<\/td>\n<td width=\"143\">20\/15 lei<\/p>\n<p>&nbsp;<\/p>\n<p>20\/15 lei<\/td>\n<\/tr>\n<tr>\n<td width=\"113\">Tuesday, 16 July<\/td>\n<td width=\"90\">19.00<\/td>\n<td width=\"285\"><strong>MAD\u00c9FALVI SCHOLA &amp; LUX AURUMQUE \/ RO<\/strong><\/td>\n<td width=\"173\">Franciscan Church of \u0218umuleu Ciuc<\/td>\n<td width=\"143\">Admission free<\/td>\n<\/tr>\n<tr>\n<td width=\"113\">Wednesday, 17 July<\/td>\n<td width=\"90\">21.00<\/td>\n<td width=\"285\"><strong>T\u00d3TH-VAJNA ZSOMBOR \/ HU<\/strong><\/td>\n<td width=\"173\">Millennium Church<\/td>\n<td width=\"143\">20\/15 lei<\/td>\n<\/tr>\n<tr>\n<td width=\"113\">Thursday, 18 July<\/td>\n<td width=\"90\">19.00<\/p>\n<p>&nbsp;<\/p>\n<p>21.00<\/td>\n<td width=\"285\"><strong>SEMPRE \/ RO<\/strong><\/p>\n<p><strong>\u00a0<\/strong><\/p>\n<p><strong>F\u00dcL\u00d6P M\u00c1RIA &amp; VIT\u00c1RIUS PIROSKA \/ CH, HU<\/strong><\/td>\n<td width=\"173\">Cinema Cs\u00edki Mozi<\/p>\n<p>&nbsp;<\/p>\n<p>Mik\u00f3 Castle, Northwestern Bastion Hall<\/td>\n<td width=\"143\">20\/15 lei<\/p>\n<p>&nbsp;<\/p>\n<p>20\/15 lei<\/td>\n<\/tr>\n<tr>\n<td width=\"113\">Friday, 19 July<\/td>\n<td width=\"90\">19.30<\/td>\n<td width=\"285\"><strong>BAROQUE FESTIVAL ORCHESTRA \/ RO, HU, DE<\/strong><\/td>\n<td width=\"173\">Saint Augustine Church<\/td>\n<td width=\"143\">30\/20 lei<\/td>\n<\/tr>\n<tr>\n<td width=\"113\">Saturday, 20 July<\/td>\n<td width=\"90\">11.00<\/p>\n<p>&nbsp;<\/p>\n<p>16.00<\/p>\n<p>&nbsp;<\/p>\n<p>&nbsp;<\/p>\n<p>18.30<\/p>\n<p>19.30<\/p>\n<p>20.30<\/td>\n<td width=\"285\"><strong>Children\u2019s Renaissance Day<\/strong><\/p>\n<p><strong>\u00a0<\/strong><\/p>\n<p><strong>FLAUTO DOLCE \u00c9S HEGYI G\u00c1BOR \/ RO, DE<\/strong><\/p>\n<p><strong>\u00a0<\/strong><\/p>\n<p><strong>CARMINA RENASCENTIA \/ RO<\/strong><\/p>\n<p><strong>CODEX \/ RO<\/strong><\/p>\n<p><strong>Renaissance Dance event<\/strong><\/td>\n<td width=\"173\">Mik\u00f3 Castle<\/p>\n<p>&nbsp;<\/p>\n<p>Siculicidium \u2013 Saint Anne Chapel \ud83d\ude8c<\/p>\n<p>&nbsp;<\/p>\n<p>Mik\u00f3 Castle*<\/p>\n<p>&nbsp;<\/td>\n<td width=\"143\">15 lei<\/p>\n<p>&nbsp;<\/p>\n<p>Admission free<\/p>\n<p>&nbsp;<\/p>\n<p>&nbsp;<\/p>\n<p>30\/20 lei<\/p>\n<p>&nbsp;<\/td>\n<\/tr>\n<tr>\n<td width=\"113\">Sunday, 21 July<\/td>\n<td width=\"90\">16.00<\/td>\n<td width=\"285\"><strong>Early Music Picnic with the Codex and the Musica Historica<\/strong><\/td>\n<td width=\"173\">Henter Mansion \ud83d\ude8c<\/td>\n<td width=\"143\">Admission free<\/td>\n<\/tr>\n<\/thead>\n<\/table>\n<p>&nbsp;<\/p>\n<p>CONCERT PASS: the price of the concert pass valid for all concerts of the festival is <strong>150 lei\/person<\/strong>, for students and pensioners <strong>100 lei\/person<\/strong>.<\/p>\n<p>&nbsp;<\/p>\n<p>Tickets and passes can be purchased in advance and during the festival at the Harghita County Cultural Centre, or at the concert venue one hour before the performances.<\/p>\n<p>&nbsp;<\/p>\n<p>Admission for children under 14 years is free.<\/p>\n<p>\ud83d\ude8c A bus will leave from the parking lot of the Er\u0151ss Zsolt Arena half an hour before the event.<\/p>\n<p>* In case of unfavourable weather, in the Great Hall of the Cs\u00edki J\u00e1t\u00e9ksz\u00edn Theatre.<\/p>\n<p><a href=\"#_ftnref1\" name=\"_ftn1\"><sup>[1]<\/sup><\/a> In addition to full-price tickets, we also provide discounted tickets for students and pensioners.[\/vc_column_text][\/vc_column][vc_column column_padding=&#8221;no-extra-padding&#8221; column_padding_tablet=&#8221;inherit&#8221; column_padding_phone=&#8221;inherit&#8221; column_padding_position=&#8221;all&#8221; column_element_direction_desktop=&#8221;default&#8221; column_element_spacing=&#8221;default&#8221; desktop_text_alignment=&#8221;default&#8221; tablet_text_alignment=&#8221;default&#8221; phone_text_alignment=&#8221;default&#8221; background_color_opacity=&#8221;1&#8243; background_hover_color_opacity=&#8221;1&#8243; column_backdrop_filter=&#8221;none&#8221; column_shadow=&#8221;none&#8221; column_border_radius=&#8221;none&#8221; column_link_target=&#8221;_self&#8221; column_position=&#8221;default&#8221; el_class=&#8221;contact-image&#8221; gradient_direction=&#8221;left_to_right&#8221; overlay_strength=&#8221;0.3&#8243; width=&#8221;4\/12&#8243; tablet_width_inherit=&#8221;default&#8221; animation_type=&#8221;default&#8221; bg_image_animation=&#8221;none&#8221; border_type=&#8221;simple&#8221; column_border_width=&#8221;none&#8221; column_border_style=&#8221;solid&#8221; column_padding_type=&#8221;default&#8221; gradient_type=&#8221;default&#8221;][image_with_animation image_url=&#8221;75&#8243; image_size=&#8221;full&#8221; animation_type=&#8221;entrance&#8221; animation=&#8221;None&#8221; animation_movement_type=&#8221;transform_y&#8221; hover_animation=&#8221;none&#8221; alignment=&#8221;&#8221; border_radius=&#8221;none&#8221; box_shadow=&#8221;none&#8221; image_loading=&#8221;default&#8221; max_width=&#8221;100%&#8221; max_width_mobile=&#8221;default&#8221; el_class=&#8221;hide-mobile&#8221; margin_top=&#8221;100px&#8221;][\/vc_column][\/vc_row]\n","protected":false},"excerpt":{"rendered":"<p>[vc_row type=&#8221;full_width_background&#8221; full_screen_row_position=&#8221;middle&#8221; column_margin=&#8221;default&#8221; column_direction=&#8221;default&#8221; column_direction_tablet=&#8221;default&#8221; column_direction_phone=&#8221;default&#8221; bg_color=&#8221;#fafafa&#8221; scene_position=&#8221;center&#8221; top_padding=&#8221;5%&#8221; bottom_padding=&#8221;5%&#8221; text_color=&#8221;dark&#8221; text_align=&#8221;left&#8221; row_border_radius=&#8221;none&#8221; row_border_radius_applies=&#8221;bg&#8221; overflow=&#8221;visible&#8221; overlay_strength=&#8221;0.3&#8243; gradient_direction=&#8221;left_to_right&#8221; shape_divider_position=&#8221;bottom&#8221; bg_image_animation=&#8221;none&#8221; gradient_type=&#8221;default&#8221; shape_type=&#8221;&#8221;][vc_column top_padding_desktop=&#8221;60px&#8221; bottom_padding_desktop=&#8221;60px&#8221; left_padding_desktop=&#8221;100px&#8221; right_padding_desktop=&#8221;100px&#8221; top_margin=&#8221;-200px&#8221; column_element_direction_desktop=&#8221;default&#8221; column_element_spacing=&#8221;default&#8221; desktop_text_alignment=&#8221;default&#8221;&#8230;<\/p>\n","protected":false},"author":1,"featured_media":0,"parent":0,"menu_order":0,"comment_status":"closed","ping_status":"closed","template":"","meta":{"footnotes":""},"class_list":["post-655","page","type-page","status-publish"],"yoast_head":"<!-- This site is optimized with the Yoast SEO plugin v24.9 - https:\/\/yoast.com\/wordpress\/plugins\/seo\/ -->\n<title>Tickets - Regizene<\/title>\n<meta name=\"robots\" content=\"index, follow, max-snippet:-1, max-image-preview:large, max-video-preview:-1\" \/>\n<link rel=\"canonical\" href=\"https:\/\/regizene.ro\/2024\/language\/en\/tickets\/\" \/>\n<meta property=\"og:locale\" content=\"hu_HU\" \/>\n<meta property=\"og:type\" content=\"article\" \/>\n<meta property=\"og:title\" content=\"Tickets - Regizene\" \/>\n<meta property=\"og:description\" content=\"[vc_row type=&#8221;full_width_background&#8221; full_screen_row_position=&#8221;middle&#8221; column_margin=&#8221;default&#8221; column_direction=&#8221;default&#8221; column_direction_tablet=&#8221;default&#8221; column_direction_phone=&#8221;default&#8221; bg_color=&#8221;#fafafa&#8221; scene_position=&#8221;center&#8221; top_padding=&#8221;5%&#8221; bottom_padding=&#8221;5%&#8221; text_color=&#8221;dark&#8221; text_align=&#8221;left&#8221; row_border_radius=&#8221;none&#8221; row_border_radius_applies=&#8221;bg&#8221; overflow=&#8221;visible&#8221; overlay_strength=&#8221;0.3&#8243; gradient_direction=&#8221;left_to_right&#8221; shape_divider_position=&#8221;bottom&#8221; bg_image_animation=&#8221;none&#8221; gradient_type=&#8221;default&#8221; shape_type=&#8221;&#8221;][vc_column top_padding_desktop=&#8221;60px&#8221; bottom_padding_desktop=&#8221;60px&#8221; left_padding_desktop=&#8221;100px&#8221; right_padding_desktop=&#8221;100px&#8221; top_margin=&#8221;-200px&#8221; column_element_direction_desktop=&#8221;default&#8221; column_element_spacing=&#8221;default&#8221; desktop_text_alignment=&#8221;default&#8221;...\" \/>\n<meta property=\"og:url\" content=\"https:\/\/regizene.ro\/2024\/language\/en\/tickets\/\" \/>\n<meta property=\"og:site_name\" content=\"Regizene\" \/>\n<meta property=\"article:modified_time\" content=\"2024-06-20T13:03:08+00:00\" \/>\n<meta name=\"twitter:card\" content=\"summary_large_image\" \/>\n<meta name=\"twitter:label1\" content=\"Becs\u00fclt olvas\u00e1si id\u0151\" \/>\n\t<meta name=\"twitter:data1\" content=\"3 perc\" \/>\n<script type=\"application\/ld+json\" class=\"yoast-schema-graph\">{\"@context\":\"https:\/\/schema.org\",\"@graph\":[{\"@type\":\"WebPage\",\"@id\":\"https:\/\/regizene.ro\/2024\/language\/en\/tickets\/\",\"url\":\"https:\/\/regizene.ro\/2024\/language\/en\/tickets\/\",\"name\":\"Tickets - Regizene\",\"isPartOf\":{\"@id\":\"https:\/\/regizene.ro\/2024\/#website\"},\"datePublished\":\"2023-07-05T09:18:38+00:00\",\"dateModified\":\"2024-06-20T13:03:08+00:00\",\"breadcrumb\":{\"@id\":\"https:\/\/regizene.ro\/2024\/language\/en\/tickets\/#breadcrumb\"},\"inLanguage\":\"hu\",\"potentialAction\":[{\"@type\":\"ReadAction\",\"target\":[\"https:\/\/regizene.ro\/2024\/language\/en\/tickets\/\"]}]},{\"@type\":\"BreadcrumbList\",\"@id\":\"https:\/\/regizene.ro\/2024\/language\/en\/tickets\/#breadcrumb\",\"itemListElement\":[{\"@type\":\"ListItem\",\"position\":1,\"name\":\"Kezd\u0151lap\",\"item\":\"https:\/\/regizene.ro\/2024\/\"},{\"@type\":\"ListItem\",\"position\":2,\"name\":\"Tickets\"}]},{\"@type\":\"WebSite\",\"@id\":\"https:\/\/regizene.ro\/2024\/#website\",\"url\":\"https:\/\/regizene.ro\/2024\/\",\"name\":\"Regizene\",\"description\":\"\",\"potentialAction\":[{\"@type\":\"SearchAction\",\"target\":{\"@type\":\"EntryPoint\",\"urlTemplate\":\"https:\/\/regizene.ro\/2024\/?s={search_term_string}\"},\"query-input\":{\"@type\":\"PropertyValueSpecification\",\"valueRequired\":true,\"valueName\":\"search_term_string\"}}],\"inLanguage\":\"hu\"}]}<\/script>\n<!-- \/ Yoast SEO plugin. -->","yoast_head_json":{"title":"Tickets - Regizene","robots":{"index":"index","follow":"follow","max-snippet":"max-snippet:-1","max-image-preview":"max-image-preview:large","max-video-preview":"max-video-preview:-1"},"canonical":"https:\/\/regizene.ro\/2024\/language\/en\/tickets\/","og_locale":"hu_HU","og_type":"article","og_title":"Tickets - Regizene","og_description":"[vc_row type=&#8221;full_width_background&#8221; full_screen_row_position=&#8221;middle&#8221; column_margin=&#8221;default&#8221; column_direction=&#8221;default&#8221; column_direction_tablet=&#8221;default&#8221; column_direction_phone=&#8221;default&#8221; bg_color=&#8221;#fafafa&#8221; scene_position=&#8221;center&#8221; top_padding=&#8221;5%&#8221; bottom_padding=&#8221;5%&#8221; text_color=&#8221;dark&#8221; text_align=&#8221;left&#8221; row_border_radius=&#8221;none&#8221; row_border_radius_applies=&#8221;bg&#8221; overflow=&#8221;visible&#8221; overlay_strength=&#8221;0.3&#8243; gradient_direction=&#8221;left_to_right&#8221; shape_divider_position=&#8221;bottom&#8221; bg_image_animation=&#8221;none&#8221; gradient_type=&#8221;default&#8221; shape_type=&#8221;&#8221;][vc_column top_padding_desktop=&#8221;60px&#8221; bottom_padding_desktop=&#8221;60px&#8221; left_padding_desktop=&#8221;100px&#8221; right_padding_desktop=&#8221;100px&#8221; top_margin=&#8221;-200px&#8221; column_element_direction_desktop=&#8221;default&#8221; column_element_spacing=&#8221;default&#8221; desktop_text_alignment=&#8221;default&#8221;...","og_url":"https:\/\/regizene.ro\/2024\/language\/en\/tickets\/","og_site_name":"Regizene","article_modified_time":"2024-06-20T13:03:08+00:00","twitter_card":"summary_large_image","twitter_misc":{"Becs\u00fclt olvas\u00e1si id\u0151":"3 perc"},"schema":{"@context":"https:\/\/schema.org","@graph":[{"@type":"WebPage","@id":"https:\/\/regizene.ro\/2024\/language\/en\/tickets\/","url":"https:\/\/regizene.ro\/2024\/language\/en\/tickets\/","name":"Tickets - Regizene","isPartOf":{"@id":"https:\/\/regizene.ro\/2024\/#website"},"datePublished":"2023-07-05T09:18:38+00:00","dateModified":"2024-06-20T13:03:08+00:00","breadcrumb":{"@id":"https:\/\/regizene.ro\/2024\/language\/en\/tickets\/#breadcrumb"},"inLanguage":"hu","potentialAction":[{"@type":"ReadAction","target":["https:\/\/regizene.ro\/2024\/language\/en\/tickets\/"]}]},{"@type":"BreadcrumbList","@id":"https:\/\/regizene.ro\/2024\/language\/en\/tickets\/#breadcrumb","itemListElement":[{"@type":"ListItem","position":1,"name":"Kezd\u0151lap","item":"https:\/\/regizene.ro\/2024\/"},{"@type":"ListItem","position":2,"name":"Tickets"}]},{"@type":"WebSite","@id":"https:\/\/regizene.ro\/2024\/#website","url":"https:\/\/regizene.ro\/2024\/","name":"Regizene","description":"","potentialAction":[{"@type":"SearchAction","target":{"@type":"EntryPoint","urlTemplate":"https:\/\/regizene.ro\/2024\/?s={search_term_string}"},"query-input":{"@type":"PropertyValueSpecification","valueRequired":true,"valueName":"search_term_string"}}],"inLanguage":"hu"}]}},"_links":{"self":[{"href":"https:\/\/regizene.ro\/2024\/wp-json\/wp\/v2\/pages\/655","targetHints":{"allow":["GET"]}}],"collection":[{"href":"https:\/\/regizene.ro\/2024\/wp-json\/wp\/v2\/pages"}],"about":[{"href":"https:\/\/regizene.ro\/2024\/wp-json\/wp\/v2\/types\/page"}],"author":[{"embeddable":true,"href":"https:\/\/regizene.ro\/2024\/wp-json\/wp\/v2\/users\/1"}],"replies":[{"embeddable":true,"href":"https:\/\/regizene.ro\/2024\/wp-json\/wp\/v2\/comments?post=655"}],"version-history":[{"count":16,"href":"https:\/\/regizene.ro\/2024\/wp-json\/wp\/v2\/pages\/655\/revisions"}],"predecessor-version":[{"id":1451,"href":"https:\/\/regizene.ro\/2024\/wp-json\/wp\/v2\/pages\/655\/revisions\/1451"}],"wp:attachment":[{"href":"https:\/\/regizene.ro\/2024\/wp-json\/wp\/v2\/media?parent=655"}],"curies":[{"name":"wp","href":"https:\/\/api.w.org\/{rel}","templated":true}]}}