{"id":20,"date":"2023-06-06T10:56:49","date_gmt":"2023-06-06T07:56:49","guid":{"rendered":"https:\/\/regizene.ro\/2025\/?page_id=20"},"modified":"2025-08-07T13:52:46","modified_gmt":"2025-08-07T10:52:46","slug":"partnerek","status":"publish","type":"page","link":"https:\/\/regizene.ro\/2025\/partnerek\/","title":{"rendered":"Partnerek"},"content":{"rendered":"[vc_row type=&#8221;full_width_background&#8221; full_screen_row_position=&#8221;middle&#8221; column_margin=&#8221;default&#8221; column_direction=&#8221;default&#8221; column_direction_tablet=&#8221;default&#8221; column_direction_phone=&#8221;default&#8221; bg_color=&#8221;#fafafa&#8221; scene_position=&#8221;center&#8221; bottom_padding=&#8221;5%&#8221; text_color=&#8221;dark&#8221; text_align=&#8221;left&#8221; row_border_radius=&#8221;none&#8221; row_border_radius_applies=&#8221;bg&#8221; overflow=&#8221;visible&#8221; overlay_strength=&#8221;0.3&#8243; gradient_direction=&#8221;left_to_right&#8221; shape_divider_position=&#8221;bottom&#8221; bg_image_animation=&#8221;none&#8221; gradient_type=&#8221;default&#8221; shape_type=&#8221;&#8221;][vc_column top_padding_desktop=&#8221;60px&#8221; bottom_padding_desktop=&#8221;60px&#8221; left_padding_desktop=&#8221;100px&#8221; right_padding_desktop=&#8221;100px&#8221; top_padding_tablet=&#8221;20&#8243; bottom_padding_tablet=&#8221;20&#8243; left_padding_tablet=&#8221;15&#8243; right_padding_tablet=&#8221;15&#8243; top_padding_phone=&#8221;20&#8243; bottom_padding_phone=&#8221;20&#8243; left_padding_phone=&#8221;15&#8243; right_padding_phone=&#8221;15&#8243; top_margin=&#8221;-200px&#8221; column_element_direction_desktop=&#8221;default&#8221; column_element_spacing=&#8221;default&#8221; desktop_text_alignment=&#8221;default&#8221; tablet_text_alignment=&#8221;default&#8221; phone_text_alignment=&#8221;default&#8221; background_color=&#8221;#ffffff&#8221; background_color_opacity=&#8221;1&#8243; background_hover_color_opacity=&#8221;1&#8243; column_backdrop_filter=&#8221;none&#8221; column_shadow=&#8221;custom&#8221; column_border_radius=&#8221;none&#8221; column_link_target=&#8221;_self&#8221; column_position=&#8221;default&#8221; gradient_direction=&#8221;left_to_right&#8221; overlay_strength=&#8221;0.3&#8243; width=&#8221;2\/3&#8243; tablet_width_inherit=&#8221;default&#8221; animation_type=&#8221;default&#8221; bg_image_animation=&#8221;none&#8221; border_type=&#8221;simple&#8221; column_border_width=&#8221;none&#8221; column_border_style=&#8221;solid&#8221; column_padding_type=&#8221;advanced&#8221; custom_box_shadow=&#8221;horizontal:0,vertical:0,blur:10,spread:0,opacity:0.15&#8243; gradient_type=&#8221;default&#8221;][vc_column_text]<strong>SZERVEZ\u0150K<\/strong><\/p>\n<p><img decoding=\"async\" class=\"alignnone wp-image-116 size-full\" src=\"https:\/\/regizene.ro\/2025\/wp-content\/uploads\/2023\/06\/logok.svg\" alt=\"\" \/><\/p>\n<p><strong>T\u00c1RSSZERVEZ\u0150<\/strong><\/p>\n<p><a href=\"https:\/\/szereda.ro\/\" target=\"_blank\" rel=\"noopener\"><img decoding=\"async\" class=\"alignleft wp-image-118 size-full\" src=\"https:\/\/regizene.ro\/2025\/wp-content\/uploads\/2023\/06\/Csikszereda_BW_logo-01-1.svg\" alt=\"\" \/><\/a><\/p>\n<p>&nbsp;<\/p>\n<p>&nbsp;<\/p>\n<p><strong>T\u00c1MOGAT\u00d3K<\/strong><\/p>\n<table style=\"height: 230px;\" width=\"503\">\n<tbody>\n<tr>\n<td><img loading=\"lazy\" decoding=\"async\" class=\"alignnone wp-image-1768 \" src=\"https:\/\/regizene.ro\/2025\/wp-content\/uploads\/2025\/07\/Horiuontal_HNY-logok-tulipan_MUEA-MOL_CMYK-kek-300x150.png\" alt=\"\" width=\"165\" height=\"82\" srcset=\"https:\/\/regizene.ro\/2025\/wp-content\/uploads\/2025\/07\/Horiuontal_HNY-logok-tulipan_MUEA-MOL_CMYK-kek-300x150.png 300w, https:\/\/regizene.ro\/2025\/wp-content\/uploads\/2025\/07\/Horiuontal_HNY-logok-tulipan_MUEA-MOL_CMYK-kek-1024x512.png 1024w, https:\/\/regizene.ro\/2025\/wp-content\/uploads\/2025\/07\/Horiuontal_HNY-logok-tulipan_MUEA-MOL_CMYK-kek-768x384.png 768w, https:\/\/regizene.ro\/2025\/wp-content\/uploads\/2025\/07\/Horiuontal_HNY-logok-tulipan_MUEA-MOL_CMYK-kek-1536x768.png 1536w, https:\/\/regizene.ro\/2025\/wp-content\/uploads\/2025\/07\/Horiuontal_HNY-logok-tulipan_MUEA-MOL_CMYK-kek-2048x1024.png 2048w, https:\/\/regizene.ro\/2025\/wp-content\/uploads\/2025\/07\/Horiuontal_HNY-logok-tulipan_MUEA-MOL_CMYK-kek-1000x500.png 1000w, https:\/\/regizene.ro\/2025\/wp-content\/uploads\/2025\/07\/Horiuontal_HNY-logok-tulipan_MUEA-MOL_CMYK-kek-670x335.png 670w\" sizes=\"auto, (max-width: 165px) 100vw, 165px\" \/><\/td>\n<td>Nemzeti Kultur\u00e1lis T\u00e1mogat\u00e1skezel\u0151<\/p>\n<h6><img loading=\"lazy\" decoding=\"async\" class=\"alignnone wp-image-1459\" src=\"https:\/\/regizene.ro\/2025\/wp-content\/uploads\/2024\/07\/1.NKA-logo_v4.png\" alt=\"\" width=\"161\" height=\"64\" \/><br \/>\n\u201eMegval\u00f3sult a Nemzeti Kultur\u00e1lis Alap t\u00e1mogat\u00e1s\u00e1val\u201d<\/h6>\n<\/td>\n<\/tr>\n<\/tbody>\n<\/table>\n<p>&nbsp;<\/p>\n<p><strong>TAGS\u00c1G<\/strong><\/p>\n<p><a href=\"https:\/\/www.rema-eemn.net\/\" target=\"_blank\" rel=\"noopener\">REMA \u2013 European Early Music Network<\/a><\/p>\n<p>&nbsp;<\/p>\n<p><strong>PARTNEREK<\/strong><\/p>\n<p><a href=\"http:\/\/licartnagyistvan.ro\/\">Nagy Istv\u00e1n M\u0171v\u00e9szeti K\u00f6z\u00e9piskola<\/a><br \/>\n<a href=\"https:\/\/www.csikimuzeum.ro\/hu\">Cs\u00edki Sz\u00e9kely M\u00fazeum<\/a><br \/>\n<a href=\"https:\/\/segitomaria.ro\/\">Seg\u00edt\u0151 M\u00e1ria R\u00f3mai Katolikus Gimn\u00e1zium Koll\u00e9giuma<\/a><br \/>\n<a href=\"https:\/\/anmgd.ro\/\">Academia Na\u021bional\u0103 de Muzic\u0103 \u201eGheorghe Dima\u201d<\/a><br \/>\n<a href=\"https:\/\/cinemacsikimozi.ro\/hu\">Cinema Cs\u00edki Mozi<\/a><br \/>\n<a href=\"https:\/\/www.facebook.com\/aZengoTer\/\">Zeng\u0151 T\u00e9r Kultur\u00e1liz K\u00f6zpont<\/a><br \/>\n<a href=\"https:\/\/csikorchestra.ro\/en\/home_en\/\">Cs\u00edki Kamarazenekar<\/a><br \/>\n<a href=\"https:\/\/www.georgius.ro\/\">Georgius Egyes\u00fclet<\/a><br \/>\n<a href=\"https:\/\/earlymusic.ro\/\">Bukaresti R\u00e9gizene Fesztiv\u00e1l<\/a><br \/>\n<a href=\"https:\/\/szepviz.eu\/\">Sz\u00e9pv\u00edzi Polg\u00e1rmesteri Hivatal<\/a><br \/>\n<a href=\"https:\/\/harmopan.ro\/\">Harmopan<\/a><br \/>\n<a href=\"https:\/\/amigo-online.ro\/hu\">Amigo<\/a><br \/>\n<a href=\"https:\/\/visitharghita.com\/hu\/places\/harmonia-panzio-ahvkl6mwj3bq9q\">Harm\u00f3nia Panzi\u00f3<\/a><br \/>\n<a href=\"https:\/\/csik.sapientia.ro\/hu\">Sapientia\u00a0Erd\u00e9lyi Magyar Tudom\u00e1nyegyetem<\/a><br \/>\n<a href=\"http:\/\/veche.judetulharghita.ro\/hargita-megye\/hargita-megyei-szocialis-es-gyermekvedelmi-vezerigazgatosag.html\">Hargita Megyei Szoci\u00e1lis \u00e9s Gyermekv\u00e9delmi Vez\u00e9rigazgat\u00f3s\u00e1g<\/a><br \/>\n<a href=\"https:\/\/szentagoston.ro\/\">Szent \u00c1goston Pl\u00e9b\u00e1nia, Cs\u00edkszereda<\/a><br \/>\n<a href=\"https:\/\/bisericaneagra.ro\/hu\/povestea-bisericii-negre\/\">Fekete-templom, Brass\u00f3<\/a><br \/>\n<a href=\"https:\/\/csikszeredaszentkereszt.ro\/\">Szent Kereszt F\u0151pl\u00e9b\u00e1nia, Cs\u00edkszereda<\/a><br \/>\n<a href=\"https:\/\/www.facebook.com\/csikunit\/?locale=hu_HU\">Unit\u00e1rius-templom, Cs\u00edkszereda<\/a><br \/>\n<a href=\"https:\/\/www.facebook.com\/profile.php?id=100064573816737\">Reform\u00e1tus-templom, Cs\u00edkszereda<\/a><br \/>\n<a href=\"https:\/\/www.facebook.com\/CsiksomlyoKegyhely\/?locale=hu_HU\">Cs\u00edksomly\u00f3i kegytemplom \u2013 p\u00e1pai kisbazilika<\/a><br \/>\nSzent L\u00e1szl\u00f3 kir\u00e1ly R\u00f3mai Katolikus Pl\u00e9b\u00e1nia<br \/>\n<a href=\"https:\/\/www.facebook.com\/gardenproiectsrl\">Garden Proiect<\/a><\/p>\n<p><a href=\"https:\/\/www.facebook.com\/p\/Zakarias-Apartments-100076401866686\/\">Zakari\u00e1s Apartments<\/a><\/p>\n<p>&nbsp;<\/p>\n<p><strong>M\u00c9DIAPARTNEREK<\/strong><\/p>\n<p><a href=\"https:\/\/informatiahr.ro\/\">Informatia Harghitei<\/a><br \/>\n<a href=\"https:\/\/hargitanepe.ro\/\">Hargita N\u00e9pe<\/a><\/p>\n<p><a href=\"https:\/\/papageno.hu\/\">Papageno<\/a><\/p>\n<p><a href=\"https:\/\/fidelio.hu\/\">Fidelio<\/a><\/p>\n<p><a href=\"https:\/\/szabadsag.ro\/\">Szabads\u00e1g<\/a><br \/>\n<a href=\"https:\/\/www.e-nepujsag.ro\/\">N\u00e9p\u00fajs\u00e1g<\/a><br \/>\n<a href=\"https:\/\/www.3szek.ro\/load\/3szek\">H\u00e1romsz\u00e9k<\/a><\/p>\n<p><a href=\"https:\/\/www.helikon.ro\/\">Helikon<\/a><br \/>\n<a href=\"https:\/\/szereda.ro\/hu\/origo\">szereda.Origo<\/a><\/p>\n<p><a href=\"https:\/\/szereda.ro\/ro\/csikszereda-miercurea-ciuc\">Cs\u00edkszereda \u00fajs\u00e1g<\/a><\/p>\n<p><a href=\"https:\/\/szepviz.eu\/nadi-suttogo.html\">N\u00e1di Suttog\u00f3<\/a><\/p>\n<p><a href=\"https:\/\/www.szilagysagiszo.ro\/\">Szil\u00e1gys\u00e1gi Sz\u00f3<\/a><\/p>\n<p><a href=\"https:\/\/muvelodes.net\/\">M\u0171vel\u0151d\u00e9s<\/a><br \/>\n<a href=\"https:\/\/hetihirmondo.ro\/\">Heti H\u00edrmond\u00f3<\/a><br \/>\n<a href=\"https:\/\/erdelyfm.ro\/\">Erd\u00e9ly FM<\/a><br \/>\n<a href=\"https:\/\/agnusradio.ro\/\">Agnus R\u00e1di\u00f3<\/a><br \/>\n<a href=\"https:\/\/www.voxfm.ro\/\">Vox FM<\/a><br \/>\n<a href=\"https:\/\/www.kolozsvariradio.ro\/\">Kolozsv\u00e1ri R\u00e1di\u00f3<\/a><br \/>\n<a href=\"https:\/\/www.marosvasarhelyiradio.ro\/\">Marosv\u00e1s\u00e1rhelyi R\u00e1di\u00f3<\/a><br \/>\n<a href=\"https:\/\/www.facebook.com\/radioprofi\/\">Profi R\u00e1di\u00f3<\/a><br \/>\n<a href=\"https:\/\/koronaradio.com\">Korona R\u00e1di\u00f3<\/a><br \/>\n<a href=\"https:\/\/www.facebook.com\/profile.php?id=100080634682781\">Hangf\u00fcgg\u0151Kert<\/a><\/p>\n<p><a href=\"https:\/\/www.bukarestiradio.ro\/\">Bukaresti R\u00e1di\u00f3<\/a><br \/>\n<a href=\"https:\/\/slagerradio.ro\/\">Sl\u00e1ger R\u00e1di\u00f3<\/a><br \/>\n<a href=\"https:\/\/szepvizfm.ro\/\">Sz\u00e9pv\u00edz FM<\/a><br \/>\n<a href=\"https:\/\/www.romania-muzical.ro\/\">Radio Romania Muzical<\/a><br \/>\n<a href=\"https:\/\/www.radiotrinitas.ro\/\">Radio Trinitas<\/a><\/p>\n<p><a href=\"https:\/\/maszol.ro\/\">Maszol.ro<\/a><br \/>\n<a href=\"http:\/\/kisujsag.ro\/\">Gyergy\u00f3i Kis\u00fajs\u00e1g<\/a><br \/>\n<a href=\"https:\/\/szeben.ro\/\">H\u00cdD Szeben<\/a><br \/>\n<a href=\"https:\/\/ziarharghita.ro\/\">Ziar Harghita<\/a><br \/>\n<a href=\"https:\/\/stiriletransilvaniei.ro\/\">\u0218tirile Transilvaniei<\/a><\/p>\n<p><a href=\"https:\/\/sovidek.tv\/\">S\u00f3vid\u00e9k TV<\/a><\/p>\n<p><a href=\"https:\/\/www.facebook.com\/erdelytv\/\">Erd\u00e9ly TV<\/a><br \/>\n<a href=\"http:\/\/www.szekelytv.ro\/\">Sz\u00e9kely TV<\/a><br \/>\n<a href=\"https:\/\/www.youtube.com\/user\/Brassaimagyaradas?app=desktop\">Brassai Magyar Ad\u00e1s<\/a><br \/>\n<a href=\"http:\/\/www.facebook.com\/a.magyar.adas\">TVR Magyarad\u00e1s<\/a><br \/>\n<a href=\"https:\/\/gyergyotv.ro\/ro\">Sz\u00e9kelyf\u00f6ld TV<\/a><br \/>\n<a href=\"https:\/\/www.facebook.com\/HargitaStudio\/?locale=hu_HU\">Hargita St\u00fadi\u00f3<\/a><\/p>\n<p><a href=\"https:\/\/www.programturizmus.hu\/\">programturizmus.hu<\/a><\/p>\n<p><a href=\"https:\/\/agerpres.ro\/\">Agerpres<\/a><\/p>\n<p><a href=\"http:\/\/www.parlando.hu\/NEWPROBE\/PARLANDO.html\">Parlando<\/a><br \/>\n<a href=\"https:\/\/romkat.ro\/\">Romkat.ro<\/a><br \/>\n<a href=\"https:\/\/www.verbumkiado.ro\/\">Kereszt\u00e9ny Sz\u00f3<\/a><br \/>\n<a href=\"https:\/\/www.verbumkiado.ro\/\">Vas\u00e1rnap<\/a><br \/>\n<a href=\"https:\/\/www.verbumkiado.ro\/\">Verbum<\/a><br \/>\n<a href=\"https:\/\/festivapp.eu\/\">Festivapp<\/a>[\/vc_column_text][\/vc_column][vc_column column_padding=&#8221;no-extra-padding&#8221; column_padding_tablet=&#8221;inherit&#8221; column_padding_phone=&#8221;inherit&#8221; column_padding_position=&#8221;all&#8221; column_element_direction_desktop=&#8221;default&#8221; column_element_spacing=&#8221;default&#8221; desktop_text_alignment=&#8221;default&#8221; tablet_text_alignment=&#8221;default&#8221; phone_text_alignment=&#8221;default&#8221; background_color_opacity=&#8221;1&#8243; background_hover_color_opacity=&#8221;1&#8243; column_backdrop_filter=&#8221;none&#8221; column_shadow=&#8221;none&#8221; column_border_radius=&#8221;none&#8221; column_link_target=&#8221;_self&#8221; column_position=&#8221;default&#8221; gradient_direction=&#8221;left_to_right&#8221; overlay_strength=&#8221;0.3&#8243; width=&#8221;1\/3&#8243; tablet_width_inherit=&#8221;default&#8221; animation_type=&#8221;default&#8221; bg_image_animation=&#8221;none&#8221; border_type=&#8221;simple&#8221; column_border_width=&#8221;none&#8221; column_border_style=&#8221;solid&#8221;][\/vc_column][\/vc_row]\n","protected":false},"excerpt":{"rendered":"<p>[vc_row type=&#8221;full_width_background&#8221; full_screen_row_position=&#8221;middle&#8221; column_margin=&#8221;default&#8221; column_direction=&#8221;default&#8221; column_direction_tablet=&#8221;default&#8221; column_direction_phone=&#8221;default&#8221; bg_color=&#8221;#fafafa&#8221; scene_position=&#8221;center&#8221; bottom_padding=&#8221;5%&#8221; text_color=&#8221;dark&#8221; text_align=&#8221;left&#8221; row_border_radius=&#8221;none&#8221; row_border_radius_applies=&#8221;bg&#8221; overflow=&#8221;visible&#8221; overlay_strength=&#8221;0.3&#8243; gradient_direction=&#8221;left_to_right&#8221; shape_divider_position=&#8221;bottom&#8221; bg_image_animation=&#8221;none&#8221; gradient_type=&#8221;default&#8221; shape_type=&#8221;&#8221;][vc_column top_padding_desktop=&#8221;60px&#8221; bottom_padding_desktop=&#8221;60px&#8221; left_padding_desktop=&#8221;100px&#8221; right_padding_desktop=&#8221;100px&#8221; top_padding_tablet=&#8221;20&#8243; bottom_padding_tablet=&#8221;20&#8243; left_padding_tablet=&#8221;15&#8243; right_padding_tablet=&#8221;15&#8243; top_padding_phone=&#8221;20&#8243;&#8230;<\/p>\n","protected":false},"author":1,"featured_media":0,"parent":0,"menu_order":0,"comment_status":"closed","ping_status":"closed","template":"","meta":{"footnotes":""},"class_list":["post-20","page","type-page","status-publish"],"yoast_head":"<!-- This site is optimized with the Yoast SEO plugin v27.5 - https:\/\/yoast.com\/product\/yoast-seo-wordpress\/ -->\n<title>Partnerek - Regizene<\/title>\n<meta name=\"robots\" content=\"index, follow, max-snippet:-1, max-image-preview:large, max-video-preview:-1\" \/>\n<link rel=\"canonical\" href=\"https:\/\/regizene.ro\/2025\/partnerek\/\" \/>\n<meta property=\"og:locale\" content=\"hu_HU\" \/>\n<meta property=\"og:type\" content=\"article\" \/>\n<meta property=\"og:title\" content=\"Partnerek - Regizene\" \/>\n<meta property=\"og:description\" content=\"[vc_row type=&#8221;full_width_background&#8221; full_screen_row_position=&#8221;middle&#8221; column_margin=&#8221;default&#8221; column_direction=&#8221;default&#8221; column_direction_tablet=&#8221;default&#8221; column_direction_phone=&#8221;default&#8221; bg_color=&#8221;#fafafa&#8221; scene_position=&#8221;center&#8221; bottom_padding=&#8221;5%&#8221; text_color=&#8221;dark&#8221; text_align=&#8221;left&#8221; row_border_radius=&#8221;none&#8221; row_border_radius_applies=&#8221;bg&#8221; overflow=&#8221;visible&#8221; overlay_strength=&#8221;0.3&#8243; gradient_direction=&#8221;left_to_right&#8221; shape_divider_position=&#8221;bottom&#8221; bg_image_animation=&#8221;none&#8221; gradient_type=&#8221;default&#8221; shape_type=&#8221;&#8221;][vc_column top_padding_desktop=&#8221;60px&#8221; bottom_padding_desktop=&#8221;60px&#8221; left_padding_desktop=&#8221;100px&#8221; right_padding_desktop=&#8221;100px&#8221; top_padding_tablet=&#8221;20&#8243; bottom_padding_tablet=&#8221;20&#8243; left_padding_tablet=&#8221;15&#8243; right_padding_tablet=&#8221;15&#8243; top_padding_phone=&#8221;20&#8243;...\" \/>\n<meta property=\"og:url\" content=\"https:\/\/regizene.ro\/2025\/partnerek\/\" \/>\n<meta property=\"og:site_name\" content=\"Regizene\" \/>\n<meta property=\"article:modified_time\" content=\"2025-08-07T10:52:46+00:00\" \/>\n<meta property=\"og:image\" content=\"https:\/\/regizene.ro\/2025\/wp-content\/uploads\/2023\/06\/logok.svg\" \/>\n<meta name=\"twitter:card\" content=\"summary_large_image\" \/>\n<meta name=\"twitter:label1\" content=\"Becs\u00fclt olvas\u00e1si id\u0151\" \/>\n\t<meta name=\"twitter:data1\" content=\"3 perc\" \/>\n<script type=\"application\/ld+json\" class=\"yoast-schema-graph\">{\"@context\":\"https:\\\/\\\/schema.org\",\"@graph\":[{\"@type\":\"WebPage\",\"@id\":\"https:\\\/\\\/regizene.ro\\\/2025\\\/partnerek\\\/\",\"url\":\"https:\\\/\\\/regizene.ro\\\/2025\\\/partnerek\\\/\",\"name\":\"Partnerek - Regizene\",\"isPartOf\":{\"@id\":\"https:\\\/\\\/regizene.ro\\\/2025\\\/#website\"},\"primaryImageOfPage\":{\"@id\":\"https:\\\/\\\/regizene.ro\\\/2025\\\/partnerek\\\/#primaryimage\"},\"image\":{\"@id\":\"https:\\\/\\\/regizene.ro\\\/2025\\\/partnerek\\\/#primaryimage\"},\"thumbnailUrl\":\"https:\\\/\\\/regizene.ro\\\/2025\\\/wp-content\\\/uploads\\\/2023\\\/06\\\/logok.svg\",\"datePublished\":\"2023-06-06T07:56:49+00:00\",\"dateModified\":\"2025-08-07T10:52:46+00:00\",\"breadcrumb\":{\"@id\":\"https:\\\/\\\/regizene.ro\\\/2025\\\/partnerek\\\/#breadcrumb\"},\"inLanguage\":\"hu\",\"potentialAction\":[{\"@type\":\"ReadAction\",\"target\":[\"https:\\\/\\\/regizene.ro\\\/2025\\\/partnerek\\\/\"]}]},{\"@type\":\"ImageObject\",\"inLanguage\":\"hu\",\"@id\":\"https:\\\/\\\/regizene.ro\\\/2025\\\/partnerek\\\/#primaryimage\",\"url\":\"https:\\\/\\\/regizene.ro\\\/2025\\\/wp-content\\\/uploads\\\/2023\\\/06\\\/logok.svg\",\"contentUrl\":\"https:\\\/\\\/regizene.ro\\\/2025\\\/wp-content\\\/uploads\\\/2023\\\/06\\\/logok.svg\"},{\"@type\":\"BreadcrumbList\",\"@id\":\"https:\\\/\\\/regizene.ro\\\/2025\\\/partnerek\\\/#breadcrumb\",\"itemListElement\":[{\"@type\":\"ListItem\",\"position\":1,\"name\":\"Kezd\u0151lap\",\"item\":\"https:\\\/\\\/regizene.ro\\\/2025\\\/\"},{\"@type\":\"ListItem\",\"position\":2,\"name\":\"Partnerek\"}]},{\"@type\":\"WebSite\",\"@id\":\"https:\\\/\\\/regizene.ro\\\/2025\\\/#website\",\"url\":\"https:\\\/\\\/regizene.ro\\\/2025\\\/\",\"name\":\"Regizene\",\"description\":\"\",\"potentialAction\":[{\"@type\":\"SearchAction\",\"target\":{\"@type\":\"EntryPoint\",\"urlTemplate\":\"https:\\\/\\\/regizene.ro\\\/2025\\\/?s={search_term_string}\"},\"query-input\":{\"@type\":\"PropertyValueSpecification\",\"valueRequired\":true,\"valueName\":\"search_term_string\"}}],\"inLanguage\":\"hu\"}]}<\/script>\n<!-- \/ Yoast SEO plugin. -->","yoast_head_json":{"title":"Partnerek - Regizene","robots":{"index":"index","follow":"follow","max-snippet":"max-snippet:-1","max-image-preview":"max-image-preview:large","max-video-preview":"max-video-preview:-1"},"canonical":"https:\/\/regizene.ro\/2025\/partnerek\/","og_locale":"hu_HU","og_type":"article","og_title":"Partnerek - Regizene","og_description":"[vc_row type=&#8221;full_width_background&#8221; full_screen_row_position=&#8221;middle&#8221; column_margin=&#8221;default&#8221; column_direction=&#8221;default&#8221; column_direction_tablet=&#8221;default&#8221; column_direction_phone=&#8221;default&#8221; bg_color=&#8221;#fafafa&#8221; scene_position=&#8221;center&#8221; bottom_padding=&#8221;5%&#8221; text_color=&#8221;dark&#8221; text_align=&#8221;left&#8221; row_border_radius=&#8221;none&#8221; row_border_radius_applies=&#8221;bg&#8221; overflow=&#8221;visible&#8221; overlay_strength=&#8221;0.3&#8243; gradient_direction=&#8221;left_to_right&#8221; shape_divider_position=&#8221;bottom&#8221; bg_image_animation=&#8221;none&#8221; gradient_type=&#8221;default&#8221; shape_type=&#8221;&#8221;][vc_column top_padding_desktop=&#8221;60px&#8221; bottom_padding_desktop=&#8221;60px&#8221; left_padding_desktop=&#8221;100px&#8221; right_padding_desktop=&#8221;100px&#8221; top_padding_tablet=&#8221;20&#8243; bottom_padding_tablet=&#8221;20&#8243; left_padding_tablet=&#8221;15&#8243; right_padding_tablet=&#8221;15&#8243; top_padding_phone=&#8221;20&#8243;...","og_url":"https:\/\/regizene.ro\/2025\/partnerek\/","og_site_name":"Regizene","article_modified_time":"2025-08-07T10:52:46+00:00","og_image":[{"url":"https:\/\/regizene.ro\/2025\/wp-content\/uploads\/2023\/06\/logok.svg","type":"","width":"","height":""}],"twitter_card":"summary_large_image","twitter_misc":{"Becs\u00fclt olvas\u00e1si id\u0151":"3 perc"},"schema":{"@context":"https:\/\/schema.org","@graph":[{"@type":"WebPage","@id":"https:\/\/regizene.ro\/2025\/partnerek\/","url":"https:\/\/regizene.ro\/2025\/partnerek\/","name":"Partnerek - Regizene","isPartOf":{"@id":"https:\/\/regizene.ro\/2025\/#website"},"primaryImageOfPage":{"@id":"https:\/\/regizene.ro\/2025\/partnerek\/#primaryimage"},"image":{"@id":"https:\/\/regizene.ro\/2025\/partnerek\/#primaryimage"},"thumbnailUrl":"https:\/\/regizene.ro\/2025\/wp-content\/uploads\/2023\/06\/logok.svg","datePublished":"2023-06-06T07:56:49+00:00","dateModified":"2025-08-07T10:52:46+00:00","breadcrumb":{"@id":"https:\/\/regizene.ro\/2025\/partnerek\/#breadcrumb"},"inLanguage":"hu","potentialAction":[{"@type":"ReadAction","target":["https:\/\/regizene.ro\/2025\/partnerek\/"]}]},{"@type":"ImageObject","inLanguage":"hu","@id":"https:\/\/regizene.ro\/2025\/partnerek\/#primaryimage","url":"https:\/\/regizene.ro\/2025\/wp-content\/uploads\/2023\/06\/logok.svg","contentUrl":"https:\/\/regizene.ro\/2025\/wp-content\/uploads\/2023\/06\/logok.svg"},{"@type":"BreadcrumbList","@id":"https:\/\/regizene.ro\/2025\/partnerek\/#breadcrumb","itemListElement":[{"@type":"ListItem","position":1,"name":"Kezd\u0151lap","item":"https:\/\/regizene.ro\/2025\/"},{"@type":"ListItem","position":2,"name":"Partnerek"}]},{"@type":"WebSite","@id":"https:\/\/regizene.ro\/2025\/#website","url":"https:\/\/regizene.ro\/2025\/","name":"Regizene","description":"","potentialAction":[{"@type":"SearchAction","target":{"@type":"EntryPoint","urlTemplate":"https:\/\/regizene.ro\/2025\/?s={search_term_string}"},"query-input":{"@type":"PropertyValueSpecification","valueRequired":true,"valueName":"search_term_string"}}],"inLanguage":"hu"}]}},"_links":{"self":[{"href":"https:\/\/regizene.ro\/2025\/wp-json\/wp\/v2\/pages\/20","targetHints":{"allow":["GET"]}}],"collection":[{"href":"https:\/\/regizene.ro\/2025\/wp-json\/wp\/v2\/pages"}],"about":[{"href":"https:\/\/regizene.ro\/2025\/wp-json\/wp\/v2\/types\/page"}],"author":[{"embeddable":true,"href":"https:\/\/regizene.ro\/2025\/wp-json\/wp\/v2\/users\/1"}],"replies":[{"embeddable":true,"href":"https:\/\/regizene.ro\/2025\/wp-json\/wp\/v2\/comments?post=20"}],"version-history":[{"count":47,"href":"https:\/\/regizene.ro\/2025\/wp-json\/wp\/v2\/pages\/20\/revisions"}],"predecessor-version":[{"id":1786,"href":"https:\/\/regizene.ro\/2025\/wp-json\/wp\/v2\/pages\/20\/revisions\/1786"}],"wp:attachment":[{"href":"https:\/\/regizene.ro\/2025\/wp-json\/wp\/v2\/media?parent=20"}],"curies":[{"name":"wp","href":"https:\/\/api.w.org\/{rel}","templated":true}]}}