{"id":277,"date":"2023-06-30T07:55:27","date_gmt":"2023-06-30T04:55:27","guid":{"rendered":"https:\/\/regizene.ro\/2025\/?page_id=277"},"modified":"2025-08-07T13:56:46","modified_gmt":"2025-08-07T10:56:46","slug":"parteneri","status":"publish","type":"page","link":"https:\/\/regizene.ro\/2025\/ro\/parteneri\/","title":{"rendered":"Parteneri"},"content":{"rendered":"[vc_row type=&#8221;full_width_background&#8221; full_screen_row_position=&#8221;middle&#8221; column_margin=&#8221;default&#8221; column_direction=&#8221;default&#8221; column_direction_tablet=&#8221;default&#8221; column_direction_phone=&#8221;default&#8221; bg_color=&#8221;#fafafa&#8221; scene_position=&#8221;center&#8221; bottom_padding=&#8221;5%&#8221; text_color=&#8221;dark&#8221; text_align=&#8221;left&#8221; row_border_radius=&#8221;none&#8221; row_border_radius_applies=&#8221;bg&#8221; overflow=&#8221;visible&#8221; overlay_strength=&#8221;0.3&#8243; gradient_direction=&#8221;left_to_right&#8221; shape_divider_position=&#8221;bottom&#8221; bg_image_animation=&#8221;none&#8221; gradient_type=&#8221;default&#8221; shape_type=&#8221;&#8221;][vc_column top_padding_desktop=&#8221;60px&#8221; bottom_padding_desktop=&#8221;60px&#8221; left_padding_desktop=&#8221;100px&#8221; right_padding_desktop=&#8221;100px&#8221; top_padding_tablet=&#8221;20&#8243; bottom_padding_tablet=&#8221;20&#8243; left_padding_tablet=&#8221;15&#8243; right_padding_tablet=&#8221;15&#8243; top_padding_phone=&#8221;20&#8243; bottom_padding_phone=&#8221;20&#8243; left_padding_phone=&#8221;15&#8243; right_padding_phone=&#8221;15&#8243; top_margin=&#8221;-200px&#8221; column_element_direction_desktop=&#8221;default&#8221; column_element_spacing=&#8221;default&#8221; desktop_text_alignment=&#8221;default&#8221; tablet_text_alignment=&#8221;default&#8221; phone_text_alignment=&#8221;default&#8221; background_color=&#8221;#ffffff&#8221; background_color_opacity=&#8221;1&#8243; background_hover_color_opacity=&#8221;1&#8243; column_backdrop_filter=&#8221;none&#8221; column_shadow=&#8221;custom&#8221; column_border_radius=&#8221;none&#8221; column_link_target=&#8221;_self&#8221; column_position=&#8221;default&#8221; gradient_direction=&#8221;left_to_right&#8221; overlay_strength=&#8221;0.3&#8243; width=&#8221;2\/3&#8243; tablet_width_inherit=&#8221;default&#8221; animation_type=&#8221;default&#8221; bg_image_animation=&#8221;none&#8221; border_type=&#8221;simple&#8221; column_border_width=&#8221;none&#8221; column_border_style=&#8221;solid&#8221; column_padding_type=&#8221;advanced&#8221; custom_box_shadow=&#8221;horizontal:0,vertical:0,blur:10,spread:0,opacity:0.15&#8243; gradient_type=&#8221;default&#8221;][vc_column_text]<strong>ORGANIZATORI<\/strong><\/p>\n<p><strong><img loading=\"lazy\" decoding=\"async\" class=\"alignnone size-medium wp-image-801\" src=\"https:\/\/regizene.ro\/2025\/wp-content\/uploads\/2023\/07\/Logok-tamogatok-oldalra-01-300x65.jpg\" alt=\"\" width=\"300\" height=\"65\" srcset=\"https:\/\/regizene.ro\/2025\/wp-content\/uploads\/2023\/07\/Logok-tamogatok-oldalra-01-300x65.jpg 300w, https:\/\/regizene.ro\/2025\/wp-content\/uploads\/2023\/07\/Logok-tamogatok-oldalra-01.jpg 625w\" sizes=\"auto, (max-width: 300px) 100vw, 300px\" \/><\/strong><\/p>\n<p><strong>COORGANIZATOR<\/strong><\/p>\n<p><img loading=\"lazy\" decoding=\"async\" class=\"alignnone wp-image-802\" src=\"https:\/\/regizene.ro\/2025\/wp-content\/uploads\/2023\/07\/Logok-tamogatok-oldalra-03-1.png\" alt=\"\" width=\"198\" height=\"99\" \/><\/p>\n<p>&nbsp;<\/p>\n<p><strong>FINAN\u021aATORI \u0218I SPONSORI<\/strong><\/p>\n<table>\n<tbody>\n<tr>\n<td><a href=\"https:\/\/molujeuropaalapitvany.hu\/\" target=\"_blank\" rel=\"noopener\"><img loading=\"lazy\" decoding=\"async\" class=\"alignnone wp-image-1456\" src=\"https:\/\/regizene.ro\/2025\/wp-content\/uploads\/2024\/07\/hatartalan_nyar_logo_alapitvanyi_RGB-242x300.jpg\" alt=\"\" width=\"172\" height=\"214\" srcset=\"https:\/\/regizene.ro\/2025\/wp-content\/uploads\/2024\/07\/hatartalan_nyar_logo_alapitvanyi_RGB-242x300.jpg 242w, https:\/\/regizene.ro\/2025\/wp-content\/uploads\/2024\/07\/hatartalan_nyar_logo_alapitvanyi_RGB-825x1024.jpg 825w, https:\/\/regizene.ro\/2025\/wp-content\/uploads\/2024\/07\/hatartalan_nyar_logo_alapitvanyi_RGB-768x954.jpg 768w, https:\/\/regizene.ro\/2025\/wp-content\/uploads\/2024\/07\/hatartalan_nyar_logo_alapitvanyi_RGB-1237x1536.jpg 1237w, https:\/\/regizene.ro\/2025\/wp-content\/uploads\/2024\/07\/hatartalan_nyar_logo_alapitvanyi_RGB-1649x2048.jpg 1649w\" sizes=\"auto, (max-width: 172px) 100vw, 172px\" \/><\/a><\/td>\n<td>\n<h6><img loading=\"lazy\" decoding=\"async\" class=\"alignnone wp-image-1459\" src=\"https:\/\/regizene.ro\/2025\/wp-content\/uploads\/2024\/07\/1.NKA-logo_v4.png\" alt=\"\" width=\"211\" height=\"84\" \/><br \/>\n\u201eMegval\u00f3sult a Nemzeti Kultur\u00e1lis Alap t\u00e1mogat\u00e1s\u00e1val\u201d<\/h6>\n<\/td>\n<td><\/td>\n<\/tr>\n<\/tbody>\n<\/table>\n<p>&nbsp;<\/p>\n<p><strong>MEMBRU<\/strong><br \/>\n<a href=\"https:\/\/www.rema-eemn.net\/\" target=\"_blank\" rel=\"noopener\">REMA \u2013 European Early Music Network<\/a><\/p>\n<p><strong>PARTENERI<\/strong><\/p>\n<p><a href=\"https:\/\/csikimuzeum.ro\/ro\">Muzeul Secuiesc al Ciucului<\/a><br \/>\n<a href=\"http:\/\/licartnagyistvan.ro\/\">Liceul de Arte \u201eNagy Istv\u00e1n\u201d<\/a><br \/>\n<a href=\"https:\/\/anmgd.ro\/\">Academia Na\u021bional\u0103 de Muzic\u0103 \u201eGheorghe Dima&#8221;<\/a><br \/>\n<a href=\"https:\/\/segitomaria.ro\/ro\/\">Internatului Liceului Teoretic Romano-Catolic \u201eSeg\u00edt\u0151 M\u00e1ria\u201d<\/a><br \/>\n<a href=\"https:\/\/csik.sapientia.ro\/ro\">Universitatea Sapientia, Miercurea Ciuc<\/a><br \/>\n<a href=\"https:\/\/szentagoston.ro\/\">Parohia Szent \u00c1goston din Miercurea Ciuc<\/a><br \/>\n<a href=\"https:\/\/csikszeredaszentkereszt.ro\/\">Parohia Romano-Catolic\u0103 Sf\u00e2nta Cruce din Miercurea Ciuc<\/a><br \/>\n<a href=\"https:\/\/www.facebook.com\/aZengoTer\/\">Centrul Cultural Zeng\u0151 T\u00e9r<\/a><br \/>\n<a href=\"https:\/\/www.facebook.com\/Csikimozi.reloaded\/\">Cinema Cs\u00edki Mozi<\/a><br \/>\n<a href=\"https:\/\/www.facebook.com\/profile.php?id=100064573816737\">Biserica Reformat\u0103, Miercurea Ciuc<\/a><br \/>\n<a href=\"https:\/\/www.facebook.com\/csikunit\/?locale=hu_HU\">Biserica unitarian\u0103<\/a><br \/>\n<a href=\"https:\/\/www.facebook.com\/CsiksomlyoKegyhely\/\">Sanctuarul Franciscan de la \u0218umuleu Ciuc<\/a><br \/>\n<a href=\"https:\/\/hargitahazavar.ro\/vallalatok\/gyermekvedelem\/\">Direc\u021bia General\u0103 de Asisten\u021b\u0103 Social\u0103 \u0219i Protec\u021bia Copilului<\/a><br \/>\n<a href=\"https:\/\/www.csikijatekszin.ro\/ro\">Teatrul Municipal \u201eCs\u00edki J\u00e1t\u00e9ksz\u00edn\u201d<\/a><br \/>\n<a href=\"https:\/\/harmopan.ro\/\">Harmopan<\/a><br \/>\n<a href=\"https:\/\/www.facebook.com\/amigo.intercost\/?locale=ro_RO\">Amigo &amp; Intercost<\/a><br \/>\n<a href=\"https:\/\/www.georgius.ro\/\">Asocia\u0163ia Georgius<\/a><br \/>\n<a href=\"https:\/\/csikorchestra.ro\/ro\/home_ro\/\">Orchestra de Camer\u0103 Ciuc<\/a><br \/>\n<a href=\"https:\/\/earlymusic.ro\/\">Festivalul de muzic\u0103 veche Bucure\u0219ti<\/a><\/p>\n<p><a href=\"https:\/\/szepviz.eu\/\">Prim\u0103ria Frumoasa<\/a><\/p>\n<p><a href=\"https:\/\/bisericaneagra.ro\/\">Biserica Neagr\u0103, Bra\u0219ov<\/a><\/p>\n<p><a href=\"https:\/\/gardenproiect.ro\/\">Garden Proiect<\/a><\/p>\n<p><a href=\"https:\/\/www.facebook.com\/p\/Zakarias-Apartments-100076401866686\/\">Zakari\u00e1s Apartments<\/a><\/p>\n<p>Pensiunea Harm\u00f3nia<\/p>\n<p>Biserica Sf\u00e2ntu Ladislau, Frumoasa<\/p>\n<p>&nbsp;<\/p>\n<p><strong>PARTENERI MEDIA<\/strong><\/p>\n<p><a href=\"https:\/\/informatiahr.ro\/\">Informatia Harghitei<\/a><br \/>\n<a href=\"https:\/\/hargitanepe.ro\/\">Hargita N\u00e9pe<\/a><\/p>\n<p><a href=\"https:\/\/papageno.hu\/\">Papageno<\/a><\/p>\n<p><a href=\"https:\/\/fidelio.hu\/\">Fidelio<\/a><\/p>\n<p><a href=\"https:\/\/szabadsag.ro\/\">Szabads\u00e1g<\/a><br \/>\n<a href=\"https:\/\/www.e-nepujsag.ro\/\">N\u00e9p\u00fajs\u00e1g<\/a><br \/>\n<a href=\"https:\/\/www.3szek.ro\/load\/3szek\">H\u00e1romsz\u00e9k<\/a><\/p>\n<p><a href=\"https:\/\/www.helikon.ro\/\">Helikon<\/a><br \/>\n<a href=\"https:\/\/szereda.ro\/hu\/origo\">szereda.Origo<\/a><\/p>\n<p><a href=\"https:\/\/szereda.ro\/ro\/csikszereda-miercurea-ciuc\">Ziarul Miercurea Ciuc<\/a><\/p>\n<p><a href=\"https:\/\/szepviz.eu\/nadi-suttogo.html\">N\u00e1di Suttog\u00f3<\/a><\/p>\n<p><a href=\"https:\/\/www.szilagysagiszo.ro\/\">Szil\u00e1gys\u00e1gi Sz\u00f3<\/a><\/p>\n<p><a href=\"https:\/\/muvelodes.net\/\">M\u0171vel\u0151d\u00e9s<\/a><br \/>\n<a href=\"https:\/\/hetihirmondo.ro\/\">Heti H\u00edrmond\u00f3<\/a><br \/>\n<a href=\"https:\/\/erdelyfm.ro\/\">Erd\u00e9ly FM<\/a><br \/>\n<a href=\"https:\/\/agnusradio.ro\/\">Agnus R\u00e1di\u00f3<\/a><br \/>\n<a href=\"https:\/\/www.voxfm.ro\/\">Vox FM<\/a><br \/>\n<a href=\"https:\/\/www.radiocluj.ro\/\">Radio Romania Cluj<\/a><br \/>\n<a href=\"https:\/\/www.radiomures.ro\/\">Radio Romania Targu Mures<\/a><br \/>\n<a href=\"https:\/\/www.facebook.com\/radioprofi\/\">Profi R\u00e1di\u00f3<\/a><br \/>\n<a href=\"https:\/\/koronaradio.com\">Korona R\u00e1di\u00f3<\/a><br \/>\n<a href=\"https:\/\/www.facebook.com\/profile.php?id=100080634682781\">Hangf\u00fcgg\u0151Kert<\/a><\/p>\n<p><a href=\"https:\/\/www.bucurestifm.ro\/asculta-live\/\">Radio Bucuresti<\/a><br \/>\n<a href=\"https:\/\/slagerradio.ro\/\">Sl\u00e1ger R\u00e1di\u00f3<\/a><br \/>\n<a href=\"https:\/\/szepvizfm.ro\/\">Sz\u00e9pv\u00edz FM<\/a><br \/>\n<a href=\"https:\/\/www.romania-muzical.ro\/\">Radio Romania Muzical<\/a><br \/>\n<a href=\"https:\/\/www.radiotrinitas.ro\/\">Radio Trinitas<\/a><\/p>\n<p><a href=\"https:\/\/maszol.ro\/\">Maszol.ro<\/a><br \/>\n<a href=\"http:\/\/kisujsag.ro\/\">Gyergy\u00f3i Kis\u00fajs\u00e1g<\/a><br \/>\n<a href=\"https:\/\/szeben.ro\/\">H\u00cdD Szeben<\/a><br \/>\n<a href=\"https:\/\/ziarharghita.ro\/\">Ziar Harghita<\/a><br \/>\n<a href=\"https:\/\/stiriletransilvaniei.ro\/\">\u0218tirile Transilvaniei<\/a><\/p>\n<p><a href=\"https:\/\/sovidek.tv\/\">S\u00f3vid\u00e9k TV<\/a><\/p>\n<p><a href=\"https:\/\/www.facebook.com\/erdelytv\/\">Erd\u00e9ly TV<\/a><br \/>\n<a href=\"http:\/\/www.szekelytv.ro\/\">Sz\u00e9kely TV<\/a><br \/>\n<a href=\"https:\/\/www.youtube.com\/user\/Brassaimagyaradas?app=desktop\">Brassai Magyar Ad\u00e1s<\/a><br \/>\n<a href=\"http:\/\/www.facebook.com\/a.magyar.adas\">TVR Magyarad\u00e1s<\/a><br \/>\n<a href=\"https:\/\/gyergyotv.ro\/ro\">Sz\u00e9kelyf\u00f6ld TV<\/a><br \/>\n<a href=\"https:\/\/www.facebook.com\/HargitaStudio\/?locale=hu_HU\">Hargita St\u00fadi\u00f3<\/a><\/p>\n<p><a href=\"https:\/\/www.programturizmus.hu\/\">programturizmus.hu<\/a><\/p>\n<p><a href=\"https:\/\/agerpres.ro\/\">Agerpres<\/a><\/p>\n<p><a href=\"http:\/\/www.parlando.hu\/NEWPROBE\/PARLANDO.html\">Parlando<\/a><br \/>\n<a href=\"https:\/\/romkat.ro\/\">Romkat.ro<\/a><br \/>\n<a href=\"https:\/\/romkat.ro\/cimke\/kereszteny-szo\/\">Kereszt\u00e9ny Sz\u00f3<\/a><br \/>\n<a href=\"https:\/\/www.facebook.com\/romkat.vasarnap\/?locale=hu_HU\">Vas\u00e1rnap<\/a><br \/>\n<a href=\"https:\/\/www.verbumkiado.ro\/\">Verbum<\/a><br \/>\n<a href=\"https:\/\/festivapp.eu\/\">Festivapp<\/a><\/p>\n[\/vc_column_text][\/vc_column][vc_column column_padding=&#8221;no-extra-padding&#8221; column_padding_tablet=&#8221;inherit&#8221; column_padding_phone=&#8221;inherit&#8221; column_padding_position=&#8221;all&#8221; column_element_direction_desktop=&#8221;default&#8221; column_element_spacing=&#8221;default&#8221; desktop_text_alignment=&#8221;default&#8221; tablet_text_alignment=&#8221;default&#8221; phone_text_alignment=&#8221;default&#8221; background_color_opacity=&#8221;1&#8243; background_hover_color_opacity=&#8221;1&#8243; column_backdrop_filter=&#8221;none&#8221; column_shadow=&#8221;none&#8221; column_border_radius=&#8221;none&#8221; column_link_target=&#8221;_self&#8221; column_position=&#8221;default&#8221; gradient_direction=&#8221;left_to_right&#8221; overlay_strength=&#8221;0.3&#8243; width=&#8221;1\/3&#8243; tablet_width_inherit=&#8221;default&#8221; animation_type=&#8221;default&#8221; bg_image_animation=&#8221;none&#8221; border_type=&#8221;simple&#8221; column_border_width=&#8221;none&#8221; column_border_style=&#8221;solid&#8221;][\/vc_column][\/vc_row]\n","protected":false},"excerpt":{"rendered":"<p>[vc_row type=&#8221;full_width_background&#8221; full_screen_row_position=&#8221;middle&#8221; column_margin=&#8221;default&#8221; column_direction=&#8221;default&#8221; column_direction_tablet=&#8221;default&#8221; column_direction_phone=&#8221;default&#8221; bg_color=&#8221;#fafafa&#8221; scene_position=&#8221;center&#8221; bottom_padding=&#8221;5%&#8221; text_color=&#8221;dark&#8221; text_align=&#8221;left&#8221; row_border_radius=&#8221;none&#8221; row_border_radius_applies=&#8221;bg&#8221; overflow=&#8221;visible&#8221; overlay_strength=&#8221;0.3&#8243; gradient_direction=&#8221;left_to_right&#8221; shape_divider_position=&#8221;bottom&#8221; bg_image_animation=&#8221;none&#8221; gradient_type=&#8221;default&#8221; shape_type=&#8221;&#8221;][vc_column top_padding_desktop=&#8221;60px&#8221; bottom_padding_desktop=&#8221;60px&#8221; left_padding_desktop=&#8221;100px&#8221; right_padding_desktop=&#8221;100px&#8221; top_padding_tablet=&#8221;20&#8243; bottom_padding_tablet=&#8221;20&#8243; left_padding_tablet=&#8221;15&#8243; right_padding_tablet=&#8221;15&#8243; top_padding_phone=&#8221;20&#8243;&#8230;<\/p>\n","protected":false},"author":1,"featured_media":0,"parent":0,"menu_order":0,"comment_status":"closed","ping_status":"closed","template":"","meta":{"footnotes":""},"class_list":["post-277","page","type-page","status-publish"],"yoast_head":"<!-- This site is optimized with the Yoast SEO plugin v27.5 - https:\/\/yoast.com\/product\/yoast-seo-wordpress\/ -->\n<title>Parteneri - Regizene<\/title>\n<meta name=\"robots\" content=\"index, follow, max-snippet:-1, max-image-preview:large, max-video-preview:-1\" \/>\n<link rel=\"canonical\" href=\"https:\/\/regizene.ro\/2025\/ro\/parteneri\/\" \/>\n<meta property=\"og:locale\" content=\"hu_HU\" \/>\n<meta property=\"og:type\" content=\"article\" \/>\n<meta property=\"og:title\" content=\"Parteneri - Regizene\" \/>\n<meta property=\"og:description\" content=\"[vc_row type=&#8221;full_width_background&#8221; full_screen_row_position=&#8221;middle&#8221; column_margin=&#8221;default&#8221; column_direction=&#8221;default&#8221; column_direction_tablet=&#8221;default&#8221; column_direction_phone=&#8221;default&#8221; bg_color=&#8221;#fafafa&#8221; scene_position=&#8221;center&#8221; bottom_padding=&#8221;5%&#8221; text_color=&#8221;dark&#8221; text_align=&#8221;left&#8221; row_border_radius=&#8221;none&#8221; row_border_radius_applies=&#8221;bg&#8221; overflow=&#8221;visible&#8221; overlay_strength=&#8221;0.3&#8243; gradient_direction=&#8221;left_to_right&#8221; shape_divider_position=&#8221;bottom&#8221; bg_image_animation=&#8221;none&#8221; gradient_type=&#8221;default&#8221; shape_type=&#8221;&#8221;][vc_column top_padding_desktop=&#8221;60px&#8221; bottom_padding_desktop=&#8221;60px&#8221; left_padding_desktop=&#8221;100px&#8221; right_padding_desktop=&#8221;100px&#8221; top_padding_tablet=&#8221;20&#8243; bottom_padding_tablet=&#8221;20&#8243; left_padding_tablet=&#8221;15&#8243; right_padding_tablet=&#8221;15&#8243; top_padding_phone=&#8221;20&#8243;...\" \/>\n<meta property=\"og:url\" content=\"https:\/\/regizene.ro\/2025\/ro\/parteneri\/\" \/>\n<meta property=\"og:site_name\" content=\"Regizene\" \/>\n<meta property=\"article:modified_time\" content=\"2025-08-07T10:56:46+00:00\" \/>\n<meta property=\"og:image\" content=\"https:\/\/regizene.ro\/2025\/wp-content\/uploads\/2023\/07\/Logok-tamogatok-oldalra-01-300x65.jpg\" \/>\n<meta name=\"twitter:card\" content=\"summary_large_image\" \/>\n<meta name=\"twitter:label1\" content=\"Becs\u00fclt olvas\u00e1si id\u0151\" \/>\n\t<meta name=\"twitter:data1\" content=\"3 perc\" \/>\n<script type=\"application\/ld+json\" class=\"yoast-schema-graph\">{\"@context\":\"https:\\\/\\\/schema.org\",\"@graph\":[{\"@type\":\"WebPage\",\"@id\":\"https:\\\/\\\/regizene.ro\\\/2025\\\/ro\\\/parteneri\\\/\",\"url\":\"https:\\\/\\\/regizene.ro\\\/2025\\\/ro\\\/parteneri\\\/\",\"name\":\"Parteneri - Regizene\",\"isPartOf\":{\"@id\":\"https:\\\/\\\/regizene.ro\\\/2025\\\/#website\"},\"primaryImageOfPage\":{\"@id\":\"https:\\\/\\\/regizene.ro\\\/2025\\\/ro\\\/parteneri\\\/#primaryimage\"},\"image\":{\"@id\":\"https:\\\/\\\/regizene.ro\\\/2025\\\/ro\\\/parteneri\\\/#primaryimage\"},\"thumbnailUrl\":\"https:\\\/\\\/regizene.ro\\\/2025\\\/wp-content\\\/uploads\\\/2023\\\/07\\\/Logok-tamogatok-oldalra-01-300x65.jpg\",\"datePublished\":\"2023-06-30T04:55:27+00:00\",\"dateModified\":\"2025-08-07T10:56:46+00:00\",\"breadcrumb\":{\"@id\":\"https:\\\/\\\/regizene.ro\\\/2025\\\/ro\\\/parteneri\\\/#breadcrumb\"},\"inLanguage\":\"hu\",\"potentialAction\":[{\"@type\":\"ReadAction\",\"target\":[\"https:\\\/\\\/regizene.ro\\\/2025\\\/ro\\\/parteneri\\\/\"]}]},{\"@type\":\"ImageObject\",\"inLanguage\":\"hu\",\"@id\":\"https:\\\/\\\/regizene.ro\\\/2025\\\/ro\\\/parteneri\\\/#primaryimage\",\"url\":\"https:\\\/\\\/regizene.ro\\\/2025\\\/wp-content\\\/uploads\\\/2023\\\/07\\\/Logok-tamogatok-oldalra-01.jpg\",\"contentUrl\":\"https:\\\/\\\/regizene.ro\\\/2025\\\/wp-content\\\/uploads\\\/2023\\\/07\\\/Logok-tamogatok-oldalra-01.jpg\",\"width\":625,\"height\":135},{\"@type\":\"BreadcrumbList\",\"@id\":\"https:\\\/\\\/regizene.ro\\\/2025\\\/ro\\\/parteneri\\\/#breadcrumb\",\"itemListElement\":[{\"@type\":\"ListItem\",\"position\":1,\"name\":\"Kezd\u0151lap\",\"item\":\"https:\\\/\\\/regizene.ro\\\/2025\\\/\"},{\"@type\":\"ListItem\",\"position\":2,\"name\":\"Parteneri\"}]},{\"@type\":\"WebSite\",\"@id\":\"https:\\\/\\\/regizene.ro\\\/2025\\\/#website\",\"url\":\"https:\\\/\\\/regizene.ro\\\/2025\\\/\",\"name\":\"Regizene\",\"description\":\"\",\"potentialAction\":[{\"@type\":\"SearchAction\",\"target\":{\"@type\":\"EntryPoint\",\"urlTemplate\":\"https:\\\/\\\/regizene.ro\\\/2025\\\/?s={search_term_string}\"},\"query-input\":{\"@type\":\"PropertyValueSpecification\",\"valueRequired\":true,\"valueName\":\"search_term_string\"}}],\"inLanguage\":\"hu\"}]}<\/script>\n<!-- \/ Yoast SEO plugin. -->","yoast_head_json":{"title":"Parteneri - Regizene","robots":{"index":"index","follow":"follow","max-snippet":"max-snippet:-1","max-image-preview":"max-image-preview:large","max-video-preview":"max-video-preview:-1"},"canonical":"https:\/\/regizene.ro\/2025\/ro\/parteneri\/","og_locale":"hu_HU","og_type":"article","og_title":"Parteneri - Regizene","og_description":"[vc_row type=&#8221;full_width_background&#8221; full_screen_row_position=&#8221;middle&#8221; column_margin=&#8221;default&#8221; column_direction=&#8221;default&#8221; column_direction_tablet=&#8221;default&#8221; column_direction_phone=&#8221;default&#8221; bg_color=&#8221;#fafafa&#8221; scene_position=&#8221;center&#8221; bottom_padding=&#8221;5%&#8221; text_color=&#8221;dark&#8221; text_align=&#8221;left&#8221; row_border_radius=&#8221;none&#8221; row_border_radius_applies=&#8221;bg&#8221; overflow=&#8221;visible&#8221; overlay_strength=&#8221;0.3&#8243; gradient_direction=&#8221;left_to_right&#8221; shape_divider_position=&#8221;bottom&#8221; bg_image_animation=&#8221;none&#8221; gradient_type=&#8221;default&#8221; shape_type=&#8221;&#8221;][vc_column top_padding_desktop=&#8221;60px&#8221; bottom_padding_desktop=&#8221;60px&#8221; left_padding_desktop=&#8221;100px&#8221; right_padding_desktop=&#8221;100px&#8221; top_padding_tablet=&#8221;20&#8243; bottom_padding_tablet=&#8221;20&#8243; left_padding_tablet=&#8221;15&#8243; right_padding_tablet=&#8221;15&#8243; top_padding_phone=&#8221;20&#8243;...","og_url":"https:\/\/regizene.ro\/2025\/ro\/parteneri\/","og_site_name":"Regizene","article_modified_time":"2025-08-07T10:56:46+00:00","og_image":[{"url":"https:\/\/regizene.ro\/2025\/wp-content\/uploads\/2023\/07\/Logok-tamogatok-oldalra-01-300x65.jpg","type":"","width":"","height":""}],"twitter_card":"summary_large_image","twitter_misc":{"Becs\u00fclt olvas\u00e1si id\u0151":"3 perc"},"schema":{"@context":"https:\/\/schema.org","@graph":[{"@type":"WebPage","@id":"https:\/\/regizene.ro\/2025\/ro\/parteneri\/","url":"https:\/\/regizene.ro\/2025\/ro\/parteneri\/","name":"Parteneri - Regizene","isPartOf":{"@id":"https:\/\/regizene.ro\/2025\/#website"},"primaryImageOfPage":{"@id":"https:\/\/regizene.ro\/2025\/ro\/parteneri\/#primaryimage"},"image":{"@id":"https:\/\/regizene.ro\/2025\/ro\/parteneri\/#primaryimage"},"thumbnailUrl":"https:\/\/regizene.ro\/2025\/wp-content\/uploads\/2023\/07\/Logok-tamogatok-oldalra-01-300x65.jpg","datePublished":"2023-06-30T04:55:27+00:00","dateModified":"2025-08-07T10:56:46+00:00","breadcrumb":{"@id":"https:\/\/regizene.ro\/2025\/ro\/parteneri\/#breadcrumb"},"inLanguage":"hu","potentialAction":[{"@type":"ReadAction","target":["https:\/\/regizene.ro\/2025\/ro\/parteneri\/"]}]},{"@type":"ImageObject","inLanguage":"hu","@id":"https:\/\/regizene.ro\/2025\/ro\/parteneri\/#primaryimage","url":"https:\/\/regizene.ro\/2025\/wp-content\/uploads\/2023\/07\/Logok-tamogatok-oldalra-01.jpg","contentUrl":"https:\/\/regizene.ro\/2025\/wp-content\/uploads\/2023\/07\/Logok-tamogatok-oldalra-01.jpg","width":625,"height":135},{"@type":"BreadcrumbList","@id":"https:\/\/regizene.ro\/2025\/ro\/parteneri\/#breadcrumb","itemListElement":[{"@type":"ListItem","position":1,"name":"Kezd\u0151lap","item":"https:\/\/regizene.ro\/2025\/"},{"@type":"ListItem","position":2,"name":"Parteneri"}]},{"@type":"WebSite","@id":"https:\/\/regizene.ro\/2025\/#website","url":"https:\/\/regizene.ro\/2025\/","name":"Regizene","description":"","potentialAction":[{"@type":"SearchAction","target":{"@type":"EntryPoint","urlTemplate":"https:\/\/regizene.ro\/2025\/?s={search_term_string}"},"query-input":{"@type":"PropertyValueSpecification","valueRequired":true,"valueName":"search_term_string"}}],"inLanguage":"hu"}]}},"_links":{"self":[{"href":"https:\/\/regizene.ro\/2025\/wp-json\/wp\/v2\/pages\/277","targetHints":{"allow":["GET"]}}],"collection":[{"href":"https:\/\/regizene.ro\/2025\/wp-json\/wp\/v2\/pages"}],"about":[{"href":"https:\/\/regizene.ro\/2025\/wp-json\/wp\/v2\/types\/page"}],"author":[{"embeddable":true,"href":"https:\/\/regizene.ro\/2025\/wp-json\/wp\/v2\/users\/1"}],"replies":[{"embeddable":true,"href":"https:\/\/regizene.ro\/2025\/wp-json\/wp\/v2\/comments?post=277"}],"version-history":[{"count":18,"href":"https:\/\/regizene.ro\/2025\/wp-json\/wp\/v2\/pages\/277\/revisions"}],"predecessor-version":[{"id":1787,"href":"https:\/\/regizene.ro\/2025\/wp-json\/wp\/v2\/pages\/277\/revisions\/1787"}],"wp:attachment":[{"href":"https:\/\/regizene.ro\/2025\/wp-json\/wp\/v2\/media?parent=277"}],"curies":[{"name":"wp","href":"https:\/\/api.w.org\/{rel}","templated":true}]}}