{"id":655,"date":"2023-07-05T12:18:38","date_gmt":"2023-07-05T09:18:38","guid":{"rendered":"https:\/\/regizene.ro\/2025\/?page_id=655"},"modified":"2025-07-08T13:36:43","modified_gmt":"2025-07-08T10:36:43","slug":"tickets","status":"publish","type":"page","link":"https:\/\/regizene.ro\/2025\/en\/tickets\/","title":{"rendered":"Tickets"},"content":{"rendered":"[vc_row type=&#8221;full_width_background&#8221; full_screen_row_position=&#8221;middle&#8221; column_margin=&#8221;default&#8221; column_direction=&#8221;default&#8221; column_direction_tablet=&#8221;default&#8221; column_direction_phone=&#8221;default&#8221; bg_color=&#8221;#fafafa&#8221; scene_position=&#8221;center&#8221; top_padding=&#8221;5%&#8221; bottom_padding=&#8221;5%&#8221; text_color=&#8221;dark&#8221; text_align=&#8221;left&#8221; row_border_radius=&#8221;none&#8221; row_border_radius_applies=&#8221;bg&#8221; overflow=&#8221;visible&#8221; overlay_strength=&#8221;0.3&#8243; gradient_direction=&#8221;left_to_right&#8221; shape_divider_position=&#8221;bottom&#8221; bg_image_animation=&#8221;none&#8221; gradient_type=&#8221;default&#8221; shape_type=&#8221;&#8221;][vc_column top_padding_desktop=&#8221;60px&#8221; bottom_padding_desktop=&#8221;60px&#8221; left_padding_desktop=&#8221;100px&#8221; right_padding_desktop=&#8221;100px&#8221; top_margin=&#8221;-200px&#8221; column_element_direction_desktop=&#8221;default&#8221; column_element_spacing=&#8221;default&#8221; desktop_text_alignment=&#8221;default&#8221; tablet_text_alignment=&#8221;default&#8221; phone_text_alignment=&#8221;default&#8221; background_color=&#8221;#ffffff&#8221; background_color_opacity=&#8221;1&#8243; background_hover_color_opacity=&#8221;1&#8243; column_backdrop_filter=&#8221;none&#8221; column_shadow=&#8221;custom&#8221; column_border_radius=&#8221;none&#8221; column_link_target=&#8221;_self&#8221; column_position=&#8221;default&#8221; el_class=&#8221;oscroll&#8221; gradient_direction=&#8221;left_to_right&#8221; overlay_strength=&#8221;0.3&#8243; width=&#8221;8\/12&#8243; tablet_width_inherit=&#8221;default&#8221; animation_type=&#8221;default&#8221; bg_image_animation=&#8221;none&#8221; border_type=&#8221;simple&#8221; column_border_width=&#8221;none&#8221; column_border_style=&#8221;solid&#8221; column_padding_type=&#8221;advanced&#8221; custom_box_shadow=&#8221;horizontal:0,vertical:0,blur:10,spread:0,opacity:0.15&#8243; gradient_type=&#8221;default&#8221;][vc_column_text css=&#8221;.vc_custom_1750056072267{margin-bottom: 50px !important;}&#8221;]\n<table width=\"642\">\n<thead>\n<tr>\n<td width=\"90\"><strong>Date<\/strong><\/td>\n<td width=\"72\"><strong>Hour<\/strong><\/td>\n<td width=\"228\"><strong>Concert \/ Event<\/strong><\/td>\n<td width=\"138\"><strong>Place<\/strong><\/td>\n<td width=\"114\"><strong>Ticket<a href=\"#_ftn1\" name=\"_ftnref1\"><sup>[1]<\/sup><\/a><\/strong><\/td>\n<\/tr>\n<tr>\n<td width=\"90\">Saturday,<\/p>\n<p>5 July<\/td>\n<td width=\"72\">19.30<\/td>\n<td width=\"228\"><strong>TRANSYLVANIA BAROQUE ENSEMBLE <\/strong>\/ RO<\/td>\n<td width=\"138\">Cinema Cs\u00edki Mozi<\/td>\n<td width=\"114\">30\/20 lei<\/td>\n<\/tr>\n<tr>\n<td rowspan=\"2\" width=\"90\">Sunday,<\/p>\n<p>6 July<\/td>\n<td width=\"72\">12.00<\/td>\n<td width=\"228\"><strong>CARMINA RENASCENTIA<\/strong> \/ RO<\/td>\n<td width=\"138\">Unitarian Church<\/td>\n<td width=\"114\">Admission free<\/td>\n<\/tr>\n<tr>\n<td width=\"72\">19.30<\/td>\n<td width=\"228\"><strong>Opening Ceremony of the Festival<\/strong><\/p>\n<p><strong>CLUJ BAROQUE ORCHESTRA<\/strong> \/ RO<\/td>\n<td width=\"138\">Franciscan Church of \u0218umuleu Ciuc \u2013 Basilica Minor Papalis<\/td>\n<td width=\"114\">30\/20 lei<\/td>\n<\/tr>\n<tr>\n<td rowspan=\"3\" width=\"90\">Monday,<\/p>\n<p>7 July<\/td>\n<td width=\"72\">10.00<\/td>\n<td width=\"228\"><strong>\u201cWITH PIPES, DRUMS, FIDDLES\u201d<\/strong><\/td>\n<td width=\"138\">Zeng\u0151 T\u00e9r Cultural Center<\/td>\n<td width=\"114\">30 lei<\/td>\n<\/tr>\n<tr>\n<td width=\"72\">18.00<\/td>\n<td width=\"228\"><strong>CONCERTO SPIRALIS \/ <\/strong>RO, HU<\/td>\n<td width=\"138\">Reformed Church<\/td>\n<td width=\"114\">30\/20 lei<\/td>\n<\/tr>\n<tr>\n<td width=\"72\">21.00<\/td>\n<td width=\"228\"><strong>K\u00d3NYA ISTV\u00c1N <\/strong>\/ HU<\/td>\n<td width=\"138\">Roman Catholic Church Holy Cross<\/td>\n<td width=\"114\">20\/15 lei<\/td>\n<\/tr>\n<tr>\n<td rowspan=\"3\" width=\"90\">Tuesday,<\/p>\n<p>8 July<\/td>\n<td width=\"72\">10.00<\/td>\n<td width=\"228\"><strong>\u201cWITH PIPES, DRUMS, FIDDLES\u201d<\/strong><\/td>\n<td width=\"138\">Zeng\u0151 T\u00e9r Cultural Center<\/td>\n<td width=\"114\">30 lei<\/td>\n<\/tr>\n<tr>\n<td width=\"72\">18.00<\/td>\n<td width=\"228\"><strong>CODEX<\/strong> \/ RO<\/td>\n<td width=\"138\">Mik\u00f3 Castle<\/p>\n<p>&nbsp;<\/td>\n<td width=\"114\">Admission free<\/td>\n<\/tr>\n<tr>\n<td width=\"72\">21.00<\/td>\n<td width=\"228\"><strong>SALAT-ZAKARI\u00c1S SOMA<\/strong> &amp; <strong>JOAN BORONAT SANZ<\/strong> \/ CH<\/td>\n<td width=\"138\">Cinema Cs\u00edki Mozi<\/td>\n<td width=\"114\">20\/15 lei<\/td>\n<\/tr>\n<tr>\n<td rowspan=\"3\" width=\"90\">Wednesday,<\/p>\n<p>9 July<\/p>\n<p>&nbsp;<\/td>\n<td width=\"72\">17.00<\/td>\n<td width=\"228\"><strong>KAR\u00c1CSONY NO\u00c9MI <\/strong>&amp; <strong>PAUL CRISTIAN<\/strong> \/ RO<\/td>\n<td width=\"138\">Saint L\u00e1szl\u00f3 Church (Frumoasa) \ud83d\ude8c<\/td>\n<td width=\"114\">Admission free<\/td>\n<\/tr>\n<tr>\n<td width=\"72\">20.00<\/td>\n<td width=\"228\"><strong>K\u00d3NYA ISTV\u00c1N<\/strong> \/ HU<\/td>\n<td width=\"138\">Castelul L\u00e1z\u00e1r (Laz\u0103rea)<\/p>\n<p>&nbsp;<\/td>\n<td width=\"114\">Admission free<\/td>\n<\/tr>\n<tr>\n<td width=\"72\">21.00<\/td>\n<td width=\"228\"><strong>CIPRIANA SM\u0102R\u0102NDESCU<\/strong> \/ IT<\/td>\n<td width=\"138\">Cinema Cs\u00edki Mozi<\/td>\n<td width=\"114\">20\/15 lei<\/td>\n<\/tr>\n<tr>\n<td width=\"90\">Thursday,<\/p>\n<p>10 July<\/td>\n<td width=\"72\">19.00<\/td>\n<td width=\"228\"><strong>MIRA GLODEANU <\/strong>&amp; <strong>SEMPRE <\/strong>\/ RO<\/td>\n<td width=\"138\">Cinema Cs\u00edki Mozi<\/td>\n<td width=\"114\">30\/20 lei<\/td>\n<\/tr>\n<tr>\n<td rowspan=\"2\" width=\"90\">Friday,<\/p>\n<p>11 July<\/td>\n<td width=\"72\">15.00<\/td>\n<td width=\"228\"><strong>CLOSING CONCERT OF THE 17th EARLY MUSIC SUMMER UNIVERSITY<\/strong><\/td>\n<td width=\"138\">Nagy \u00a0 Art School<\/td>\n<td width=\"114\">Admission free<\/td>\n<\/tr>\n<tr>\n<td width=\"72\">19.00<\/td>\n<td width=\"228\"><strong>BAROQUE FESTIVAL ORCHESTRA \/ <\/strong>RO, HU, DE<\/td>\n<td width=\"138\">Saint Augustin Church<\/td>\n<td width=\"114\">50\/30 lei<\/td>\n<\/tr>\n<tr>\n<td rowspan=\"3\" width=\"90\">Saturday,<\/p>\n<p>12 July<\/p>\n<p>&nbsp;<\/td>\n<td width=\"72\">10.00<\/td>\n<td width=\"228\"><strong>Children\u2019s Renaissance Day<\/strong><\/td>\n<td rowspan=\"3\" width=\"138\">Mik\u00f3 Castle<\/td>\n<td width=\"114\">15 lei<\/td>\n<\/tr>\n<tr>\n<td width=\"72\">19.00<\/td>\n<td width=\"228\"><strong>MUSICA HISTORICA <\/strong>\/ HU<\/td>\n<td rowspan=\"2\" width=\"114\">30\/20 lei<\/td>\n<\/tr>\n<tr>\n<td width=\"72\">20.00<\/td>\n<td width=\"228\"><strong>Renaissance Dance event<\/strong><\/td>\n<\/tr>\n<tr>\n<td rowspan=\"2\" width=\"90\">Sunday,<\/p>\n<p>13 July<\/td>\n<td width=\"72\">12.00<\/td>\n<td width=\"228\"><strong>ALLEGRA BAROQUE ORCHESTRA <\/strong>\/ RO<\/td>\n<td width=\"138\">Unitarian Church<\/td>\n<td width=\"114\">Admission free<\/td>\n<\/tr>\n<tr>\n<td width=\"72\">19.30<\/td>\n<td width=\"228\"><strong>LAUDATE CHAMBER CHOIR <\/strong>\/ RO<\/td>\n<td width=\"138\">Franciscan Church of \u0218umuleu Ciuc \u2013 Basilica Minor Papalis<\/td>\n<td width=\"114\">Admission free<\/td>\n<\/tr>\n<\/thead>\n<\/table>\n<p><a href=\"#_ftnref1\" name=\"_ftn1\">[1]<\/a> In addition to full-price tickets, we also provide discounted tickets for students and pensioners.<\/p>\n<p>&nbsp;<\/p>\n<p>Istv\u00e1n<\/p>\n<p>CONCERT PASS: the price of the concert pass valid for all concerts of the festival is <strong>200 lei\/person<\/strong>, for students and pensioners <strong>150 lei\/person<\/strong>.<\/p>\n<p>Tickets and passes can be purchased in advance and during the festival at the Harghita County Cultural Centre (3\/A, Mihai Eminescu), or at the concert venue one hour before the performances.<\/p>\n<p>Admission for children under 14 years is free.<\/p>\n<p><a href=\"#_ftnref1\" name=\"_ftn1\">[1]<\/a> In addition to full-price tickets, we also provide discounted tickets for students and pensioners.[\/vc_column_text][\/vc_column][vc_column column_padding=&#8221;no-extra-padding&#8221; column_padding_tablet=&#8221;inherit&#8221; column_padding_phone=&#8221;inherit&#8221; column_padding_position=&#8221;all&#8221; column_element_direction_desktop=&#8221;default&#8221; column_element_spacing=&#8221;default&#8221; desktop_text_alignment=&#8221;default&#8221; tablet_text_alignment=&#8221;default&#8221; phone_text_alignment=&#8221;default&#8221; background_color_opacity=&#8221;1&#8243; background_hover_color_opacity=&#8221;1&#8243; column_backdrop_filter=&#8221;none&#8221; column_shadow=&#8221;none&#8221; column_border_radius=&#8221;none&#8221; column_link_target=&#8221;_self&#8221; column_position=&#8221;default&#8221; el_class=&#8221;contact-image&#8221; gradient_direction=&#8221;left_to_right&#8221; overlay_strength=&#8221;0.3&#8243; width=&#8221;4\/12&#8243; tablet_width_inherit=&#8221;default&#8221; animation_type=&#8221;default&#8221; bg_image_animation=&#8221;none&#8221; border_type=&#8221;simple&#8221; column_border_width=&#8221;none&#8221; column_border_style=&#8221;solid&#8221; column_padding_type=&#8221;default&#8221; gradient_type=&#8221;default&#8221;][image_with_animation image_url=&#8221;75&#8243; image_size=&#8221;full&#8221; animation_type=&#8221;entrance&#8221; animation=&#8221;None&#8221; animation_movement_type=&#8221;transform_y&#8221; hover_animation=&#8221;none&#8221; alignment=&#8221;&#8221; border_radius=&#8221;none&#8221; box_shadow=&#8221;none&#8221; image_loading=&#8221;default&#8221; max_width=&#8221;100%&#8221; max_width_mobile=&#8221;default&#8221; el_class=&#8221;hide-mobile&#8221; margin_top=&#8221;100px&#8221;][\/vc_column][\/vc_row]\n","protected":false},"excerpt":{"rendered":"<p>[vc_row type=&#8221;full_width_background&#8221; full_screen_row_position=&#8221;middle&#8221; column_margin=&#8221;default&#8221; column_direction=&#8221;default&#8221; column_direction_tablet=&#8221;default&#8221; column_direction_phone=&#8221;default&#8221; bg_color=&#8221;#fafafa&#8221; scene_position=&#8221;center&#8221; top_padding=&#8221;5%&#8221; bottom_padding=&#8221;5%&#8221; text_color=&#8221;dark&#8221; text_align=&#8221;left&#8221; row_border_radius=&#8221;none&#8221; row_border_radius_applies=&#8221;bg&#8221; overflow=&#8221;visible&#8221; overlay_strength=&#8221;0.3&#8243; gradient_direction=&#8221;left_to_right&#8221; shape_divider_position=&#8221;bottom&#8221; bg_image_animation=&#8221;none&#8221; gradient_type=&#8221;default&#8221; shape_type=&#8221;&#8221;][vc_column top_padding_desktop=&#8221;60px&#8221; bottom_padding_desktop=&#8221;60px&#8221; left_padding_desktop=&#8221;100px&#8221; right_padding_desktop=&#8221;100px&#8221; top_margin=&#8221;-200px&#8221; column_element_direction_desktop=&#8221;default&#8221; column_element_spacing=&#8221;default&#8221; desktop_text_alignment=&#8221;default&#8221;&#8230;<\/p>\n","protected":false},"author":1,"featured_media":0,"parent":0,"menu_order":0,"comment_status":"closed","ping_status":"closed","template":"","meta":{"footnotes":""},"class_list":["post-655","page","type-page","status-publish"],"yoast_head":"<!-- This site is optimized with the Yoast SEO plugin v27.5 - https:\/\/yoast.com\/product\/yoast-seo-wordpress\/ -->\n<title>Tickets - Regizene<\/title>\n<meta name=\"robots\" content=\"index, follow, max-snippet:-1, max-image-preview:large, max-video-preview:-1\" \/>\n<link rel=\"canonical\" href=\"https:\/\/regizene.ro\/2025\/en\/tickets\/\" \/>\n<meta property=\"og:locale\" content=\"hu_HU\" \/>\n<meta property=\"og:type\" content=\"article\" \/>\n<meta property=\"og:title\" content=\"Tickets - Regizene\" \/>\n<meta property=\"og:description\" content=\"[vc_row type=&#8221;full_width_background&#8221; full_screen_row_position=&#8221;middle&#8221; column_margin=&#8221;default&#8221; column_direction=&#8221;default&#8221; column_direction_tablet=&#8221;default&#8221; column_direction_phone=&#8221;default&#8221; bg_color=&#8221;#fafafa&#8221; scene_position=&#8221;center&#8221; top_padding=&#8221;5%&#8221; bottom_padding=&#8221;5%&#8221; text_color=&#8221;dark&#8221; text_align=&#8221;left&#8221; row_border_radius=&#8221;none&#8221; row_border_radius_applies=&#8221;bg&#8221; overflow=&#8221;visible&#8221; overlay_strength=&#8221;0.3&#8243; gradient_direction=&#8221;left_to_right&#8221; shape_divider_position=&#8221;bottom&#8221; bg_image_animation=&#8221;none&#8221; gradient_type=&#8221;default&#8221; shape_type=&#8221;&#8221;][vc_column top_padding_desktop=&#8221;60px&#8221; bottom_padding_desktop=&#8221;60px&#8221; left_padding_desktop=&#8221;100px&#8221; right_padding_desktop=&#8221;100px&#8221; top_margin=&#8221;-200px&#8221; column_element_direction_desktop=&#8221;default&#8221; column_element_spacing=&#8221;default&#8221; desktop_text_alignment=&#8221;default&#8221;...\" \/>\n<meta property=\"og:url\" content=\"https:\/\/regizene.ro\/2025\/en\/tickets\/\" \/>\n<meta property=\"og:site_name\" content=\"Regizene\" \/>\n<meta property=\"article:modified_time\" content=\"2025-07-08T10:36:43+00:00\" \/>\n<meta name=\"twitter:card\" content=\"summary_large_image\" \/>\n<meta name=\"twitter:label1\" content=\"Becs\u00fclt olvas\u00e1si id\u0151\" \/>\n\t<meta name=\"twitter:data1\" content=\"3 perc\" \/>\n<script type=\"application\/ld+json\" class=\"yoast-schema-graph\">{\"@context\":\"https:\\\/\\\/schema.org\",\"@graph\":[{\"@type\":\"WebPage\",\"@id\":\"https:\\\/\\\/regizene.ro\\\/2025\\\/en\\\/tickets\\\/\",\"url\":\"https:\\\/\\\/regizene.ro\\\/2025\\\/en\\\/tickets\\\/\",\"name\":\"Tickets - Regizene\",\"isPartOf\":{\"@id\":\"https:\\\/\\\/regizene.ro\\\/2025\\\/#website\"},\"datePublished\":\"2023-07-05T09:18:38+00:00\",\"dateModified\":\"2025-07-08T10:36:43+00:00\",\"breadcrumb\":{\"@id\":\"https:\\\/\\\/regizene.ro\\\/2025\\\/en\\\/tickets\\\/#breadcrumb\"},\"inLanguage\":\"hu\",\"potentialAction\":[{\"@type\":\"ReadAction\",\"target\":[\"https:\\\/\\\/regizene.ro\\\/2025\\\/en\\\/tickets\\\/\"]}]},{\"@type\":\"BreadcrumbList\",\"@id\":\"https:\\\/\\\/regizene.ro\\\/2025\\\/en\\\/tickets\\\/#breadcrumb\",\"itemListElement\":[{\"@type\":\"ListItem\",\"position\":1,\"name\":\"Kezd\u0151lap\",\"item\":\"https:\\\/\\\/regizene.ro\\\/2025\\\/\"},{\"@type\":\"ListItem\",\"position\":2,\"name\":\"Tickets\"}]},{\"@type\":\"WebSite\",\"@id\":\"https:\\\/\\\/regizene.ro\\\/2025\\\/#website\",\"url\":\"https:\\\/\\\/regizene.ro\\\/2025\\\/\",\"name\":\"Regizene\",\"description\":\"\",\"potentialAction\":[{\"@type\":\"SearchAction\",\"target\":{\"@type\":\"EntryPoint\",\"urlTemplate\":\"https:\\\/\\\/regizene.ro\\\/2025\\\/?s={search_term_string}\"},\"query-input\":{\"@type\":\"PropertyValueSpecification\",\"valueRequired\":true,\"valueName\":\"search_term_string\"}}],\"inLanguage\":\"hu\"}]}<\/script>\n<!-- \/ Yoast SEO plugin. -->","yoast_head_json":{"title":"Tickets - Regizene","robots":{"index":"index","follow":"follow","max-snippet":"max-snippet:-1","max-image-preview":"max-image-preview:large","max-video-preview":"max-video-preview:-1"},"canonical":"https:\/\/regizene.ro\/2025\/en\/tickets\/","og_locale":"hu_HU","og_type":"article","og_title":"Tickets - Regizene","og_description":"[vc_row type=&#8221;full_width_background&#8221; full_screen_row_position=&#8221;middle&#8221; column_margin=&#8221;default&#8221; column_direction=&#8221;default&#8221; column_direction_tablet=&#8221;default&#8221; column_direction_phone=&#8221;default&#8221; bg_color=&#8221;#fafafa&#8221; scene_position=&#8221;center&#8221; top_padding=&#8221;5%&#8221; bottom_padding=&#8221;5%&#8221; text_color=&#8221;dark&#8221; text_align=&#8221;left&#8221; row_border_radius=&#8221;none&#8221; row_border_radius_applies=&#8221;bg&#8221; overflow=&#8221;visible&#8221; overlay_strength=&#8221;0.3&#8243; gradient_direction=&#8221;left_to_right&#8221; shape_divider_position=&#8221;bottom&#8221; bg_image_animation=&#8221;none&#8221; gradient_type=&#8221;default&#8221; shape_type=&#8221;&#8221;][vc_column top_padding_desktop=&#8221;60px&#8221; bottom_padding_desktop=&#8221;60px&#8221; left_padding_desktop=&#8221;100px&#8221; right_padding_desktop=&#8221;100px&#8221; top_margin=&#8221;-200px&#8221; column_element_direction_desktop=&#8221;default&#8221; column_element_spacing=&#8221;default&#8221; desktop_text_alignment=&#8221;default&#8221;...","og_url":"https:\/\/regizene.ro\/2025\/en\/tickets\/","og_site_name":"Regizene","article_modified_time":"2025-07-08T10:36:43+00:00","twitter_card":"summary_large_image","twitter_misc":{"Becs\u00fclt olvas\u00e1si id\u0151":"3 perc"},"schema":{"@context":"https:\/\/schema.org","@graph":[{"@type":"WebPage","@id":"https:\/\/regizene.ro\/2025\/en\/tickets\/","url":"https:\/\/regizene.ro\/2025\/en\/tickets\/","name":"Tickets - Regizene","isPartOf":{"@id":"https:\/\/regizene.ro\/2025\/#website"},"datePublished":"2023-07-05T09:18:38+00:00","dateModified":"2025-07-08T10:36:43+00:00","breadcrumb":{"@id":"https:\/\/regizene.ro\/2025\/en\/tickets\/#breadcrumb"},"inLanguage":"hu","potentialAction":[{"@type":"ReadAction","target":["https:\/\/regizene.ro\/2025\/en\/tickets\/"]}]},{"@type":"BreadcrumbList","@id":"https:\/\/regizene.ro\/2025\/en\/tickets\/#breadcrumb","itemListElement":[{"@type":"ListItem","position":1,"name":"Kezd\u0151lap","item":"https:\/\/regizene.ro\/2025\/"},{"@type":"ListItem","position":2,"name":"Tickets"}]},{"@type":"WebSite","@id":"https:\/\/regizene.ro\/2025\/#website","url":"https:\/\/regizene.ro\/2025\/","name":"Regizene","description":"","potentialAction":[{"@type":"SearchAction","target":{"@type":"EntryPoint","urlTemplate":"https:\/\/regizene.ro\/2025\/?s={search_term_string}"},"query-input":{"@type":"PropertyValueSpecification","valueRequired":true,"valueName":"search_term_string"}}],"inLanguage":"hu"}]}},"_links":{"self":[{"href":"https:\/\/regizene.ro\/2025\/wp-json\/wp\/v2\/pages\/655","targetHints":{"allow":["GET"]}}],"collection":[{"href":"https:\/\/regizene.ro\/2025\/wp-json\/wp\/v2\/pages"}],"about":[{"href":"https:\/\/regizene.ro\/2025\/wp-json\/wp\/v2\/types\/page"}],"author":[{"embeddable":true,"href":"https:\/\/regizene.ro\/2025\/wp-json\/wp\/v2\/users\/1"}],"replies":[{"embeddable":true,"href":"https:\/\/regizene.ro\/2025\/wp-json\/wp\/v2\/comments?post=655"}],"version-history":[{"count":24,"href":"https:\/\/regizene.ro\/2025\/wp-json\/wp\/v2\/pages\/655\/revisions"}],"predecessor-version":[{"id":1766,"href":"https:\/\/regizene.ro\/2025\/wp-json\/wp\/v2\/pages\/655\/revisions\/1766"}],"wp:attachment":[{"href":"https:\/\/regizene.ro\/2025\/wp-json\/wp\/v2\/media?parent=655"}],"curies":[{"name":"wp","href":"https:\/\/api.w.org\/{rel}","templated":true}]}}